{"id":11,"date":"2013-04-21T17:31:23","date_gmt":"2013-04-21T15:31:23","guid":{"rendered":"http:\/\/www.new.kojsov.sk\/?page_id=11"},"modified":"2013-09-14T18:03:43","modified_gmt":"2013-09-14T16:03:43","slug":"symboly-obce","status":"publish","type":"page","link":"https:\/\/www.kojsov.sk\/?page_id=11","title":{"rendered":"Symboly obce"},"content":{"rendered":"<p><span style=\"font-size: 14px;\">\u00a0 \u00a0 \u00a0 \u00a0 \u00a0 Erb, pe\u010da\u0165 a vlajka tvoria trojicu z\u00e1kladn\u00fdch symbolov obce. na tvorbu ka\u017ed\u00e9ho z nich sa vz\u0165ahuj\u00fa osobitn\u00e9 heraldick\u00e9 (n\u00e1uka o erboch), vexilologick\u00e9 (n\u00e1uka o vlajk\u00e1ch) a sigilografick\u00e9 (n\u00e1uka o pe\u010datiach) z\u00e1konitosti, pravidl\u00e1 a zvyklosti.\u00a0<\/span><\/p>\n<p><a href=\"http:\/\/www.new.kojsov.sk\/wp-content\/uploads\/2013\/04\/kojsov.gif\" data-rel=\"lightbox-image-0\" data-rl_title=\"\" data-rl_caption=\"\" title=\"\"><img loading=\"lazy\" class=\"wp-image-130 aligncenter\" style=\"border: 0px;\" alt=\"erb\" src=\"http:\/\/www.new.kojsov.sk\/wp-content\/uploads\/2013\/04\/kojsov-262x300.gif\" width=\"93\" height=\"105\" \/><\/a><\/p>\n<p style=\"text-align: center;\">\u00a0 \u00a0 \u00a0 <em><strong>V \u010dervenom \u0161t\u00edte pod striebornou zlatovlasou, zlatokr\u00eddlou hlavou anjelika a striebornou \u0161tvorlupe\u0148ovou ru\u017eou strieborn\u00e9ho brvna prekr\u00ed\u017een\u00e9ho striebornou \u0161es\u0165zubou p\u00edlou, po bokoch dve rovnak\u00e9 ru\u017ei\u010dky na zelen\u00fdch listn\u00fdch stopk\u00e1ch.<\/strong><\/em><\/p>\n<p style=\"text-align: center;\">\/ V zmysle heraldickej konvencie je mo\u017en\u00e9 strieborn\u00fa pod\u013ea potreby zamie\u0148a\u0165 aj bielou, zlat\u00fa zo \u017eltou, pri\u010dom s\u00fa v\u0161ak tieto farby v\u017edy popisovan\u00e9 ako strieborn\u00e1 a zlat\u00e1. \/<\/p>\n<p>&nbsp;<\/p>\n<p style=\"text-align: center;\"><a href=\"http:\/\/www.new.kojsov.sk\/wp-content\/uploads\/2013\/04\/pecat.gif\" data-rel=\"lightbox-image-1\" data-rl_title=\"\" data-rl_caption=\"\" title=\"\"><img loading=\"lazy\" class=\"wp-image-131 aligncenter\" style=\"border: 0px;\" alt=\"pecat\" src=\"http:\/\/www.new.kojsov.sk\/wp-content\/uploads\/2013\/04\/pecat-300x300.gif\" width=\"100\" height=\"105\" \/><\/a><\/p>\n<p>&nbsp;<\/p>\n<p style=\"text-align: center;\"><em><strong>Pe\u010da\u0165 obce je okr\u00fahla, uprostred s obecn\u00fdm symbolom a kruhopisom OBEC KOJ\u0160OV. Pe\u010da\u0165 m\u00e1 priemer 35mm, \u010do je v s\u00falade s dom\u00e1cimi zvyklos\u0165ami a predpismi o pou\u017e\u00edvan\u00ed pe\u010diatok s obecn\u00fdmi symbolmi.<\/strong><\/em><\/p>\n<p>\u00a0 \u00a0<a href=\"http:\/\/www.new.kojsov.sk\/wp-content\/uploads\/2013\/04\/vlajka-kojsov.gif\" data-rel=\"lightbox-image-2\" data-rl_title=\"\" data-rl_caption=\"\" title=\"\"><img loading=\"lazy\" class=\"wp-image-132 aligncenter\" style=\"border: 0px;\" alt=\"vlajka\" src=\"http:\/\/www.new.kojsov.sk\/wp-content\/uploads\/2013\/04\/vlajka-kojsov-256x300.gif\" width=\"93\" height=\"105\" \/><\/a><\/p>\n<p>&nbsp;<\/p>\n<p style=\"text-align: center;\"><em><strong><span style=\"font-size: 12px;\">Vlajka obce pozost\u00e1va zo siedmich pozd\u013a\u017enych pruhov vo farb\u00e1ch zelenej (1\/10), bielej\u00a0(1\/10), \u017eltej\u00a0(1\/10), \u010dervenej\u00a0(4\/10), \u017eltej\u00a0(1\/10), bielej\u00a0(1\/10), zelenej\u00a0(1\/10). Vlajka m\u00e1 pomer str\u00e1n 2:3 a ukon\u010den\u00e1 je tromi c\u00edpmi, t. j. dvomi z\u00e1strihmi, siahaj\u00facimi do tretiny jej listu.\u00a0<\/span><\/strong><\/em><\/p>\n","protected":false},"excerpt":{"rendered":"<p>\u00a0 \u00a0 \u00a0 \u00a0 \u00a0 Erb, pe\u010da\u0165 a vlajka tvoria trojicu z\u00e1kladn\u00fdch symbolov obce. na tvorbu ka\u017ed\u00e9ho z nich sa vz\u0165ahuj\u00fa osobitn\u00e9 heraldick\u00e9 (n\u00e1uka o erboch), vexilologick\u00e9 (n\u00e1uka o vlajk\u00e1ch) a sigilografick\u00e9 (n\u00e1uka o pe\u010datiach) z\u00e1konitosti, pravidl\u00e1 a zvyklosti.\u00a0 \u00a0 \u00a0 \u00a0 V \u010dervenom \u0161t\u00edte pod striebornou zlatovlasou, zlatokr\u00eddlou hlavou anjelika a striebornou \u0161tvorlupe\u0148ovou ru\u017eou &hellip; <\/p>\n<p><a class=\"more-link btn\" href=\"https:\/\/www.kojsov.sk\/?page_id=11\">Chcem vedie\u0165 viac<\/a><\/p>\n","protected":false},"author":1,"featured_media":0,"parent":0,"menu_order":0,"comment_status":"closed","ping_status":"closed","template":"","meta":[],"_links":{"self":[{"href":"https:\/\/www.kojsov.sk\/index.php?rest_route=\/wp\/v2\/pages\/11"}],"collection":[{"href":"https:\/\/www.kojsov.sk\/index.php?rest_route=\/wp\/v2\/pages"}],"about":[{"href":"https:\/\/www.kojsov.sk\/index.php?rest_route=\/wp\/v2\/types\/page"}],"author":[{"embeddable":true,"href":"https:\/\/www.kojsov.sk\/index.php?rest_route=\/wp\/v2\/users\/1"}],"replies":[{"embeddable":true,"href":"https:\/\/www.kojsov.sk\/index.php?rest_route=%2Fwp%2Fv2%2Fcomments&post=11"}],"version-history":[{"count":6,"href":"https:\/\/www.kojsov.sk\/index.php?rest_route=\/wp\/v2\/pages\/11\/revisions"}],"predecessor-version":[{"id":129,"href":"https:\/\/www.kojsov.sk\/index.php?rest_route=\/wp\/v2\/pages\/11\/revisions\/129"}],"wp:attachment":[{"href":"https:\/\/www.kojsov.sk\/index.php?rest_route=%2Fwp%2Fv2%2Fmedia&parent=11"}],"curies":[{"name":"wp","href":"https:\/\/api.w.org\/{rel}","templated":true}]}}