{"id":2819,"date":"2015-08-23T14:35:38","date_gmt":"2015-08-23T13:35:38","guid":{"rendered":"http:\/\/www.kojsov.sk\/?page_id=2819"},"modified":"2016-01-28T17:45:53","modified_gmt":"2016-01-28T16:45:53","slug":"priestory-na-prenajom","status":"publish","type":"page","link":"https:\/\/www.kojsov.sk\/?page_id=2819","title":{"rendered":"Priestory na pren\u00e1jom"},"content":{"rendered":"<h2><strong>V\u00fdrobn\u00e9 haly &#8211; Koj\u0161ov<\/strong><\/h2>\n<hr \/>\n<h2><\/h2>\n<h4><strong>Opis priemyseln\u00e9ho parku:<\/strong><\/h4>\n<h5>K\u00a0dispoz\u00edcii s\u00fa 2 samostatne stojace novo-vybudovan\u00e9 haly obd\u013a\u017en\u00edkov\u00e9ho tvaru (16m x 31m), postaven\u00e9 v\u00a0roku 2009 o\u00a0rozlohe 2 x 490m\u00b2, ktor\u00e9 s\u00fa vhodn\u00e9 ako v\u00fdrobn\u00e9 alebo skladovacie priestory. Svetl\u00e1 v\u00fd\u0161ka vn\u00fatorn\u00fdch priestorov je 4,8 m.<\/h5>\n<h5>Haly s\u00fa vybaven\u00e9 hladk\u00fdmi bet\u00f3nov\u00fdmi podlahami, ktor\u00e9 s\u00fa vhodn\u00e9 aj pre vysok\u00e9 za\u0165a\u017eenie.<\/h5>\n<h5>S\u00fa postaven\u00e9 z\u00a0oce\u013eov\u00fdch kon\u0161trukci\u00ed, ktor\u00e9 s\u00fa opl\u00e1\u0161ten\u00e9 sendvi\u010dov\u00fdmi panelmi, ktor\u00e9 sa vyzna\u010duj\u00fa ve\u013emi dobr\u00fdmi tepelno-izola\u010dn\u00fdmi vlastnos\u0165ami (v zimnom obdob\u00ed &#8211; n\u00edzke n\u00e1klady na k\u00farenie, v\u00a0letnom obdob\u00ed \u2013 pr\u00edjemn\u00e1 kl\u00edma).<\/h5>\n<h5>Vykurovanie h\u00e1l je zabezpe\u010den\u00e9 prostredn\u00edctvom plynov\u00fdch kotlov, ako vykurovacie teles\u00e1 s\u00fa po stran\u00e1ch h\u00e1l rozmiestnen\u00e9 vykurovacie registre.<\/h5>\n<h5>Osvetlenie h\u00e1l je rie\u0161en\u00e9 vysokov\u00fdkonn\u00fdmi n\u00edzko-energetick\u00fdmi svietidlami, ktor\u00e9 s\u00fa zapojen\u00e9 v\u00a0\u0161tyroch radoch, t.j. ka\u017ed\u00fd sveteln\u00fd rad je mo\u017en\u00e9 zap\u00edna\u0165 samostatne.<\/h5>\n<h5>Ka\u017ed\u00e1 hala je vybaven\u00e9 dvoma vstupn\u00fdmi rolovac\u00edmi br\u00e1nami o\u00a0rozmeroch: v\u00fd\u0161ka 3,2m, \u0161\u00edrka 2,8 m.<\/h5>\n<h5>Haly s\u00fa vybaven\u00e9 kancel\u00e1rskymi priestormi, kuchynkami, oddychovou miestnos\u0165ou, soci\u00e1lnymi zariadeniami \u2013 zvl\u00e1\u0161\u0165 pre zamestnancov a mana\u017ement, sprchami.<\/h5>\n<h5>V\u00a0celom are\u00e1li priemyseln\u00e9ho parku s\u00fa asfaltov\u00e9 plochy, are\u00e1l je oploten\u00fd pletivom v\u00fd\u0161ky 2m. Vstup do are\u00e1lu je cez most a\u00a0uzamykate\u013en\u00fa vstupn\u00fa br\u00e1nu. Vonkaj\u0161ie priestory are\u00e1lu s\u00fa osvetlen\u00e9.<\/h5>\n<hr \/>\n<h4><strong>Technick\u00e1 vybavenos\u0165 parku:<\/strong><\/h4>\n<ul>\n<li><strong>Energetick\u00e1 kapacita:<\/strong>\u00a0 \u00a0 \u00a0 \u00a0 \u00a0 \u00a0 \u00a0 \u00a0 \u00a0 \u00a0 NN pr\u00edpojka, transform\u00e1tor, kapacita 400 kVA<\/li>\n<li><strong>Spla\u0161kov\u00e1 kanaliz\u00e1cia:<\/strong> \u00a0 \u00a0 \u00a0 \u00a0 \u00a0 \u00a0 \u00a0 \u00a0 \u00a0PVC, DN 300 zaveden\u00e1 do \u010cOV v spr\u00e1ve obce Koj\u0161ov<\/li>\n<li><strong>Da\u017e\u010fov\u00e1 kanaliz\u00e1cia:<\/strong> \u00a0 \u00a0 \u00a0 \u00a0 \u00a0 \u00a0 \u00a0 \u00a0 \u00a0 \u00a0 gravita\u010dne odveden\u00e1 aj z uli\u010dn\u00fdch vpust\u00ed do reten\u010dnej n\u00e1dr\u017ee<\/li>\n<li><strong>Vodovod: \u00a0 \u00a0<\/strong>\u00a0 \u00a0 \u00a0 \u00a0 \u00a0 \u00a0 \u00a0 \u00a0 \u00a0 \u00a0 \u00a0 \u00a0 \u00a0 \u00a0 \u00a0 \u00a0 \u00a0 \u00a0 \u00a0 \u00a0 vn\u00fatroare\u00e1lov\u00e9 rozvody DN 100<\/li>\n<li><strong>Plynovod: \u00a0<\/strong>\u00a0 \u00a0 \u00a0 \u00a0 \u00a0 \u00a0 \u00a0 \u00a0 \u00a0 \u00a0 \u00a0 \u00a0 \u00a0 \u00a0 \u00a0 \u00a0 \u00a0 \u00a0 \u00a0 \u00a0 \u00a0are\u00e1l je napojen\u00fd na jestvuj\u00facu STL<\/li>\n<li><strong>Plochy are\u00e1lu:<\/strong>\u00a0 \u00a0 \u00a0 \u00a0 \u00a0 \u00a0 \u00a0 \u00a0 \u00a0 \u00a0 \u00a0 \u00a0 \u00a0 \u00a0 \u00a0 \u00a0 \u00a0 \u00a0plochy v celom are\u00e1li s\u00fa asfaltov\u00e9<\/li>\n<\/ul>\n<hr \/>\n<h4><strong>Infra\u0161trukt\u00fara:<\/strong><\/h4>\n<p>Napojenie priemyseln\u00e9ho parku po ceste III. triedy cca 4 km na cesty I.triedy: I\/547 smer Ko\u0161ice a II\/546 smer Spi\u0161sk\u00e1 Nov\u00e1 Ves.<\/p>\n<p>\u017delezni\u010dn\u00e1 tra\u0165 \u017dilina &#8211; Ko\u0161ice ved\u00faca cez Margecany \u2013 vzdialenos\u0165 9 km.<\/p>\n<hr \/>\n<h4><strong>Pren\u00e1jom:<\/strong><\/h4>\n<p><strong>V\u00fd\u0161ka n\u00e1jmu: 1,5 \u20ac \/ m\u00b2 \/ mesiac \u00a0| \u00a0t.j. 18 \u20ac \/ m\u00b2 \/ rok<\/strong><\/p>\n<p><strong>Cena pren\u00e1jmu je orienta\u010dn\u00e1, kone\u010dn\u00e1 v\u00fd\u0161ka bude ur\u010den\u00e1 dohodou medzi obcou Koj\u0161ov a\u00a0n\u00e1jomn\u00edkom.<\/strong><\/p>\n<p><strong>Haly je mo\u017en\u00e9 prenaja\u0165 aj jednotlivo.<\/strong><\/p>\n<hr \/>\n<h4><strong>Situa\u010dn\u00fd nah\u013ead:<\/strong><\/h4>\n<p><a href=\"https:\/\/goo.gl\/maps\/fUycQ\"><img loading=\"lazy\" class=\"alignleft wp-image-2823 size-full\" src=\"https:\/\/www.kojsov.sk\/wp-content\/uploads\/2015\/priemyselny_park\/situacny_nahlad.png\" alt=\"situacny_nahlad\" width=\"643\" height=\"509\" srcset=\"https:\/\/www.kojsov.sk\/wp-content\/uploads\/2015\/priemyselny_park\/situacny_nahlad.png 643w, https:\/\/www.kojsov.sk\/wp-content\/uploads\/2015\/priemyselny_park\/situacny_nahlad-300x237.png 300w\" sizes=\"(max-width: 643px) 100vw, 643px\" \/><\/a><\/p>\n<hr \/>\n<h4><\/h4>\n<h4><strong>Are\u00e1l priemyseln\u00e9ho Parku:<\/strong><\/h4>\n<ul>\n<li><strong>Vstup do are\u00e1lu<\/strong><\/li>\n<\/ul>\n<p><a href=\"https:\/\/www.kojsov.sk\/wp-content\/uploads\/2015\/priemyselny_park\/pp01.jpg\" data-rel=\"lightbox-image-0\" data-rl_title=\"\" data-rl_caption=\"\" title=\"\"><img loading=\"lazy\" class=\"alignleft wp-image-2880\" src=\"https:\/\/www.kojsov.sk\/wp-content\/uploads\/2015\/priemyselny_park\/pp01-300x169.jpg\" alt=\"pp01\" width=\"177\" height=\"100\" \/><\/a>\u00a0\u00a0<a href=\"https:\/\/www.kojsov.sk\/wp-content\/uploads\/2015\/priemyselny_park\/pp03.jpg\" data-rel=\"lightbox-image-1\" data-rl_title=\"\" data-rl_caption=\"\" title=\"\"><img loading=\"lazy\" class=\"alignleft wp-image-2882\" src=\"https:\/\/www.kojsov.sk\/wp-content\/uploads\/2015\/priemyselny_park\/pp03-300x169.jpg\" alt=\"pp03\" width=\"177\" height=\"100\" srcset=\"https:\/\/www.kojsov.sk\/wp-content\/uploads\/2015\/priemyselny_park\/pp03-300x169.jpg 300w, https:\/\/www.kojsov.sk\/wp-content\/uploads\/2015\/priemyselny_park\/pp03.jpg 1024w\" sizes=\"(max-width: 177px) 100vw, 177px\" \/><\/a><a href=\"https:\/\/www.kojsov.sk\/wp-content\/uploads\/2015\/priemyselny_park\/pp02.jpg\" data-rel=\"lightbox-image-2\" data-rl_title=\"\" data-rl_caption=\"\" title=\"\"><img loading=\"lazy\" class=\"alignleft wp-image-2881\" src=\"https:\/\/www.kojsov.sk\/wp-content\/uploads\/2015\/priemyselny_park\/pp02-300x169.jpg\" alt=\"pp02\" width=\"177\" height=\"100\" srcset=\"https:\/\/www.kojsov.sk\/wp-content\/uploads\/2015\/priemyselny_park\/pp02-300x169.jpg 300w, https:\/\/www.kojsov.sk\/wp-content\/uploads\/2015\/priemyselny_park\/pp02.jpg 1024w\" sizes=\"(max-width: 177px) 100vw, 177px\" \/><\/a><\/p>\n<p>&nbsp;<\/p>\n<p>&nbsp;<\/p>\n<p>&nbsp;<\/p>\n<p>&nbsp;<\/p>\n<hr \/>\n<p>&nbsp;<\/p>\n<h4><strong>Hala \u010d. 1 (s\u00fapisn\u00e9 \u010d\u00edslo 381):<\/strong><\/h4>\n<ul>\n<li><strong>v\u00fdrobn\u00e1 hala \u010d. 1<\/strong><\/li>\n<\/ul>\n<p><a href=\"https:\/\/www.kojsov.sk\/wp-content\/uploads\/2015\/priemyselny_park\/pp04.jpg\" data-rel=\"lightbox-image-3\" data-rl_title=\"\" data-rl_caption=\"\" title=\"\"><img loading=\"lazy\" class=\"alignleft wp-image-2883\" src=\"https:\/\/www.kojsov.sk\/wp-content\/uploads\/2015\/priemyselny_park\/pp04-300x169.jpg\" alt=\"pp04\" width=\"177\" height=\"100\" srcset=\"https:\/\/www.kojsov.sk\/wp-content\/uploads\/2015\/priemyselny_park\/pp04-300x169.jpg 300w, https:\/\/www.kojsov.sk\/wp-content\/uploads\/2015\/priemyselny_park\/pp04.jpg 1024w\" sizes=\"(max-width: 177px) 100vw, 177px\" \/><\/a>\u00a0\u00a0<a href=\"https:\/\/www.kojsov.sk\/wp-content\/uploads\/2015\/priemyselny_park\/pp05.jpg\" data-rel=\"lightbox-image-4\" data-rl_title=\"\" data-rl_caption=\"\" title=\"\">\u00a0<\/a><a href=\"https:\/\/www.kojsov.sk\/wp-content\/uploads\/2015\/priemyselny_park\/pp05.jpg\" data-rel=\"lightbox-image-5\" data-rl_title=\"\" data-rl_caption=\"\" title=\"\"><img loading=\"lazy\" class=\"alignleft wp-image-2884\" src=\"https:\/\/www.kojsov.sk\/wp-content\/uploads\/2015\/priemyselny_park\/pp05-300x169.jpg\" alt=\"pp05\" width=\"177\" height=\"100\" srcset=\"https:\/\/www.kojsov.sk\/wp-content\/uploads\/2015\/priemyselny_park\/pp05-300x169.jpg 300w, https:\/\/www.kojsov.sk\/wp-content\/uploads\/2015\/priemyselny_park\/pp05.jpg 1024w\" sizes=\"(max-width: 177px) 100vw, 177px\" \/><\/a><a href=\"https:\/\/www.kojsov.sk\/wp-content\/uploads\/2015\/priemyselny_park\/pp06.jpg\" data-rel=\"lightbox-image-6\" data-rl_title=\"\" data-rl_caption=\"\" title=\"\"><img loading=\"lazy\" class=\"alignleft wp-image-2885\" src=\"https:\/\/www.kojsov.sk\/wp-content\/uploads\/2015\/priemyselny_park\/pp06-300x169.jpg\" alt=\"pp06\" width=\"177\" height=\"100\" srcset=\"https:\/\/www.kojsov.sk\/wp-content\/uploads\/2015\/priemyselny_park\/pp06-300x169.jpg 300w, https:\/\/www.kojsov.sk\/wp-content\/uploads\/2015\/priemyselny_park\/pp06.jpg 1024w\" sizes=\"(max-width: 177px) 100vw, 177px\" \/><\/a><\/p>\n<p>&nbsp;<\/p>\n<p>&nbsp;<\/p>\n<p>&nbsp;<\/p>\n<p>&nbsp;<\/p>\n<ul>\n<li><strong>v\u00fdrobn\u00e1 hala \u010d. 1 &#8211; vykurovanie<\/strong><\/li>\n<\/ul>\n<p><a href=\"https:\/\/www.kojsov.sk\/wp-content\/uploads\/2015\/priemyselny_park\/pp07.jpg\" data-rel=\"lightbox-image-7\" data-rl_title=\"\" data-rl_caption=\"\" title=\"\"><img loading=\"lazy\" class=\"alignleft wp-image-2886\" src=\"https:\/\/www.kojsov.sk\/wp-content\/uploads\/2015\/priemyselny_park\/pp07-300x169.jpg\" alt=\"pp07\" width=\"177\" height=\"100\" srcset=\"https:\/\/www.kojsov.sk\/wp-content\/uploads\/2015\/priemyselny_park\/pp07-300x169.jpg 300w, https:\/\/www.kojsov.sk\/wp-content\/uploads\/2015\/priemyselny_park\/pp07.jpg 1024w\" sizes=\"(max-width: 177px) 100vw, 177px\" \/><\/a><a href=\"https:\/\/www.kojsov.sk\/wp-content\/uploads\/2015\/priemyselny_park\/pp08.jpg\" data-rel=\"lightbox-image-8\" data-rl_title=\"\" data-rl_caption=\"\" title=\"\"><img loading=\"lazy\" class=\"alignleft wp-image-2887\" src=\"https:\/\/www.kojsov.sk\/wp-content\/uploads\/2015\/priemyselny_park\/pp08-300x169.jpg\" alt=\"pp08\" width=\"177\" height=\"100\" srcset=\"https:\/\/www.kojsov.sk\/wp-content\/uploads\/2015\/priemyselny_park\/pp08-300x169.jpg 300w, https:\/\/www.kojsov.sk\/wp-content\/uploads\/2015\/priemyselny_park\/pp08.jpg 1024w\" sizes=\"(max-width: 177px) 100vw, 177px\" \/><\/a><\/p>\n<p>&nbsp;<\/p>\n<p>&nbsp;<\/p>\n<p>&nbsp;<\/p>\n<p>&nbsp;<\/p>\n<p>&nbsp;<\/p>\n<p>&nbsp;<\/p>\n<ul>\n<li><strong>v\u00fdrobn\u00e1 hala \u010d. 1 &#8211; v\u00fdrobn\u00e9 priestory<\/strong><\/li>\n<\/ul>\n<p><a href=\"https:\/\/www.kojsov.sk\/wp-content\/uploads\/2015\/priemyselny_park\/pp09.jpg\" data-rel=\"lightbox-image-9\" data-rl_title=\"\" data-rl_caption=\"\" title=\"\"><img loading=\"lazy\" class=\"alignleft wp-image-2888\" src=\"https:\/\/www.kojsov.sk\/wp-content\/uploads\/2015\/priemyselny_park\/pp09-300x169.jpg\" alt=\"pp09\" width=\"177\" height=\"100\" srcset=\"https:\/\/www.kojsov.sk\/wp-content\/uploads\/2015\/priemyselny_park\/pp09-300x169.jpg 300w, https:\/\/www.kojsov.sk\/wp-content\/uploads\/2015\/priemyselny_park\/pp09.jpg 1024w\" sizes=\"(max-width: 177px) 100vw, 177px\" \/><\/a><a href=\"https:\/\/www.kojsov.sk\/wp-content\/uploads\/2015\/priemyselny_park\/pp10.jpg\" data-rel=\"lightbox-image-10\" data-rl_title=\"\" data-rl_caption=\"\" title=\"\"><img loading=\"lazy\" class=\"alignleft wp-image-2889\" src=\"https:\/\/www.kojsov.sk\/wp-content\/uploads\/2015\/priemyselny_park\/pp10-300x169.jpg\" alt=\"pp10\" width=\"177\" height=\"100\" srcset=\"https:\/\/www.kojsov.sk\/wp-content\/uploads\/2015\/priemyselny_park\/pp10-300x169.jpg 300w, https:\/\/www.kojsov.sk\/wp-content\/uploads\/2015\/priemyselny_park\/pp10.jpg 1024w\" sizes=\"(max-width: 177px) 100vw, 177px\" \/><\/a><\/p>\n<p>&nbsp;<\/p>\n<p>&nbsp;<\/p>\n<p>&nbsp;<\/p>\n<p>&nbsp;<\/p>\n<p>&nbsp;<\/p>\n<p>&nbsp;<\/p>\n<ul>\n<li><strong>v\u00fdrobn\u00e1 hala \u010d. 1 &#8211; kancel\u00e1rie<\/strong><\/li>\n<\/ul>\n<p><a href=\"https:\/\/www.kojsov.sk\/wp-content\/uploads\/2015\/priemyselny_park\/pp11.jpg\" data-rel=\"lightbox-image-11\" data-rl_title=\"\" data-rl_caption=\"\" title=\"\"><img loading=\"lazy\" class=\"alignleft wp-image-2890\" src=\"https:\/\/www.kojsov.sk\/wp-content\/uploads\/2015\/priemyselny_park\/pp11-300x169.jpg\" alt=\"pp11\" width=\"177\" height=\"100\" srcset=\"https:\/\/www.kojsov.sk\/wp-content\/uploads\/2015\/priemyselny_park\/pp11-300x169.jpg 300w, https:\/\/www.kojsov.sk\/wp-content\/uploads\/2015\/priemyselny_park\/pp11.jpg 1024w\" sizes=\"(max-width: 177px) 100vw, 177px\" \/><\/a><\/p>\n<p>&nbsp;<\/p>\n<p>&nbsp;<\/p>\n<p>&nbsp;<\/p>\n<p>&nbsp;<\/p>\n<p>&nbsp;<\/p>\n<p>&nbsp;<\/p>\n<ul>\n<li><strong>v\u00fdrobn\u00e1 hala \u010d. 1 &#8211; soci\u00e1lne zariadenia<\/strong><\/li>\n<\/ul>\n<p><a href=\"https:\/\/www.kojsov.sk\/wp-content\/uploads\/2015\/priemyselny_park\/pp12.jpg\" data-rel=\"lightbox-image-12\" data-rl_title=\"\" data-rl_caption=\"\" title=\"\"><img loading=\"lazy\" class=\"alignleft wp-image-2891\" src=\"https:\/\/www.kojsov.sk\/wp-content\/uploads\/2015\/priemyselny_park\/pp12-300x169.jpg\" alt=\"pp12\" width=\"177\" height=\"100\" srcset=\"https:\/\/www.kojsov.sk\/wp-content\/uploads\/2015\/priemyselny_park\/pp12-300x169.jpg 300w, https:\/\/www.kojsov.sk\/wp-content\/uploads\/2015\/priemyselny_park\/pp12.jpg 1024w\" sizes=\"(max-width: 177px) 100vw, 177px\" \/><\/a><\/p>\n<p>&nbsp;<\/p>\n<p>&nbsp;<\/p>\n<p>&nbsp;<\/p>\n<p>&nbsp;<\/p>\n<p>&nbsp;<\/p>\n<p>&nbsp;<\/p>\n<ul>\n<li><strong>v\u00fdrobn\u00e1 hala \u010d. 1 &#8211; kuchynka<\/strong><\/li>\n<\/ul>\n<p><a href=\"https:\/\/www.kojsov.sk\/wp-content\/uploads\/2015\/priemyselny_park\/pp13.jpg\" data-rel=\"lightbox-image-13\" data-rl_title=\"\" data-rl_caption=\"\" title=\"\"><img loading=\"lazy\" class=\"alignleft wp-image-2892\" src=\"https:\/\/www.kojsov.sk\/wp-content\/uploads\/2015\/priemyselny_park\/pp13-300x169.jpg\" alt=\"pp13\" width=\"177\" height=\"100\" srcset=\"https:\/\/www.kojsov.sk\/wp-content\/uploads\/2015\/priemyselny_park\/pp13-300x169.jpg 300w, https:\/\/www.kojsov.sk\/wp-content\/uploads\/2015\/priemyselny_park\/pp13.jpg 1024w\" sizes=\"(max-width: 177px) 100vw, 177px\" \/><\/a><\/p>\n<p>&nbsp;<\/p>\n<p>&nbsp;<\/p>\n<p>&nbsp;<\/p>\n<p>&nbsp;<\/p>\n<p>&nbsp;<\/p>\n<p>&nbsp;<\/p>\n<hr \/>\n<h4><\/h4>\n<h4><strong>Hala \u010d. 2 (s\u00fapisn\u00e9 \u010d\u00edslo 382):<\/strong><\/h4>\n<ul>\n<li><strong>v\u00fdrobn\u00e1 hala \u010d. 2<\/strong><\/li>\n<\/ul>\n<p><a href=\"https:\/\/www.kojsov.sk\/wp-content\/uploads\/2015\/priemyselny_park\/pp14.jpg\" data-rel=\"lightbox-image-14\" data-rl_title=\"\" data-rl_caption=\"\" title=\"\"><img loading=\"lazy\" class=\"alignleft wp-image-2893\" src=\"https:\/\/www.kojsov.sk\/wp-content\/uploads\/2015\/priemyselny_park\/pp14-300x169.jpg\" alt=\"pp14\" width=\"177\" height=\"100\" srcset=\"https:\/\/www.kojsov.sk\/wp-content\/uploads\/2015\/priemyselny_park\/pp14-300x169.jpg 300w, https:\/\/www.kojsov.sk\/wp-content\/uploads\/2015\/priemyselny_park\/pp14.jpg 1024w\" sizes=\"(max-width: 177px) 100vw, 177px\" \/><\/a><a href=\"https:\/\/www.kojsov.sk\/wp-content\/uploads\/2015\/priemyselny_park\/pp15.jpg\" data-rel=\"lightbox-image-15\" data-rl_title=\"\" data-rl_caption=\"\" title=\"\"><img loading=\"lazy\" class=\"alignleft wp-image-2894\" src=\"https:\/\/www.kojsov.sk\/wp-content\/uploads\/2015\/priemyselny_park\/pp15-300x169.jpg\" alt=\"pp15\" width=\"177\" height=\"100\" srcset=\"https:\/\/www.kojsov.sk\/wp-content\/uploads\/2015\/priemyselny_park\/pp15-300x169.jpg 300w, https:\/\/www.kojsov.sk\/wp-content\/uploads\/2015\/priemyselny_park\/pp15.jpg 1024w\" sizes=\"(max-width: 177px) 100vw, 177px\" \/><\/a><a href=\"https:\/\/www.kojsov.sk\/wp-content\/uploads\/2015\/priemyselny_park\/pp16.jpg\" data-rel=\"lightbox-image-16\" data-rl_title=\"\" data-rl_caption=\"\" title=\"\"><img loading=\"lazy\" class=\"alignleft wp-image-2895\" src=\"https:\/\/www.kojsov.sk\/wp-content\/uploads\/2015\/priemyselny_park\/pp16-300x169.jpg\" alt=\"pp16\" width=\"177\" height=\"100\" srcset=\"https:\/\/www.kojsov.sk\/wp-content\/uploads\/2015\/priemyselny_park\/pp16-300x169.jpg 300w, https:\/\/www.kojsov.sk\/wp-content\/uploads\/2015\/priemyselny_park\/pp16.jpg 1024w\" sizes=\"(max-width: 177px) 100vw, 177px\" \/><\/a><\/p>\n<p>&nbsp;<\/p>\n<p>&nbsp;<\/p>\n<p>&nbsp;<\/p>\n<p>&nbsp;<\/p>\n<p>&nbsp;<\/p>\n<p>&nbsp;<\/p>\n<ul>\n<li><strong>v\u00fdrobn\u00e1 hala \u010d. 2 &#8211; vykurovanie<\/strong><\/li>\n<\/ul>\n<p><a href=\"https:\/\/www.kojsov.sk\/wp-content\/uploads\/2015\/priemyselny_park\/pp17.jpg\" data-rel=\"lightbox-image-17\" data-rl_title=\"\" data-rl_caption=\"\" title=\"\"><img loading=\"lazy\" class=\"alignleft wp-image-2873\" src=\"https:\/\/www.kojsov.sk\/wp-content\/uploads\/2015\/priemyselny_park\/pp17-300x169.jpg\" alt=\"pp17\" width=\"177\" height=\"100\" srcset=\"https:\/\/www.kojsov.sk\/wp-content\/uploads\/2015\/priemyselny_park\/pp17-300x169.jpg 300w, https:\/\/www.kojsov.sk\/wp-content\/uploads\/2015\/priemyselny_park\/pp17.jpg 1024w\" sizes=\"(max-width: 177px) 100vw, 177px\" \/><\/a><a href=\"https:\/\/www.kojsov.sk\/wp-content\/uploads\/2015\/priemyselny_park\/pp18.jpg\" data-rel=\"lightbox-image-18\" data-rl_title=\"\" data-rl_caption=\"\" title=\"\"><img loading=\"lazy\" class=\"alignleft wp-image-2874\" src=\"https:\/\/www.kojsov.sk\/wp-content\/uploads\/2015\/priemyselny_park\/pp18-300x169.jpg\" alt=\"pp18\" width=\"177\" height=\"100\" srcset=\"https:\/\/www.kojsov.sk\/wp-content\/uploads\/2015\/priemyselny_park\/pp18-300x169.jpg 300w, https:\/\/www.kojsov.sk\/wp-content\/uploads\/2015\/priemyselny_park\/pp18.jpg 1024w\" sizes=\"(max-width: 177px) 100vw, 177px\" \/><\/a><\/p>\n<p>&nbsp;<\/p>\n<p>&nbsp;<\/p>\n<p>&nbsp;<\/p>\n<p>&nbsp;<\/p>\n<p>&nbsp;<\/p>\n<ul>\n<li><strong>v\u00fdrobn\u00e1 hala \u010d. 2 &#8211; v\u00fdrobn\u00e9 priestory<\/strong><\/li>\n<\/ul>\n<p><a href=\"https:\/\/www.kojsov.sk\/wp-content\/uploads\/2015\/priemyselny_park\/pp19.jpg\" data-rel=\"lightbox-image-19\" data-rl_title=\"\" data-rl_caption=\"\" title=\"\"><img loading=\"lazy\" class=\"alignleft wp-image-2875\" src=\"https:\/\/www.kojsov.sk\/wp-content\/uploads\/2015\/priemyselny_park\/pp19-300x169.jpg\" alt=\"pp19\" width=\"177\" height=\"100\" srcset=\"https:\/\/www.kojsov.sk\/wp-content\/uploads\/2015\/priemyselny_park\/pp19-300x169.jpg 300w, https:\/\/www.kojsov.sk\/wp-content\/uploads\/2015\/priemyselny_park\/pp19.jpg 1024w\" sizes=\"(max-width: 177px) 100vw, 177px\" \/><\/a><a href=\"https:\/\/www.kojsov.sk\/wp-content\/uploads\/2015\/priemyselny_park\/pp20.jpg\" data-rel=\"lightbox-image-20\" data-rl_title=\"\" data-rl_caption=\"\" title=\"\"><img loading=\"lazy\" class=\"alignleft wp-image-2876\" src=\"https:\/\/www.kojsov.sk\/wp-content\/uploads\/2015\/priemyselny_park\/pp20-300x169.jpg\" alt=\"pp20\" width=\"177\" height=\"100\" srcset=\"https:\/\/www.kojsov.sk\/wp-content\/uploads\/2015\/priemyselny_park\/pp20-300x169.jpg 300w, https:\/\/www.kojsov.sk\/wp-content\/uploads\/2015\/priemyselny_park\/pp20.jpg 1024w\" sizes=\"(max-width: 177px) 100vw, 177px\" \/><\/a><\/p>\n<p>&nbsp;<\/p>\n<p>&nbsp;<\/p>\n<p>&nbsp;<\/p>\n<p>&nbsp;<\/p>\n<p>&nbsp;<\/p>\n<p>&nbsp;<\/p>\n<ul>\n<li><strong>v\u00fdrobn\u00e1 hala \u010d. 2 &#8211; kancel\u00e1rie<\/strong><\/li>\n<\/ul>\n<p><a href=\"https:\/\/www.kojsov.sk\/wp-content\/uploads\/2015\/priemyselny_park\/pp21.jpg\" data-rel=\"lightbox-image-21\" data-rl_title=\"\" data-rl_caption=\"\" title=\"\"><img loading=\"lazy\" class=\"alignleft wp-image-2877\" src=\"https:\/\/www.kojsov.sk\/wp-content\/uploads\/2015\/priemyselny_park\/pp21-300x169.jpg\" alt=\"pp21\" width=\"177\" height=\"100\" srcset=\"https:\/\/www.kojsov.sk\/wp-content\/uploads\/2015\/priemyselny_park\/pp21-300x169.jpg 300w, https:\/\/www.kojsov.sk\/wp-content\/uploads\/2015\/priemyselny_park\/pp21.jpg 1024w\" sizes=\"(max-width: 177px) 100vw, 177px\" \/><\/a><\/p>\n<p>&nbsp;<\/p>\n<p>&nbsp;<\/p>\n<p>&nbsp;<\/p>\n<p>&nbsp;<\/p>\n<p>&nbsp;<\/p>\n<p>&nbsp;<\/p>\n<ul>\n<li><strong>v\u00fdrobn\u00e1 hala \u010d. 2 &#8211; soci\u00e1lne zariadenia<\/strong><\/li>\n<\/ul>\n<p><a href=\"https:\/\/www.kojsov.sk\/wp-content\/uploads\/2015\/priemyselny_park\/pp22.jpg\" data-rel=\"lightbox-image-22\" data-rl_title=\"\" data-rl_caption=\"\" title=\"\"><img loading=\"lazy\" class=\"alignleft wp-image-2878\" src=\"https:\/\/www.kojsov.sk\/wp-content\/uploads\/2015\/priemyselny_park\/pp22-300x169.jpg\" alt=\"pp22\" width=\"177\" height=\"100\" srcset=\"https:\/\/www.kojsov.sk\/wp-content\/uploads\/2015\/priemyselny_park\/pp22-300x169.jpg 300w, https:\/\/www.kojsov.sk\/wp-content\/uploads\/2015\/priemyselny_park\/pp22.jpg 1024w\" sizes=\"(max-width: 177px) 100vw, 177px\" \/><\/a><\/p>\n<p>&nbsp;<\/p>\n<p>&nbsp;<\/p>\n<p>&nbsp;<\/p>\n<p>&nbsp;<\/p>\n<p>&nbsp;<\/p>\n<p>&nbsp;<\/p>\n<ul>\n<li><strong>v\u00fdrobn\u00e1 hala \u010d. 2 &#8211; kuchynka<\/strong><\/li>\n<\/ul>\n<p><a href=\"https:\/\/www.kojsov.sk\/wp-content\/uploads\/2015\/priemyselny_park\/pp23.jpg\" data-rel=\"lightbox-image-23\" data-rl_title=\"\" data-rl_caption=\"\" title=\"\"><img loading=\"lazy\" class=\"alignleft wp-image-2879\" src=\"https:\/\/www.kojsov.sk\/wp-content\/uploads\/2015\/priemyselny_park\/pp23-300x169.jpg\" alt=\"pp23\" width=\"177\" height=\"100\" srcset=\"https:\/\/www.kojsov.sk\/wp-content\/uploads\/2015\/priemyselny_park\/pp23-300x169.jpg 300w, https:\/\/www.kojsov.sk\/wp-content\/uploads\/2015\/priemyselny_park\/pp23.jpg 1024w\" sizes=\"(max-width: 177px) 100vw, 177px\" \/><\/a><\/p>\n<p>&nbsp;<\/p>\n<p>&nbsp;<\/p>\n<p>&nbsp;<\/p>\n<p>&nbsp;<\/p>\n<p>&nbsp;<\/p>\n<p>&nbsp;<\/p>\n<hr \/>\n<p>&nbsp;<\/p>\n<h4><strong>Pre podrobnej\u0161ie inform\u00e1cie kontaktujte Obecn\u00fd \u00farad Koj\u0161ov<\/strong><\/h4>\n<p>Ing. Anton Ba\u0161niar, tel.: 0905 626 748, <a href=\"mailto:starosta@kojsov.sk\">starosta(zavinac)kojsov.sk<\/a><\/p>\n","protected":false},"excerpt":{"rendered":"<p>V\u00fdrobn\u00e9 haly &#8211; Koj\u0161ov Opis priemyseln\u00e9ho parku: K\u00a0dispoz\u00edcii s\u00fa 2 samostatne stojace novo-vybudovan\u00e9 haly obd\u013a\u017en\u00edkov\u00e9ho tvaru (16m x 31m), postaven\u00e9 v\u00a0roku 2009 o\u00a0rozlohe 2 x 490m\u00b2, ktor\u00e9 s\u00fa vhodn\u00e9 ako v\u00fdrobn\u00e9 alebo skladovacie priestory. Svetl\u00e1 v\u00fd\u0161ka vn\u00fatorn\u00fdch priestorov je 4,8 m. Haly s\u00fa vybaven\u00e9 hladk\u00fdmi bet\u00f3nov\u00fdmi podlahami, ktor\u00e9 s\u00fa vhodn\u00e9 aj pre vysok\u00e9 za\u0165a\u017eenie. S\u00fa &hellip; <\/p>\n<p><a class=\"more-link btn\" href=\"https:\/\/www.kojsov.sk\/?page_id=2819\">Chcem vedie\u0165 viac<\/a><\/p>\n","protected":false},"author":1,"featured_media":0,"parent":0,"menu_order":0,"comment_status":"closed","ping_status":"closed","template":"","meta":[],"_links":{"self":[{"href":"https:\/\/www.kojsov.sk\/index.php?rest_route=\/wp\/v2\/pages\/2819"}],"collection":[{"href":"https:\/\/www.kojsov.sk\/index.php?rest_route=\/wp\/v2\/pages"}],"about":[{"href":"https:\/\/www.kojsov.sk\/index.php?rest_route=\/wp\/v2\/types\/page"}],"author":[{"embeddable":true,"href":"https:\/\/www.kojsov.sk\/index.php?rest_route=\/wp\/v2\/users\/1"}],"replies":[{"embeddable":true,"href":"https:\/\/www.kojsov.sk\/index.php?rest_route=%2Fwp%2Fv2%2Fcomments&post=2819"}],"version-history":[{"count":12,"href":"https:\/\/www.kojsov.sk\/index.php?rest_route=\/wp\/v2\/pages\/2819\/revisions"}],"predecessor-version":[{"id":2822,"href":"https:\/\/www.kojsov.sk\/index.php?rest_route=\/wp\/v2\/pages\/2819\/revisions\/2822"}],"wp:attachment":[{"href":"https:\/\/www.kojsov.sk\/index.php?rest_route=%2Fwp%2Fv2%2Fmedia&parent=2819"}],"curies":[{"name":"wp","href":"https:\/\/api.w.org\/{rel}","templated":true}]}}