{"id":3291,"date":"2016-01-28T18:36:24","date_gmt":"2016-01-28T17:36:24","guid":{"rendered":"http:\/\/www.kojsov.sk\/?page_id=3291"},"modified":"2025-12-31T12:05:52","modified_gmt":"2025-12-31T10:05:52","slug":"vseobecne-zavazne-nariadenia","status":"publish","type":"page","link":"https:\/\/www.kojsov.sk\/?page_id=3291","title":{"rendered":"V\u0161eobecne z\u00e1v\u00e4zne nariadenia"},"content":{"rendered":"\n<figure id=\"tablepress-25\" class=\"wp-block-table tablepress tablepress-id-25 dataTable no-footer\"><table><thead><tr><th>\u010c\u00edslo VZN<\/th><th>N\u00e1zov VZN<\/th><th>\u00da\u010dinnos\u0165 (od)<\/th><\/tr><tr><th>2\/2025<\/th><th><a href=\"https:\/\/www.kojsov.sk\/wp-content\/uploads\/2025\/12\/VZN-o-prispevku-na-stravovanie-v-jedalni-MS.pdf\" class=\"mtli_attachment mtli_pdf\">VZN o ur\u010den\u00ed v\u00fd\u0161ky finan\u010dn\u00e9ho pr\u00edspevku na \u010diasto\u010dn\u00fa \u00fahradu n\u00e1kladov spojen\u00fdch so stravovan\u00edm v \u0161kolsk\u00fdch zariadeniach<\/a><\/th><th>1.1.2026<\/th><\/tr><tr><th>Dodatok<br>1\/2025<\/th><th><a href=\"https:\/\/www.kojsov.sk\/wp-content\/uploads\/2025\/12\/Dodatok-k-VZN-2-2023-o-miestnom-poplatku-za-odpad.pdf\" class=\"mtli_attachment mtli_pdf\">Dodatok \u010d. 1 k VZN \u010d. 2\/2023 o miestnom poplatku za komun\u00e1lne odpady<\/a><\/th><th>1.1.2026<\/th><\/tr><\/thead><tbody><tr><td>1\/2025<\/td><td><a href=\"https:\/\/www.kojsov.sk\/wp-content\/uploads\/2025\/02\/Vseobecne-zavazne-nariadenie-o-prispevku-na-ciastocnu-uhradu-nakladov-v-materskej-skole-ktorej-zriadovatelom-je-Obec-Kojsov.pdf\" class=\"mtli_attachment mtli_pdf\">V\u0161eobecne z\u00e1v\u00e4zn\u00e9 nariadenie o pr\u00edspevku na \u010diasto\u010dn\u00fa \u00fahradu n\u00e1kladov v materskej \u0161kole, ktorej zria\u010fovate\u013eom je Obec Koj\u0161ov<\/a><\/td><td>01.03.2025<\/td><\/tr><tr><td>Dodatok<br>1\/2025<\/td><td><a href=\"https:\/\/www.kojsov.sk\/wp-content\/uploads\/2025\/02\/Dodatok-c.-1_2025-k-VZN-obce-Kojsov-c.-2_20219-o-nakladani-s-komunalnymi-odpadmi-a-drobnymi-stavebnymi-odpadmi-na-uzemi-obce-Kojsov.pdf\" class=\"mtli_attachment mtli_pdf\">Dodatok \u010d. 1\/2025 k V\u0161eobecne z\u00e1v\u00e4zn\u00e9mu nariadeniu obce Koj\u0161ov \u010d. 2\/2019 o nakladan\u00ed s komun\u00e1lnymi odpadmi a s drobn\u00fdmi stavebn\u00fdmi odpadmi na \u00fazem\u00ed obce Koj\u0161ov<\/a> <\/td><td>01.03.2025<\/td><\/tr><tr><td>2\/2023<\/td><td><a href=\"https:\/\/www.kojsov.sk\/wp-content\/uploads\/2023\/12\/Vseobecne-zavazne-nariadenie-o-miestnom-poplatku-za-komunalne-odpady-a-drobne-stavebne-odpady.pdf\" class=\"mtli_attachment mtli_pdf\">V\u0161eobecne z\u00e1v\u00e4zn\u00e9 nariadenie o miestnom poplatku za komun\u00e1lne odpady a drobn\u00e9 stavebn\u00e9 odpady<\/a><\/td><td>01.01.2024<\/td><\/tr><tr><td>1\/2023<\/td><td><a href=\"https:\/\/www.kojsov.sk\/wp-content\/uploads\/2023\/12\/Vseobecne-zavazne-nariadenie-o-miestnych-daniach.pdf\" class=\"mtli_attachment mtli_pdf\">V\u0161eobecne z\u00e1v\u00e4zn\u00e9 nariadenie o miestnych daniach<\/a><\/td><td>01.01.2024<\/td><\/tr><tr><td>1\/2022<\/td><td><a href=\"https:\/\/www.kojsov.sk\/wp-content\/uploads\/2022\/08\/Vseobecne-zavazne-nariadenie-Obce-Kojsov-o-podmienkach-pridelovania-najomnych-bytov-na-socialne-byvanie-vo-vlastnictve-Obce-Kojsov.pdf\" class=\"mtli_attachment mtli_pdf\">V\u0161eobecn\u00e9 z\u00e1v\u00e4zn\u00e9  nariadenie o podmienkach pride\u013eovania n\u00e1jomn\u00fdch bytov   na soci\u00e1lne b\u00fdvanie vo vlastn\u00edctve Obce Koj\u0161ov<\/a><\/td><td>01.08.2022<\/td><\/tr><tr><td>1\/2020<\/td><td><a href=\"https:\/\/www.kojsov.sk\/wp-content\/uploads\/2022\/08\/Vseobecne-zavazne-nariadenie-Obce-Kojsov-c.1-2020.pdf\" class=\"mtli_attachment mtli_pdf\">Domov\u00fd poriadok pre bytov\u00e9 domy vo vlastn\u00edctve obce Koj\u0161ov  <\/a>                                                       <\/td><td>15.07.2020<\/td><\/tr><tr><td>3\/2019<\/td><td><a class=\"mtli_attachment mtli_pdf mtli_attachment mtli_pdf\" href=\"https:\/\/www.kojsov.sk\/wp-content\/uploads\/vzn\/vzn_032019.pdf\" target=\"blank\" rel=\"noopener noreferrer\">V\u0161eobecn\u00e9 z\u00e1v\u00e4zn\u00e9 nariadenie o miestnych daniach a o miestnom poplatku za komun\u00e1lne odpady a drobn\u00e9 stavebn\u00e9 odpady<\/a><\/td><td>01.01.2020<\/td><\/tr><tr><td>2\/2019<\/td><td><a class=\"mtli_attachment mtli_pdf mtli_attachment mtli_pdf\" rel=\"noopener noreferrer\" href=\"https:\/\/www.kojsov.sk\/wp-content\/uploads\/vzn\/vzn_022019.pdf\" target=\"blank\">V\u0161eobecne z\u00e1v\u00e4zn\u00e9 nariadenie obce o nakladan\u00ed s komun\u00e1lnymi odpadmi<br>a s drobn\u00fdmi stavebn\u00fdmi odpadmi na \u00fazem\u00ed obce Koj\u0161ov<\/a><\/td><td>11.12.2019<\/td><\/tr><tr><td>1\/2019<\/td><td><a class=\"mtli_attachment mtli_pdf mtli_attachment mtli_pdf\" href=\"https:\/\/www.kojsov.sk\/wp-content\/uploads\/vzn\/vzn_012019.pdf\" target=\"blank\" rel=\"noopener noreferrer\">V\u0161eobecn\u00e9 z\u00e1v\u00e4zn\u00e9 nariadenie o vymedzen\u00ed miest na umiest\u0148ovanie volebn\u00fdch plag\u00e1tov v \u010dase volebnej kampane na \u00fazem\u00ed obce Koj\u0161ov<\/a><\/td><td>13.02.2019<\/td><\/tr><tr><td>4\/2016<\/td><td><a class=\"mtli_attachment mtli_pdf mtli_attachment mtli_pdf\" href=\"https:\/\/www.kojsov.sk\/wp-content\/uploads\/vzn\/vzn_042016.pdf\" target=\"blank\" rel=\"noopener noreferrer\">Nakladanie s komun\u00e1lnymi odpadmi a s drobn\u00fdmi stavebn\u00fdmi odpadmi na \u00fazem\u00ed obce Koj\u0161ov<\/a><\/td><td>04.07.2016<\/td><\/tr><tr><td>1\/2016<\/td><td><a class=\"mtli_attachment mtli_pdf mtli_attachment mtli_pdf\" href=\"https:\/\/www.kojsov.sk\/wp-content\/uploads\/vzn\/vzn_012016.pdf\" target=\"blank\" rel=\"noopener noreferrer\">V\u0161eobecne z\u00e1v\u00e4zn\u00e9 nariadenie o podmienkach pride\u013eovania n\u00e1jomn\u00fdch bytov na \u00fazem\u00ed obce Koj\u0161ov<\/a><\/td><td>01.01.2016<\/td><\/tr><tr><td>3\/2015<\/td><td><a class=\"mtli_attachment mtli_pdf mtli_attachment mtli_pdf\" href=\"https:\/\/www.kojsov.sk\/wp-content\/uploads\/vzn\/vzn_nakladanie_s_odpadmi_032015.pdf\" target=\"blank\" rel=\"noopener noreferrer\">V\u0161eobecne z\u00e1v\u00e4zn\u00e9 nariadenie o nakladan\u00ed s komun\u00e1lnymi odpadmi a drobn\u00fdmi stavebn\u00fdmi odpadmi na \u00fazem\u00ed obce Koj\u0161ov<\/a><\/td><td>01.04.2015<\/td><\/tr><tr><td>2\/2015<\/td><td><a class=\"mtli_attachment mtli_pdf mtli_attachment mtli_pdf\" rel=\"noopener noreferrer\" href=\"https:\/\/www.kojsov.sk\/wp-content\/uploads\/vzn\/vzn_zasobovanie_pitnou_vodou_022015.pdf\" target=\"blank\">V\u0161eobecne z\u00e1v\u00e4zn\u00e9 nariadenie o sp\u00f4sobe n\u00e1hradn\u00e9ho z\u00e1sobovania pitnou vodou a n\u00e1hradn\u00e9ho odv\u00e1dzania odpadov\u00fdch v\u00f4d a o zne\u0161kod\u0148ovan\u00ed obsahu \u017e\u00famp, pod\u013ea miestnych podmienok na \u00fazem\u00ed obce Koj\u0161ov<\/a><\/td><td>01.04.2015<\/td><\/tr><tr><td>1\/2015<\/td><td><a class=\"mtli_attachment mtli_pdf mtli_attachment mtli_pdf\" href=\"https:\/\/www.kojsov.sk\/wp-content\/uploads\/vzn\/vzn_dane_poplatky_012015.pdf\" target=\"blank\" rel=\"noopener noreferrer\">V\u0161eobecne z\u00e1v\u00e4zn\u00e9 nariadenie o miestnych daniach a o miestnom poplatku za komun\u00e1lne odpady a drobn\u00e9 stavebn\u00e9 odpady na \u00fazem\u00ed Obce Koj\u0161ov<\/a><\/td><td>01.01.2015<\/td><\/tr><tr><td>1\/2014<\/td><td><a class=\"mtli_attachment mtli_pdf mtli_attachment mtli_pdf\" href=\"https:\/\/www.kojsov.sk\/wp-content\/uploads\/vzn\/vzn_dane_poplatky_012014.pdf\" target=\"blank\" rel=\"noopener noreferrer\">V\u0161eobecne z\u00e1v\u00e4zn\u00e9 nariadenie o miestnych daniach a o miestnom poplatku za komun\u00e1lne odpady a drobn\u00e9 stavebn\u00e9 odpady na \u00fazem\u00ed Obce Koj\u0161ov<\/a><\/td><td>01.01.2014<\/td><\/tr><tr><td>2\/2013<\/td><td><a class=\"mtli_attachment mtli_pdf mtli_attachment mtli_pdf\" href=\"https:\/\/www.kojsov.sk\/wp-content\/uploads\/vzn\/vzn_poskytovanie_dotacie_022013.pdf\" target=\"blank\" rel=\"noopener noreferrer\">V\u0161eobecne zav\u00e4zn\u00e9 nariadenie o poskytovan\u00ed dot\u00e1cie z rozpo\u010dtu obce Koj\u0161ov<\/a><\/td><td>01.07.2013<\/td><\/tr><tr><td>1\/2013<\/td><td><a class=\"mtli_attachment mtli_pdf mtli_attachment mtli_pdf\" href=\"https:\/\/www.kojsov.sk\/wp-content\/uploads\/vzn\/vzn_012013.pdf\" target=\"blank\" rel=\"noopener noreferrer\">V\u0161eobecn\u00e9 z\u00e1v\u00e4zn\u00e9 nariadenie o miestnych daniach a o miestnom poplatku za komun\u00e1lne odpady a drobn\u00e9 stavebn\u00e9 odpady<\/a><\/td><td>01.01.2013<\/td><\/tr><\/tbody><\/table><\/figure>\n","protected":false},"excerpt":{"rendered":"<p>\u010c\u00edslo VZN N\u00e1zov VZN \u00da\u010dinnos\u0165 (od) 2\/2025 VZN o ur\u010den\u00ed v\u00fd\u0161ky finan\u010dn\u00e9ho pr\u00edspevku na \u010diasto\u010dn\u00fa \u00fahradu n\u00e1kladov spojen\u00fdch so stravovan\u00edm v \u0161kolsk\u00fdch zariadeniach 1.1.2026 Dodatok1\/2025 Dodatok \u010d. 1 k VZN \u010d. 2\/2023 o miestnom poplatku za komun\u00e1lne odpady 1.1.2026 1\/2025 V\u0161eobecne z\u00e1v\u00e4zn\u00e9 nariadenie o pr\u00edspevku na \u010diasto\u010dn\u00fa \u00fahradu n\u00e1kladov v materskej \u0161kole, ktorej zria\u010fovate\u013eom je &hellip; <\/p>\n<p><a class=\"more-link btn\" href=\"https:\/\/www.kojsov.sk\/?page_id=3291\">Chcem vedie\u0165 viac<\/a><\/p>\n","protected":false},"author":1,"featured_media":0,"parent":0,"menu_order":0,"comment_status":"closed","ping_status":"closed","template":"","meta":[],"_links":{"self":[{"href":"https:\/\/www.kojsov.sk\/index.php?rest_route=\/wp\/v2\/pages\/3291"}],"collection":[{"href":"https:\/\/www.kojsov.sk\/index.php?rest_route=\/wp\/v2\/pages"}],"about":[{"href":"https:\/\/www.kojsov.sk\/index.php?rest_route=\/wp\/v2\/types\/page"}],"author":[{"embeddable":true,"href":"https:\/\/www.kojsov.sk\/index.php?rest_route=\/wp\/v2\/users\/1"}],"replies":[{"embeddable":true,"href":"https:\/\/www.kojsov.sk\/index.php?rest_route=%2Fwp%2Fv2%2Fcomments&post=3291"}],"version-history":[{"count":10,"href":"https:\/\/www.kojsov.sk\/index.php?rest_route=\/wp\/v2\/pages\/3291\/revisions"}],"predecessor-version":[{"id":9902,"href":"https:\/\/www.kojsov.sk\/index.php?rest_route=\/wp\/v2\/pages\/3291\/revisions\/9902"}],"wp:attachment":[{"href":"https:\/\/www.kojsov.sk\/index.php?rest_route=%2Fwp%2Fv2%2Fmedia&parent=3291"}],"curies":[{"name":"wp","href":"https:\/\/api.w.org\/{rel}","templated":true}]}}