{"id":3617,"date":"2016-08-07T18:07:56","date_gmt":"2016-08-07T17:07:56","guid":{"rendered":"http:\/\/www.kojsov.sk\/?page_id=3617"},"modified":"2016-08-07T18:14:25","modified_gmt":"2016-08-07T17:14:25","slug":"sposob-nahlasovania-nezakonne-umiestneneho-odpadu","status":"publish","type":"page","link":"https:\/\/www.kojsov.sk\/?page_id=3617","title":{"rendered":"Sp\u00f4sob nahlasovania nez\u00e1konne umiestnen\u00e9ho odpadu"},"content":{"rendered":"<h4>(1) Ozn\u00e1mi\u0165 umiestnenie odpadu na nehnute\u013enosti, ktor\u00e9 je v rozpore s\u00a0osobitn\u00fdm predpisom<a href=\"#_ftn1\" name=\"_ftnref1\">[1]<\/a> \u00a0m\u00f4\u017ee ak\u00e1ko\u013evek fyzick\u00e1 osoba alebo pr\u00e1vnick\u00e1 osoba org\u00e1nu \u0161t\u00e1tnej spr\u00e1vy (napr. pr\u00edslu\u0161n\u00e9mu Okresn\u00e9mu \u00faradu, Odboru starostlivosti o \u017eivotn\u00e9 prostredie) alebo obci.<\/h4>\n<h4>(2) Vlastn\u00edk, spr\u00e1vca alebo n\u00e1jomca nehnute\u013enosti je povinn\u00fd bezodkladne po zisten\u00ed, \u017ee na jeho nehnute\u013enosti bol nez\u00e1konne umiestnen\u00fd odpad, ozn\u00e1mi\u0165 t\u00fato skuto\u010dnos\u0165 pr\u00edslu\u0161n\u00e9mu org\u00e1nu \u0161t\u00e1tnej spr\u00e1vy odpadov\u00e9ho hospod\u00e1rstva alebo obci.<\/h4>\n<h4>(3) Ozn\u00e1menie oznamovate\u013e oznamuje p\u00edsomne, emailom alebo, telefonicky.<\/h4>\n<h4>(4) Ozn\u00e1menie obsahuje najm\u00e4:<\/h4>\n<ol>\n<li>\n<h4>meno, priezvisko a\u00a0adresu trval\u00e9ho pobytu fyzickej osoby alebo n\u00e1zov a\u00a0s\u00eddlo pr\u00e1vnickej\u00a0 osoby, kontaktn\u00e9 \u00fadaje (telef\u00f3nne \u010d\u00edslo, e-mail),<\/h4>\n<\/li>\n<li>\n<h4>\u00fazemie, LV, parc. \u010d. nehnute\u013enosti, kde sa nez\u00e1konne umiestnen\u00fd odpad nach\u00e1dza,<\/h4>\n<\/li>\n<li>\n<h4>druh odpadu (zmesov\u00fd komun\u00e1lny odpad, objemn\u00fd odpad, stavebn\u00fd odpad, nebezpe\u010dn\u00fd odpad, apod.),<\/h4>\n<\/li>\n<li>\n<h4>druh pozemku \u2013 spevnen\u00e9 plochy, orn\u00e1 p\u00f4da, l\u00faky a\u00a0pasienky, vodn\u00fd tok, pobre\u017en\u00e9 pozemky, inunda\u010dn\u00e9 \u00fazemia apod.,<\/h4>\n<\/li>\n<li>\n<h4>mno\u017estvo odpadu (odhadom) alebo plocha zne\u010disten\u00e1 odpadom.<\/h4>\n<\/li>\n<\/ol>\n<h4><\/h4>\n<h4>(5) Kontaktn\u00e9 \u00fadaje k\u00a0ozn\u00e1meniu nahlasovania nez\u00e1konne umiestnen\u00e9ho odpadu s\u00fa zverejnen\u00e9 na webovom s\u00eddle obce alebo \u00faradnej tabuli.<\/h4>\n<p><a href=\"#_ftnref1\" name=\"_ftn1\"><\/a><\/p>\n","protected":false},"excerpt":{"rendered":"<p>(1) Ozn\u00e1mi\u0165 umiestnenie odpadu na nehnute\u013enosti, ktor\u00e9 je v rozpore s\u00a0osobitn\u00fdm predpisom[1] \u00a0m\u00f4\u017ee ak\u00e1ko\u013evek fyzick\u00e1 osoba alebo pr\u00e1vnick\u00e1 osoba org\u00e1nu \u0161t\u00e1tnej spr\u00e1vy (napr. pr\u00edslu\u0161n\u00e9mu Okresn\u00e9mu \u00faradu, Odboru starostlivosti o \u017eivotn\u00e9 prostredie) alebo obci. (2) Vlastn\u00edk, spr\u00e1vca alebo n\u00e1jomca nehnute\u013enosti je povinn\u00fd bezodkladne po zisten\u00ed, \u017ee na jeho nehnute\u013enosti bol nez\u00e1konne umiestnen\u00fd odpad, ozn\u00e1mi\u0165 t\u00fato skuto\u010dnos\u0165 &hellip; <\/p>\n<p><a class=\"more-link btn\" href=\"https:\/\/www.kojsov.sk\/?page_id=3617\">Chcem vedie\u0165 viac<\/a><\/p>\n","protected":false},"author":1,"featured_media":0,"parent":0,"menu_order":0,"comment_status":"closed","ping_status":"closed","template":"","meta":[],"_links":{"self":[{"href":"https:\/\/www.kojsov.sk\/index.php?rest_route=\/wp\/v2\/pages\/3617"}],"collection":[{"href":"https:\/\/www.kojsov.sk\/index.php?rest_route=\/wp\/v2\/pages"}],"about":[{"href":"https:\/\/www.kojsov.sk\/index.php?rest_route=\/wp\/v2\/types\/page"}],"author":[{"embeddable":true,"href":"https:\/\/www.kojsov.sk\/index.php?rest_route=\/wp\/v2\/users\/1"}],"replies":[{"embeddable":true,"href":"https:\/\/www.kojsov.sk\/index.php?rest_route=%2Fwp%2Fv2%2Fcomments&post=3617"}],"version-history":[{"count":1,"href":"https:\/\/www.kojsov.sk\/index.php?rest_route=\/wp\/v2\/pages\/3617\/revisions"}],"predecessor-version":[{"id":3618,"href":"https:\/\/www.kojsov.sk\/index.php?rest_route=\/wp\/v2\/pages\/3617\/revisions\/3618"}],"wp:attachment":[{"href":"https:\/\/www.kojsov.sk\/index.php?rest_route=%2Fwp%2Fv2%2Fmedia&parent=3617"}],"curies":[{"name":"wp","href":"https:\/\/api.w.org\/{rel}","templated":true}]}}