{"id":3882,"date":"2017-09-05T18:18:00","date_gmt":"2017-09-05T17:18:00","guid":{"rendered":"http:\/\/www.kojsov.sk\/?page_id=3882"},"modified":"2017-10-10T17:31:10","modified_gmt":"2017-10-10T16:31:10","slug":"volby-do-organov-samospravneho-kraja","status":"publish","type":"page","link":"https:\/\/www.kojsov.sk\/?page_id=3882","title":{"rendered":"Vo\u013eby do org\u00e1nov samospr\u00e1vneho kraja"},"content":{"rendered":"<div class=\"ci-short\">\n<p><a href=\"https:\/\/www.kojsov.sk\/wp-content\/uploads\/2017\/08\/zoznam_ksk_predseda.pdf\" class=\"mtli_attachment mtli_pdf\" target=\"_blank\" rel=\"noopener\">Zoznam zaregistrovan\u00fdch kandidatov na predsedu KSK<\/a><\/p>\n<p><a href=\"https:\/\/www.kojsov.sk\/wp-content\/uploads\/2017\/08\/zoznam_ksk_poslanci.pdf\" class=\"mtli_attachment mtli_pdf\" target=\"_blank\" rel=\"noopener\">Zoznam zaregistrovan\u00fdch kandidatov na poslancov KSK za okres Gelnica<\/a><\/p>\n<p>&nbsp;<\/p>\n<p><a href=\"https:\/\/www.kojsov.sk\/wp-content\/uploads\/2017\/09\/volby_2017_rozhodnutie.pdf\" class=\"mtli_attachment mtli_pdf\" target=\"_blank\" rel=\"noopener\">Rozhodnutie o vyhl\u00e1sen\u00ed volieb do org\u00e1nov samospr\u00e1vnych krajov<\/a><\/p>\n<p><a href=\"https:\/\/www.kojsov.sk\/wp-content\/uploads\/2017\/09\/volby_2017_1.pdf\" class=\"mtli_attachment mtli_pdf\" target=\"_blank\" rel=\"noopener\">Ozn\u00e1menie o ur\u010den\u00ed volebn\u00fdch okrskov a ur\u010den\u00ed volebn\u00fdch miestnost\u00ed<\/a><\/p>\n<p><a href=\"https:\/\/www.kojsov.sk\/wp-content\/uploads\/2017\/09\/volby_2017_info.pdf\" class=\"mtli_attachment mtli_pdf\" target=\"_blank\" rel=\"noopener\">Inform\u00e1cia o podmienkach pr\u00e1va voli\u0165 a pr\u00e1va by\u0165 volen\u00fd<\/a><\/p>\n<p>&nbsp;<\/p>\n<p style=\"text-align: center;\">Zverejnenie elektronickej adresy na doru\u010denie ozn\u00e1menia&nbsp;o delegovan\u00ed \u010dlena a n\u00e1hradn\u00edka do okrskovej volebnej komisie k vo\u013eb\u00e1m do org\u00e1nov samospr\u00e1vnych krajov v roku 2017<\/p>\n<p style=\"text-align: center;\">Elektronick\u00e1 adresa na doru\u010denie ozn\u00e1menia o delegovan\u00ed \u010dlena a n\u00e1hradn\u00edka do 1 okrskovej volebnej komisii&nbsp;k vo\u013eb\u00e1m do org\u00e1nov samospr\u00e1vnych krajov&nbsp; &nbsp;v roku 2017 v&nbsp;obci&nbsp;Koj\u0161ov je:<\/p>\n<p style=\"text-align: center;\"><span style=\"color: #000000; font-size: small;\">podatelna(zavin\u00e1\u010d)kojsov.sk<\/span><\/p>\n<p style=\"text-align: center;\">&nbsp;<\/p>\n<\/div>\n<p>&nbsp;<\/p>\n","protected":false},"excerpt":{"rendered":"<p>Zoznam zaregistrovan\u00fdch kandidatov na predsedu KSK Zoznam zaregistrovan\u00fdch kandidatov na poslancov KSK za okres Gelnica &nbsp; Rozhodnutie o vyhl\u00e1sen\u00ed volieb do org\u00e1nov samospr\u00e1vnych krajov Ozn\u00e1menie o ur\u010den\u00ed volebn\u00fdch okrskov a ur\u010den\u00ed volebn\u00fdch miestnost\u00ed Inform\u00e1cia o podmienkach pr\u00e1va voli\u0165 a pr\u00e1va by\u0165 volen\u00fd &nbsp; Zverejnenie elektronickej adresy na doru\u010denie ozn\u00e1menia&nbsp;o delegovan\u00ed \u010dlena a n\u00e1hradn\u00edka do okrskovej &hellip; <\/p>\n<p><a class=\"more-link btn\" href=\"https:\/\/www.kojsov.sk\/?page_id=3882\">Chcem vedie\u0165 viac<\/a><\/p>\n","protected":false},"author":1,"featured_media":0,"parent":0,"menu_order":0,"comment_status":"closed","ping_status":"closed","template":"","meta":[],"_links":{"self":[{"href":"https:\/\/www.kojsov.sk\/index.php?rest_route=\/wp\/v2\/pages\/3882"}],"collection":[{"href":"https:\/\/www.kojsov.sk\/index.php?rest_route=\/wp\/v2\/pages"}],"about":[{"href":"https:\/\/www.kojsov.sk\/index.php?rest_route=\/wp\/v2\/types\/page"}],"author":[{"embeddable":true,"href":"https:\/\/www.kojsov.sk\/index.php?rest_route=\/wp\/v2\/users\/1"}],"replies":[{"embeddable":true,"href":"https:\/\/www.kojsov.sk\/index.php?rest_route=%2Fwp%2Fv2%2Fcomments&post=3882"}],"version-history":[{"count":3,"href":"https:\/\/www.kojsov.sk\/index.php?rest_route=\/wp\/v2\/pages\/3882\/revisions"}],"predecessor-version":[{"id":3926,"href":"https:\/\/www.kojsov.sk\/index.php?rest_route=\/wp\/v2\/pages\/3882\/revisions\/3926"}],"wp:attachment":[{"href":"https:\/\/www.kojsov.sk\/index.php?rest_route=%2Fwp%2Fv2%2Fmedia&parent=3882"}],"curies":[{"name":"wp","href":"https:\/\/api.w.org\/{rel}","templated":true}]}}