{"id":4005,"date":"2018-01-06T11:58:00","date_gmt":"2018-01-06T10:58:00","guid":{"rendered":"http:\/\/www.kojsov.sk\/?page_id=4005"},"modified":"2022-11-15T13:58:24","modified_gmt":"2022-11-15T12:58:24","slug":"zverejnovanie-faktur-2018","status":"publish","type":"page","link":"https:\/\/www.kojsov.sk\/?page_id=4005","title":{"rendered":"Zverej\u0148ovanie dokumentov 2018"},"content":{"rendered":"[table \"51\" not found \/]<br \/>\n\n\n\n<p><h2><strong>Zverej\u0148ovanie zml\u00fav 2018<\/strong><\/h2><\/p>\n\n\n\n<figure id=\"tablepress-50\" class=\"wp-block-table\"><table><thead><tr><th>\u010c\u00edslo zmluvy<\/th><th>Zmluvn\u00e1 strana<\/th><th>N\u00e1zov zmluvy<\/th><th>Predmet zmluvy<\/th><th>D\u00e1tum zverejnenie<\/th><th>D\u00e1tum platnosti(do)<\/th><th>Cena vr\u00e1tane DPH<\/th><\/tr><\/thead><tbody><tr><td>dodatok \u010d.1<\/td><td>BD Plus,s.r.o. Maurerova 11, 053 42 Krompachy<\/td><td>&nbsp;<\/td><td><a href=\"https:\/\/www.kojsov.sk\/wp-content\/uploads\/zverejnovanie\/2018\/zmluvy\/e4eb7acf25bcc768a827b60d2518d50a.pdf\" class=\"mtli_attachment mtli_pdf\">7.b.j.<\/a><\/td><td>11.01.2018<\/td><td>&nbsp;<\/td><td>\u20ac<\/td><\/tr><tr><td>800\/258\/2016<\/td><td>\u0160t\u00e1tny fond rozvoja b\u00fdvania,Lama\u010dsk\u00e1 cesta 8, Bratislava<\/td><td>Z\u00e1lo\u017en\u00e1 zmluva<\/td><td><a href=\"https:\/\/www.kojsov.sk\/wp-content\/uploads\/zverejnovanie\/2018\/zmluvy\/d80365d2e2fc320ba85a800d83a8088a.pdf\" class=\"mtli_attachment mtli_pdf\">7.b.j.<\/a><\/td><td>06.02.2018<\/td><td>&nbsp;<\/td><td>\u20ac<\/td><\/tr><tr><td>Dodatok \u010d.1-ZoD \u010d.122017<\/td><td>BD Plus s.r.o. Krompachy<\/td><td>&nbsp;<\/td><td><a href=\"https:\/\/www.kojsov.sk\/wp-content\/uploads\/zverejnovanie\/2018\/zmluvy\/410c004e679804c092c2e9aa2c7885b2.pdf\" class=\"mtli_attachment mtli_pdf\">Roz\u0161\u00edrenie syst\u00e9mu nakladania s odpadom v obci Koj\u0161ov<\/a><\/td><td>12.03.2017<\/td><td>&nbsp;<\/td><td>\u20ac<\/td><\/tr><tr><td>&nbsp;<\/td><td>V\u0161eobecn\u00e1 \u00faverov\u00e1 banka, a.s. Mlynsk\u00e9 nivy 1, 829 90 Bratislava 25<\/td><td>Dodatok k zmluve o be\u017enom \u00fa\u010dte<\/td><td><a href=\"https:\/\/www.kojsov.sk\/wp-content\/uploads\/zverejnovanie\/2018\/zmluvy\/48b6c275145c667e632347e78526bb95.pdf\" class=\"mtli_attachment mtli_pdf\">Vinkulovan\u00fd vklad<\/a><\/td><td>13.06.2018<\/td><td>&nbsp;<\/td><td>2 138,46 \u20ac<\/td><\/tr><tr><td>148 674<\/td><td>Dobrovo\u013en\u00e1 po\u017eiarna ochrana SR, Kutuzovova 17,831 03 Bratislava<\/td><td>Zmluva o poskytnut\u00ed dot\u00e1cie<\/td><td>&nbsp;<\/td><td>09.07.2018<\/td><td>&nbsp;<\/td><td>\u20ac<\/td><\/tr><tr><td>19072018<\/td><td>Hendy servis, s.r.o.<\/td><td>Zmluva o dielo<\/td><td><a href=\"https:\/\/www.kojsov.sk\/wp-content\/uploads\/2022\/09\/zmluva-o-dielo-19.07.2018.pdf\" class=\"mtli_attachment mtli_pdf\">V\u00fdkopov\u00e9 a b\u00faracie pr\u00e1ce stavebn\u00fdm strojom<\/a><\/td><td>19.07.2018<\/td><td><\/td><td> \u20ac <\/td><\/tr><tr><td>Dodatok \u010d.1<\/td><td>JOKO timber s.r.o. 055 52 Koj\u0161ov27<\/td><td>Zmluva o n\u00e1jme zo d\u0148a 15.07.2016<\/td><td><a href=\"https:\/\/www.kojsov.sk\/wp-content\/uploads\/zverejnovanie\/2018\/zmluvy\/72edbc9472274d086f355141e26abdda.pdf\" class=\"mtli_attachment mtli_pdf\">Nebytov\u00e9 priestory<\/a><\/td><td>03.08.2018<\/td><td>31.08.2021<\/td><td>\u20ac<\/td><\/tr><tr><td>&nbsp;<\/td><td>Mat\u00fa\u0161 Bu\u010dko-IS Technology, 055 52 Koj\u0161ov \u010d.316<\/td><td>Zmluva o dielo<\/td><td><a href=\"https:\/\/www.kojsov.sk\/wp-content\/uploads\/zverejnovanie\/2018\/zmluvy\/4f6597291aab3625351e5ce9437764a6.pdf\" class=\"mtli_attachment mtli_pdf\">Roz\u0161\u00edrenie kamerov\u00e9ho syst\u00e9mu<\/a><\/td><td>03.08.2018<\/td><td>&nbsp;<\/td><td>13 851,92 \u20ac<\/td><\/tr><tr><td>&nbsp;<\/td><td>KRAMA s.r.o.M\u00e1nesova 23\/3582, 040 01 Ko\u0161ice<\/td><td>Dohoda o ukon\u010den\u00ed zmluvy<\/td><td><a href=\"https:\/\/www.kojsov.sk\/wp-content\/uploads\/zverejnovanie\/2018\/zmluvy\/2e9a11f6f92f847df1e1d7c0b979cadc.pdf\" class=\"mtli_attachment mtli_pdf\">N\u00e1jom nebytov\u00fdch priestorov<\/a><\/td><td>03.08.2018<\/td><td>&nbsp;<\/td><td>\u20ac<\/td><\/tr><tr><td>&nbsp;<\/td><td>KRAMA s.r.o M\u00e1nesova 23\/3582, 040 01 Ko\u0161ice<\/td><td>Zmluva o n\u00e1jme nebytov\u00fdch priestorov<\/td><td><a href=\"https:\/\/www.kojsov.sk\/wp-content\/uploads\/zverejnovanie\/2018\/zmluvy\/9448aaabaa129ffdfb67bf0e00a69cab.pdf\" class=\"mtli_attachment mtli_pdf\">Nebytov\u00e9 priestory<\/a><\/td><td>03.08.2018<\/td><td>&nbsp;<\/td><td>\u20ac<\/td><\/tr><tr><td>08082018<\/td><td>C B R s.r.o. Hol\u00e9ho 29,\n083 01 Sabinov<\/td><td>Zmluva o dielo<\/td><td><a href=\"https:\/\/www.kojsov.sk\/wp-content\/uploads\/2022\/09\/zmluva-o-dielo-08.08.2018.pdf\" class=\"mtli_attachment mtli_pdf\">Miestne komunik\u00e1cie &#8211; Koj\u0161ov<\/a><\/td><td>08.08.2018<\/td><td>&nbsp;<\/td><td>8106,00\u20ac<\/td><\/tr><tr><td>08082018<\/td><td>J\u00e1n Mol\u010d\u00e1k, 055 52 Koj\u0161ov 90<\/td><td>Zmluva o dielo<\/td><td><a href=\"https:\/\/www.kojsov.sk\/wp-content\/uploads\/2022\/11\/zmluva-o-dielo-Jan-Molcak.pdf\" class=\"mtli_attachment mtli_pdf\">Zateplenie fas\u00e1dy budovy Materskej \u0161koly \u010d. 187<\/a><\/td><td>08,08.2018<\/td><td><\/td><td>6220,00   \u20ac <\/td><\/tr><tr><td>10082018    <\/td><td>\u013dudov\u00edt Bik\u00e1r &#8211; B-TRIX, 055 62 Prakovce 195<\/td><td>K\u00fapna zmluva<\/td><td><a href=\"https:\/\/www.kojsov.sk\/wp-content\/uploads\/2022\/11\/Kupna-zmluva-B-Trix.pdf\" class=\"mtli_attachment mtli_pdf\">Gumen\u00e1 dla\u017eba hr\u00fabky 40mm<\/a><\/td><td>10.08.2018<\/td><td><\/td><td>2003,76 \u20ac <\/td><\/tr><tr><td>13082018<\/td><td>SIMA plus, s.r.o., Maurerova 13, 0253 42 Krompachy<\/td><td>K\u00fapna zmluva<\/td><td><a href=\"https:\/\/www.kojsov.sk\/wp-content\/uploads\/2022\/11\/kupna-zmluva-SIMA-plus.pdf\" class=\"mtli_attachment mtli_pdf\">Materi\u00e1l na fas\u00e1du Materskej \u0161koly v obci Koj\u0161ov + pren\u00e1jom le\u0161enia<\/a><\/td><td>13.08.2018<\/td><td><\/td><td>4338,14   \u20ac  <br>1320,00  \u20ac   <\/td><\/tr><tr><td>0111-PRB 2016 Z<\/td><td>Ministerstvo dopravy a v\u00fdstavby Slovenskej republiky<\/td><td>Z\u00e1lo\u017en\u00e1 zmluva<\/td><td><a href=\"https:\/\/www.kojsov.sk\/wp-content\/uploads\/zverejnovanie\/2018\/zmluvy\/c55bd376bf10ffeee451ee9c4a5fc985.pdf\" class=\"mtli_attachment mtli_pdf\">7 B.J. so s\u00fap.\u010d.187<\/a><\/td><td>21.11.2018<\/td><td>&nbsp;<\/td><td>340 965,90 \u20ac<\/td><\/tr><tr><td>&nbsp;<\/td><td>JUDr.Luk\u00e1\u0161 Kovani\u010d<\/td><td>Dohoda o odmene za poskytnut\u00e9 pr\u00e1vne slu\u017eby<\/td><td><a href=\"https:\/\/www.kojsov.sk\/wp-content\/uploads\/zverejnovanie\/2018\/zmluvy\/46a2e7566a1ddbce661fd67ef3f86e52.pdf\" class=\"mtli_attachment mtli_pdf\">Odmena za pr\u00e1vne slu\u017eby<\/a><\/td><td>21.11.2018<\/td><td>&nbsp;<\/td><td>\u20ac<\/td><\/tr><tr><td>4\/2018<\/td><td>SIMA Plus Krompachy, s.r.o.<\/td><td>Logick\u00fd celok \u010d.2<\/td><td><a href=\"https:\/\/www.kojsov.sk\/wp-content\/uploads\/zverejnovanie\/2018\/zmluvy\/696576338769e98016b14254ae0e4aaf.pdf\" class=\"mtli_attachment mtli_pdf\">Kontajnery<\/a><\/td><td>27.11.2018<\/td><td>&nbsp;<\/td><td>27 755 \u20ac<\/td><\/tr><tr><td>2018\/5002<\/td><td>CENTEX RS, spol. s. r. o., Star\u00e1 Vajnorsk\u00e1 37, 831 04 Bratislava<\/td><td>K\u00fapna zmluva &#8211; logick\u00fd celok \u010d. 1<\/td><td><a href=\"https:\/\/www.kojsov.sk\/wp-content\/uploads\/zverejnovanie\/2018\/zmluvy\/c8cac90f3ad4610b828ba96a27007dc4.pdf\" class=\"mtli_attachment mtli_pdf\">Logick\u00fd celok \u010d. 1: Kolesov\u00fd traktor s pr\u00edslu\u0161enstvom<\/a><\/td><td>29.11.2018<\/td><td>&nbsp;<\/td><td>80 007,00 \u20ac<\/td><\/tr><tr><td>&nbsp;<\/td><td>ENERCOM, s.r.o. Novoz\u00e1mock\u00e1 102, 949 05 Nitra<\/td><td>Zmluva o dielo<\/td><td><a href=\"https:\/\/www.kojsov.sk\/wp-content\/uploads\/zverejnovanie\/2018\/zmluvy\/cb9b051e266a2602e4c90bd6185518a3.pdf\" class=\"mtli_attachment mtli_pdf\">Detsk\u00e9 ihrisko pri M\u0160 v Koj\u0161ove<\/a><\/td><td>03.12.2018<\/td><td>&nbsp;<\/td><td>10 886,94 \u20ac<\/td><\/tr><tr><td>Dodatok \u010d.1 2018<\/td><td>Urad vl\u00e1dy SR, N\u00e1m.slobody 1, Bratislava<\/td><td>Dodatok \u010d.1\/2018<\/td><td><a href=\"https:\/\/www.kojsov.sk\/wp-content\/uploads\/zverejnovanie\/2018\/zmluvy\/8db500e9f5d837d3b58c02fcebbdc888.pdf\" class=\"mtli_attachment mtli_pdf\">podpora rozvoja \u0161portu<\/a><\/td><td>31.12.2018<\/td><td>&nbsp;<\/td><td>\u20ac<\/td><\/tr><tr><td>&nbsp;<\/td><td>ENERCOM, s.r.o.Novoz\u00e1mock\u00e1 102,949 05 Nitra, I\u010cO:44658591, DI\u010c:2022807369<\/td><td>Zmluva o dielo<\/td><td><a href=\"https:\/\/www.kojsov.sk\/wp-content\/uploads\/zverejnovanie\/2018\/zmluvy\/af498246c0f78727a18a7dd12ed078b1.pdf\" class=\"mtli_attachment mtli_pdf\">Detsk\u00e9 ihrisko pri M\u0160<\/a><\/td><td>03.12.2018<\/td><td>31.03.2019<\/td><td>10 886,94 \u20ac<\/td><\/tr><tr><td>30052018<\/td><td>MOTO RACING TEAM KOJ\u0160OV<\/td><td>Zmluva o poskytnut\u00ed dot\u00e1cie z rozpo\u010dtu obce<\/td><td><a href=\"https:\/\/www.kojsov.sk\/wp-content\/uploads\/zverejnovanie\/2018\/zmluvy\/0b671a193fdaaab728097e49e6ae8a79.pdf\" class=\"mtli_attachment mtli_pdf\">Poskytnutie dot\u00e1cie z rozpo\u010dtu obce<\/a><\/td><td>30.05.2018<\/td><td>31.12.2018<\/td><td>500,00 \u20ac<\/td><\/tr><tr><td>27032018<\/td><td>Telov\u00fdchovn\u00e1 jednota Futbalov\u00fd klub Koj\u0161ov<\/td><td>Zmluva o poskytnut\u00ed dot\u00e1cie z rozpo\u010dtu obce<\/td><td><a href=\"https:\/\/www.kojsov.sk\/wp-content\/uploads\/zverejnovanie\/2018\/zmluvy\/6455880ca0b81dbb0353efc624c81321.pdf\" class=\"mtli_attachment mtli_pdf\">Poskytnutie dot\u00e1cie z rozpo\u010dtu obce<\/a><\/td><td>27.03.2018<\/td><td>31.12.2018<\/td><td>5000,00 \u20ac<\/td><\/tr><tr><td>11072018<\/td><td>Humanitn\u00e1 spolo\u010dnos\u0165 HUMANITA PRE \u017dIVOT, ob\u010dianske zdru\u017eenie<\/td><td>Zmluva o poskytnut\u00ed dot\u00e1cie z rozpo\u010dtu obce<\/td><td><a href=\"https:\/\/www.kojsov.sk\/wp-content\/uploads\/zverejnovanie\/2018\/zmluvy\/5b0458419fe70466edfd3ae38fb9ff57.pdf\" class=\"mtli_attachment mtli_pdf\">Poskytnutie dot\u00e1cie z rozpo\u010dtu obce<\/a><\/td><td>11.07.2018<\/td><td>31.12.2018<\/td><td>500,00 \u20ac<\/td><\/tr><tr><td>10072018<\/td><td>Pravosl\u00e1vna cirkevn\u00e1 obec<\/td><td>Zmluva o poskytnut\u00ed dot\u00e1cie z rozpo\u010dtu obce<\/td><td><a href=\"https:\/\/www.kojsov.sk\/wp-content\/uploads\/zverejnovanie\/2018\/zmluvy\/c3c6445156415f8b2649f46b62b50ec1.pdf\" class=\"mtli_attachment mtli_pdf\">Poskytnutie dot\u00e1cie z rozpo\u010dtu obce<\/a><\/td><td>10.07.2018<\/td><td>31.12.2018<\/td><td>1500,00 \u20ac<\/td><\/tr><tr><td>24042018<\/td><td>SZZP, organiz\u00e1cia Jaklovce<\/td><td>Zmluva o poskytnut\u00ed dot\u00e1cie z rozpo\u010dtu obce<\/td><td><a href=\"https:\/\/www.kojsov.sk\/wp-content\/uploads\/zverejnovanie\/2018\/zmluvy\/70793560907fcc99985ae574c3b9d0d2.pdf\" class=\"mtli_attachment mtli_pdf\">Poskytnutie dot\u00e1cie z rozpo\u010dtu obce<\/a><\/td><td>24.04.2018<\/td><td>31.12.2018<\/td><td>200,00 \u20ac<\/td><\/tr><tr><td>23082018<\/td><td>MIESTNY ODBOR MATICE SLOVENSKEJ V KOJ\u0160OVE<\/td><td>Zmluva o poskytnut\u00ed dot\u00e1cie z rozpo\u010dtu obce<\/td><td><a href=\"https:\/\/www.kojsov.sk\/wp-content\/uploads\/zverejnovanie\/2018\/zmluvy\/4d0326f4e5a2021b7b83a29b0af4af4d.pdf\" class=\"mtli_attachment mtli_pdf\">Poskytnutie dot\u00e1cie z rozpo\u010dtu obce<\/a><\/td><td>23.08.2018<\/td><td>31.12.2018<\/td><td>300,00 \u20ac<\/td><\/tr><tr><td>02\/2018<\/td><td>Ing. Juraj J\u00e1no\u0161<\/td><td>Pr\u00edkazn\u00e1 zmluva<\/td><td><a href=\"https:\/\/www.kojsov.sk\/wp-content\/uploads\/zverejnovanie\/2018\/zmluvy\/5f01b92dda4be2e43ac0d70656732061.pdf\" class=\"mtli_attachment mtli_pdf\">Spracovanie in\u017einiersko-geodetick\u00e9ho prieskumu, vrtn\u00e9 pr\u00e1ce &#8211; na zasakovacej jame v obci Koj\u0161ov &#8211; \u010das\u0165 Reka. Zhotovenie posudku pre pr\u00edkazcu.<\/a><\/td><td>05.06.2018<\/td><td>&nbsp;<\/td><td>\u20ac<\/td><\/tr><tr><td>01\/2018<\/td><td>J\u00e1n Mackovjak<\/td><td>Pr\u00edkazn\u00e1 zmluva<\/td><td><a href=\"https:\/\/www.kojsov.sk\/wp-content\/uploads\/zverejnovanie\/2018\/zmluvy\/20e70fd91990ace2dd810edf988b2bc5.pdf\" class=\"mtli_attachment mtli_pdf\">Pravideln\u00e1 kontrola a \u00fadr\u017eba prev\u00e1dzky \u010cOV + Vodojemu a ostatn\u00fdch zariaden\u00ed.<\/a><\/td><td>14.02.2018<\/td><td>&nbsp;<\/td><td>\u20ac<\/td><\/tr><\/tbody><\/table><\/figure>\n\n\n[table \"52\" not found \/]<br \/>\n\n<p>&nbsp;<\/p>","protected":false},"excerpt":{"rendered":"<p>Zverej\u0148ovanie zml\u00fav 2018 \u010c\u00edslo zmluvy Zmluvn\u00e1 strana N\u00e1zov zmluvy Predmet zmluvy D\u00e1tum zverejnenie D\u00e1tum platnosti(do) Cena vr\u00e1tane DPH dodatok \u010d.1 BD Plus,s.r.o. Maurerova 11, 053 42 Krompachy &nbsp; 7.b.j. 11.01.2018 &nbsp; \u20ac 800\/258\/2016 \u0160t\u00e1tny fond rozvoja b\u00fdvania,Lama\u010dsk\u00e1 cesta 8, Bratislava Z\u00e1lo\u017en\u00e1 zmluva 7.b.j. 06.02.2018 &nbsp; \u20ac Dodatok \u010d.1-ZoD \u010d.122017 BD Plus s.r.o. Krompachy &nbsp; Roz\u0161\u00edrenie &hellip; <\/p>\n<p><a class=\"more-link btn\" href=\"https:\/\/www.kojsov.sk\/?page_id=4005\">Chcem vedie\u0165 viac<\/a><\/p>\n","protected":false},"author":1,"featured_media":0,"parent":0,"menu_order":0,"comment_status":"closed","ping_status":"closed","template":"template-onecolumn.php","meta":[],"_links":{"self":[{"href":"https:\/\/www.kojsov.sk\/index.php?rest_route=\/wp\/v2\/pages\/4005"}],"collection":[{"href":"https:\/\/www.kojsov.sk\/index.php?rest_route=\/wp\/v2\/pages"}],"about":[{"href":"https:\/\/www.kojsov.sk\/index.php?rest_route=\/wp\/v2\/types\/page"}],"author":[{"embeddable":true,"href":"https:\/\/www.kojsov.sk\/index.php?rest_route=\/wp\/v2\/users\/1"}],"replies":[{"embeddable":true,"href":"https:\/\/www.kojsov.sk\/index.php?rest_route=%2Fwp%2Fv2%2Fcomments&post=4005"}],"version-history":[{"count":10,"href":"https:\/\/www.kojsov.sk\/index.php?rest_route=\/wp\/v2\/pages\/4005\/revisions"}],"predecessor-version":[{"id":8081,"href":"https:\/\/www.kojsov.sk\/index.php?rest_route=\/wp\/v2\/pages\/4005\/revisions\/8081"}],"wp:attachment":[{"href":"https:\/\/www.kojsov.sk\/index.php?rest_route=%2Fwp%2Fv2%2Fmedia&parent=4005"}],"curies":[{"name":"wp","href":"https:\/\/api.w.org\/{rel}","templated":true}]}}