{"id":4101,"date":"2018-03-17T11:20:21","date_gmt":"2018-03-17T10:20:21","guid":{"rendered":"http:\/\/www.kojsov.sk\/?page_id=4101"},"modified":"2026-03-27T12:10:58","modified_gmt":"2026-03-27T10:10:58","slug":"rozpocet-obce-2","status":"publish","type":"page","link":"https:\/\/www.kojsov.sk\/?page_id=4101","title":{"rendered":"Rozpo\u010det obce"},"content":{"rendered":"\n<p><a href=\"https:\/\/www.kojsov.sk\/wp-content\/uploads\/2026\/03\/Rozpocet-na-rok-2026-schvaleny-prijmy.pdf\" class=\"mtli_attachment mtli_pdf\">N\u00e1vrh rozpo\u010dtu na roky 2026-2028 &#8211; pr\u00edjmy<\/a>;  <strong>Schv\u00e1len\u00e9: <\/strong><a href=\"https:\/\/www.kojsov.sk\/wp-content\/uploads\/2026\/03\/uznesenie-k-schvalenemu-rozpoctu.pdf\" class=\"mtli_attachment mtli_pdf\">Uznesenia <\/a><\/p>\n\n\n\n<p><a href=\"https:\/\/www.kojsov.sk\/wp-content\/uploads\/2026\/03\/Rozpocet-na-rok-2026-schvaleny-vydaj.pdf\" class=\"mtli_attachment mtli_pdf\">N\u00e1vrh rozpo\u010dtu na roky 2026-2028 &#8211; v\u00fddavky<\/a>; <strong>Schv\u00e1len\u00e9: <\/strong><a href=\"https:\/\/www.kojsov.sk\/wp-content\/uploads\/2026\/03\/uznesenie-k-schvalenemu-rozpoctu.pdf\" class=\"mtli_attachment mtli_pdf\">Uznesenia <\/a><\/p>\n\n\n\n<p><a href=\"https:\/\/www.kojsov.sk\/wp-content\/uploads\/2025\/03\/Navrh-rozpoctu-na-roky-2025-2027-prijmy.pdf\" class=\"mtli_attachment mtli_pdf\">N\u00e1vrh rozpo\u010dtu na roky 2025-2027 &#8211; pr\u00edjmy<\/a>; <strong>Schv\u00e1len\u00e9: <\/strong><a href=\"https:\/\/www.kojsov.sk\/wp-content\/uploads\/2025\/03\/Uznesenia.pdf\" class=\"mtli_attachment mtli_pdf\">Uznesenia<\/a><\/p>\n\n\n\n<p><a href=\"https:\/\/www.kojsov.sk\/wp-content\/uploads\/2025\/03\/Navrh-rozpoctu-na-roky-2025-2027-vydavky.pdf\" class=\"mtli_attachment mtli_pdf\">N\u00e1vrh rozpo\u010dtu na roky 2025-2027 &#8211; v\u00fddavky<\/a>; <strong>Schv\u00e1len\u00e9: <\/strong><a href=\"https:\/\/www.kojsov.sk\/wp-content\/uploads\/2025\/03\/Uznesenia.pdf\" class=\"mtli_attachment mtli_pdf\">Uznesenia<\/a><\/p>\n\n\n\n<p><a href=\"https:\/\/www.kojsov.sk\/wp-content\/uploads\/2024\/07\/Rozpoctove-opatrenie-c.-1-2024.pdf\" class=\"mtli_attachment mtli_pdf\">Rozpo\u010dtov\u00e9 opatrenie \u010d. 1\/2024<\/a><\/p>\n\n\n\n<p><a href=\"https:\/\/www.kojsov.sk\/wp-content\/uploads\/2024\/05\/Navrh-rozpoctu-na-rok-2024-prijmy.pdf\" class=\"mtli_attachment mtli_pdf\">N\u00e1vrh rozpo\u010dtu na rok 2024 &#8211; pr\u00edjmy<\/a>; <strong>Schv\u00e1len\u00e9: <\/strong><a href=\"https:\/\/www.kojsov.sk\/wp-content\/uploads\/2024\/05\/Uznesenia.pdf\" class=\"mtli_attachment mtli_pdf\">Uznesenia<\/a><\/p>\n\n\n\n<p><a href=\"https:\/\/www.kojsov.sk\/wp-content\/uploads\/2024\/05\/Navrh-rozpoctu-na-rok-2024-vydavky.pdf\" class=\"mtli_attachment mtli_pdf\">N\u00e1vrh rozpo\u010dtu na rok 2024 &#8211; v\u00fddavky<\/a>; <strong>Schv\u00e1len\u00e9: <\/strong><a href=\"https:\/\/www.kojsov.sk\/wp-content\/uploads\/2024\/05\/Uznesenia.pdf\" class=\"mtli_attachment mtli_pdf\">Uznesenia<\/a><\/p>\n\n\n\n<p><a href=\"https:\/\/www.kojsov.sk\/wp-content\/uploads\/2023\/07\/Rozpoctove-opatrenie-1_2023.pdf\" class=\"mtli_attachment mtli_pdf\">Rozpo\u010dtov\u00e9 opatrenie 1\/2023<\/a>; <strong>Vzat\u00e9 na vedomie:<\/strong>  <a href=\"https:\/\/www.kojsov.sk\/wp-content\/uploads\/2023\/07\/Uznesenie-92_2023.pdf\" class=\"mtli_attachment mtli_pdf\">Uznesenie<\/a><\/p>\n\n\n\n<p><a href=\"https:\/\/www.kojsov.sk\/wp-content\/uploads\/2023\/06\/rozpocet-prijmy-2023.pdf\" class=\"mtli_attachment mtli_pdf\">N\u00e1vrh rozpo\u010dtu na rok 2023 &#8211; pr\u00edjmy<\/a>;  <strong>Schv\u00e1len\u00e9<\/strong>:  <a href=\"https:\/\/www.kojsov.sk\/wp-content\/uploads\/2023\/06\/Uznesenie-c.-85-87.pdf\" class=\"mtli_attachment mtli_pdf\">Uznesenia<\/a><\/p>\n\n\n\n<p><a href=\"https:\/\/www.kojsov.sk\/wp-content\/uploads\/2023\/06\/rozpocet-vydavky-2023.pdf\" class=\"mtli_attachment mtli_pdf\">N\u00e1vrh rozpo\u010dtu na rok 2023 &#8211; v\u00fddavky<\/a>;  <strong>Schv\u00e1len\u00e9<\/strong>:  <a href=\"https:\/\/www.kojsov.sk\/wp-content\/uploads\/2023\/06\/Uznesenie-c.-85-87.pdf\" class=\"mtli_attachment mtli_pdf\">Uznesenia<\/a>  <\/p>\n\n\n\n<p><a href=\"https:\/\/www.kojsov.sk\/wp-content\/uploads\/2022\/11\/Rozpoctove-opatrenie-2-2022.pdf\" class=\"mtli_attachment mtli_pdf\">Rozpo\u010dtov\u00e9 opatrenie \u010d. 02\/2022<\/a><\/p>\n\n\n\n<p><a href=\"https:\/\/www.kojsov.sk\/wp-content\/uploads\/2022\/07\/rozpoctove-opatrenie-1-2022-.pdf\" class=\"mtli_attachment mtli_pdf\">Rozpo\u010dtov\u00e9 opatrenie \u010d. 01\/2022<\/a><\/p>\n\n\n\n<p><a href=\"https:\/\/www.kojsov.sk\/wp-content\/uploads\/2022\/05\/Rozpocet-r.2022-2024-Prijmy.pdf\" class=\"mtli_attachment mtli_pdf\">N\u00e1vrh rozpo\u010dtu na rok 2022 &#8211; pr\u00edjmy<\/a>   <strong>Schv\u00e1len\u00e9<\/strong>: <a href=\"https:\/\/www.kojsov.sk\/wp-content\/uploads\/2022\/05\/Uznesenie-c.-2442022.pdf\" class=\"mtli_attachment mtli_pdf\">Uznesen\u00edm<\/a><\/p>\n\n\n\n<p><a href=\"https:\/\/www.kojsov.sk\/wp-content\/uploads\/2022\/05\/Rozpocet-r.2022-2024-Vydaje.pdf\" class=\"mtli_attachment mtli_pdf\">N\u00e1vrh rozpo\u010dtu na rok 2022 &#8211; v\u00fddavky<\/a>   <strong>Schv\u00e1len\u00e9<\/strong>: <a href=\"https:\/\/www.kojsov.sk\/wp-content\/uploads\/2022\/05\/Uznesenie-c.-2442022.pdf\" class=\"mtli_attachment mtli_pdf\">Uznesen\u00edm<\/a> <\/p>\n\n\n\n<p><a href=\"https:\/\/www.kojsov.sk\/wp-content\/uploads\/2022\/05\/Plnenie-rozpoctu-r.2021-Prijmy.pdf\" class=\"mtli_attachment mtli_pdf\">Plnenie rozpo\u010dtu obce za r. 2021 &#8211; pr\u00edjmy<\/a><\/p>\n\n\n\n<p><a href=\"https:\/\/www.kojsov.sk\/wp-content\/uploads\/2022\/05\/Plnenie-rozpoctu-r.2021-Vydaje.pdf\" class=\"mtli_attachment mtli_pdf\">Plnenie rozpo\u010dtu obce za r. 2021 &#8211; v\u00fddavky<\/a><\/p>\n\n\n\n<p><a href=\"https:\/\/www.kojsov.sk\/wp-content\/uploads\/2022\/05\/Rozpoctove-opatrenie-1-2021.pdf\" class=\"mtli_attachment mtli_pdf\">Rozpo\u010dtov\u00e9 opatrenie&nbsp; \u010d. 1\/2021<\/a><\/p>\n\n\n\n<p><a href=\"https:\/\/www.kojsov.sk\/wp-content\/uploads\/2021\/03\/navrh_rozpoctu_21_23_prijmy.pdf\" class=\"mtli_attachment mtli_pdf\">N\u00e1vrh rozpo\u010dtu na rok 2021 &#8211; pr\u00edjmy<\/a>  <strong>Schv\u00e1len\u00e9<\/strong>: <a href=\"https:\/\/www.kojsov.sk\/wp-content\/uploads\/uznesenie\/2018_2022\/uznesenie_c13.pdf\" class=\"mtli_attachment mtli_pdf\">Uznesen\u00edm<\/a> <\/p>\n\n\n\n<p><a href=\"https:\/\/www.kojsov.sk\/wp-content\/uploads\/2021\/03\/navrh_rozpoctu_21_23_vydavky.pdf\" class=\"mtli_attachment mtli_pdf\">N\u00e1vrh rozpo\u010dtu na rok 2021 &#8211; v\u00fddavky<\/a>   <strong>Schv\u00e1len\u00e9<\/strong>: <a href=\"https:\/\/www.kojsov.sk\/wp-content\/uploads\/uznesenie\/2018_2022\/uznesenie_c13.pdf\" class=\"mtli_attachment mtli_pdf\">Uznesen\u00edm<\/a>  <\/p>\n\n\n\n<p><a href=\"https:\/\/www.kojsov.sk\/wp-content\/uploads\/2021\/02\/plnenie_2020_prijem.pdf\" class=\"mtli_attachment mtli_pdf\">Plnenie rozpo\u010dtu obce za r. 2020 &#8211; pr\u00edjmy<\/a><\/p>\n\n\n\n<p><a href=\"https:\/\/www.kojsov.sk\/wp-content\/uploads\/2021\/02\/plnenie_2020_vydaj.pdf\" class=\"mtli_attachment mtli_pdf\">Plnenie rozpo\u010dtu obce za r. 2020 &#8211; v\u00fddavky<\/a><\/p>\n\n\n\n<p><a href=\"https:\/\/www.kojsov.sk\/wp-content\/uploads\/2020\/12\/rozpoctove_opatrenie_032020.pdf\" class=\"mtli_attachment mtli_pdf\">Rozpo\u010dtov\u00e9 opatrenie \u010d. 03\/2020<\/a><\/p>\n\n\n\n<p><a href=\"https:\/\/www.kojsov.sk\/wp-content\/uploads\/2020\/12\/rozpoctove_opatrenie_022020.pdf\" class=\"mtli_attachment mtli_pdf\">Rozpo\u010dtov\u00e9 opatrenie \u010d. 02\/2020<\/a><\/p>\n\n\n\n<p><a href=\"https:\/\/www.kojsov.sk\/wp-content\/uploads\/2020\/12\/rozpoctove_opatrenie_012020.pdf\" class=\"mtli_attachment mtli_pdf\">Rozpo\u010dtov\u00e9 opatrenie \u010d. 01\/2020<\/a><\/p>\n\n\n\n<p><a href=\"https:\/\/www.kojsov.sk\/wp-content\/uploads\/2020\/05\/navrh_rozpoctu_20_22_prijmy.pdf\" class=\"mtli_attachment mtli_pdf\">N\u00e1vrh rozpo\u010dtu na rok 2020 &#8211; pr\u00edjmy<\/a>   <strong>Schv\u00e1len\u00e9<\/strong>: <a href=\"https:\/\/www.kojsov.sk\/wp-content\/uploads\/uznesenie\/2018_2022\/uznesenie_c9.pdf\" class=\"mtli_attachment mtli_pdf\">Uznesen\u00edm<\/a>  <\/p>\n\n\n\n<p><a href=\"https:\/\/www.kojsov.sk\/wp-content\/uploads\/2020\/05\/navrh_rozpoctu_20_22_vydavky.pdf\" class=\"mtli_attachment mtli_pdf\">N\u00e1vrh rozpo\u010dtu na rok 2020 &#8211; v\u00fddavky<\/a>   <strong>Schv\u00e1len\u00e9<\/strong>: <a href=\"https:\/\/www.kojsov.sk\/wp-content\/uploads\/uznesenie\/2018_2022\/uznesenie_c9.pdf\" class=\"mtli_attachment mtli_pdf\">Uznesen\u00edm<\/a>  <\/p>\n\n\n\n<p><a href=\"https:\/\/www.kojsov.sk\/wp-content\/uploads\/2020\/05\/plnenie_rozpoctu_2019.pdf\" class=\"mtli_attachment mtli_pdf\">Plnenie rozpo\u010dtu obce za rok 2019 &#8211; pr\u00edjmy, v\u00fddavky<\/a><\/p>\n\n\n\n<p> <a href=\"https:\/\/www.kojsov.sk\/wp-content\/uploads\/2022\/05\/Rozpoctove-opatrenie-c_2_2019.pdf\" class=\"mtli_attachment mtli_pdf\">Rozpo\u010dtov\u00e9 opatrenie&nbsp; \u010d. 2\/2019<\/a> <\/p>\n\n\n\n<p><a href=\"https:\/\/www.kojsov.sk\/wp-content\/uploads\/2019\/07\/ro_0119.pdf\" class=\"mtli_attachment mtli_pdf\">Rozpo\u010dtov\u00e9 opatrenie&nbsp; \u010d. 1\/2019<\/a><\/p>\n\n\n\n<p><a href=\"https:\/\/www.kojsov.sk\/wp-content\/uploads\/2019\/03\/navrh_rozpoctu_2019_prijmy.pdf\" class=\"mtli_attachment mtli_pdf\">N\u00e1vrh rozpo\u010dtu na rok 2019 &#8211; pr\u00edjmy<\/a>    <strong>Schv\u00e1len\u00e9<\/strong>: <a href=\"https:\/\/www.kojsov.sk\/wp-content\/uploads\/2022\/05\/uznesenie_24_2019.pdf\" class=\"mtli_attachment mtli_pdf\">Uznesen\u00edm <\/a> <\/p>\n\n\n\n<p><a href=\"https:\/\/www.kojsov.sk\/wp-content\/uploads\/2019\/03\/navrh_rozpoctu_2019_vydavky.pdf\" class=\"mtli_attachment mtli_pdf\">N\u00e1vrh rozpo\u010dtu na rok 2019 &#8211; v\u00fddavky<\/a>    <strong>Schv\u00e1len\u00e9<\/strong>: <a href=\"https:\/\/www.kojsov.sk\/wp-content\/uploads\/2022\/05\/uznesenie_24_2019.pdf\" class=\"mtli_attachment mtli_pdf\">Uznesen\u00edm  <\/a><\/p>\n\n\n\n<p><a href=\"https:\/\/www.kojsov.sk\/wp-content\/uploads\/2022\/05\/Plnenie-rozpoctu-r.2018-Prijmy.pdf\" class=\"mtli_attachment mtli_pdf\">Plnenie rozpo\u010dtu obce za r. 2018 &#8211; pr\u00edjmy<\/a><\/p>\n\n\n\n<p> <a href=\"https:\/\/www.kojsov.sk\/wp-content\/uploads\/2022\/05\/Plnenie-rozpoctu-r.2018-Vydaje.pdf\" class=\"mtli_attachment mtli_pdf\">Plnenie rozpo\u010dtu obce za r. 2018 &#8211; v\u00fddavky<\/a> <\/p>\n\n\n\n<p><a href=\"https:\/\/www.kojsov.sk\/wp-content\/uploads\/2022\/05\/Rozpoctove-opatrenie-c-1-2018.pdf\" class=\"mtli_attachment mtli_pdf\">Rozpo\u010dtov\u00e9 opatrenie&nbsp; \u010d. 1\/2018<\/a><\/p>\n\n\n\n<p><a href=\"https:\/\/www.kojsov.sk\/wp-content\/uploads\/2018\/03\/nr_prijmy_2018.pdf\" class=\"mtli_attachment mtli_pdf\">N\u00e1vrh rozpo\u010dtu na rok 2018 &#8211; pr\u00edjmy<\/a>    <strong>Schv\u00e1len\u00e9<\/strong>: <a href=\"https:\/\/www.kojsov.sk\/wp-content\/uploads\/uznesenie\/2014_2018\/uznesenie_c23.pdf\" class=\"mtli_attachment mtli_pdf\">Uznesen\u00edm <\/a><\/p>\n\n\n\n<p><a href=\"https:\/\/www.kojsov.sk\/wp-content\/uploads\/2018\/03\/nr_vydaje_2018.pdf\" class=\"mtli_attachment mtli_pdf\">N\u00e1vrh rozpo\u010dtu na rok 2018 &#8211; v\u00fddavky<\/a>    <strong>Schv\u00e1len\u00e9<\/strong>: <a href=\"https:\/\/www.kojsov.sk\/wp-content\/uploads\/uznesenie\/2014_2018\/uznesenie_c23.pdf\" class=\"mtli_attachment mtli_pdf\">Uznesen\u00edm<\/a> <\/p>\n\n\n\n<p><\/p>\n","protected":false},"excerpt":{"rendered":"<p>N\u00e1vrh rozpo\u010dtu na roky 2026-2028 &#8211; pr\u00edjmy; Schv\u00e1len\u00e9: Uznesenia N\u00e1vrh rozpo\u010dtu na roky 2026-2028 &#8211; v\u00fddavky; Schv\u00e1len\u00e9: Uznesenia N\u00e1vrh rozpo\u010dtu na roky 2025-2027 &#8211; pr\u00edjmy; Schv\u00e1len\u00e9: Uznesenia N\u00e1vrh rozpo\u010dtu na roky 2025-2027 &#8211; v\u00fddavky; Schv\u00e1len\u00e9: Uznesenia Rozpo\u010dtov\u00e9 opatrenie \u010d. 1\/2024 N\u00e1vrh rozpo\u010dtu na rok 2024 &#8211; pr\u00edjmy; Schv\u00e1len\u00e9: Uznesenia N\u00e1vrh rozpo\u010dtu na rok 2024 &#8211; &hellip; <\/p>\n<p><a class=\"more-link btn\" href=\"https:\/\/www.kojsov.sk\/?page_id=4101\">Chcem vedie\u0165 viac<\/a><\/p>\n","protected":false},"author":1,"featured_media":0,"parent":0,"menu_order":0,"comment_status":"closed","ping_status":"closed","template":"","meta":[],"_links":{"self":[{"href":"https:\/\/www.kojsov.sk\/index.php?rest_route=\/wp\/v2\/pages\/4101"}],"collection":[{"href":"https:\/\/www.kojsov.sk\/index.php?rest_route=\/wp\/v2\/pages"}],"about":[{"href":"https:\/\/www.kojsov.sk\/index.php?rest_route=\/wp\/v2\/types\/page"}],"author":[{"embeddable":true,"href":"https:\/\/www.kojsov.sk\/index.php?rest_route=\/wp\/v2\/users\/1"}],"replies":[{"embeddable":true,"href":"https:\/\/www.kojsov.sk\/index.php?rest_route=%2Fwp%2Fv2%2Fcomments&post=4101"}],"version-history":[{"count":9,"href":"https:\/\/www.kojsov.sk\/index.php?rest_route=\/wp\/v2\/pages\/4101\/revisions"}],"predecessor-version":[{"id":9962,"href":"https:\/\/www.kojsov.sk\/index.php?rest_route=\/wp\/v2\/pages\/4101\/revisions\/9962"}],"wp:attachment":[{"href":"https:\/\/www.kojsov.sk\/index.php?rest_route=%2Fwp%2Fv2%2Fmedia&parent=4101"}],"curies":[{"name":"wp","href":"https:\/\/api.w.org\/{rel}","templated":true}]}}