{"id":4118,"date":"2018-03-20T17:29:31","date_gmt":"2018-03-20T16:29:31","guid":{"rendered":"http:\/\/www.kojsov.sk\/?page_id=4118"},"modified":"2025-03-06T14:54:02","modified_gmt":"2025-03-06T12:54:02","slug":"projekty-obce","status":"publish","type":"page","link":"https:\/\/www.kojsov.sk\/?page_id=4118","title":{"rendered":"Projekty obce"},"content":{"rendered":"\n<figure class=\"wp-block-table\"><table><tbody><tr><td><a href=\"https:\/\/www.kojsov.sk\/wp-content\/uploads\/2025\/03\/Prestavba-objektu-pre-travenie-volneho-casu.pdf\" class=\"mtli_attachment mtli_pdf\">Prestavba objektu pre tr\u00e1venie vo\u013en\u00e9ho \u010dasu<\/a><\/td><td><\/td><\/tr><tr><td><a href=\"https:\/\/www.kojsov.sk\/wp-content\/uploads\/2023\/12\/Rekonstrukcia-miestnej-komunikacie.pdf\" class=\"mtli_attachment mtli_pdf\">Rekon\u0161trukcia miestnej komunik\u00e1cie<\/a><\/td><td><\/td><\/tr><tr><td><a href=\"https:\/\/www.kojsov.sk\/wp-content\/uploads\/2023\/11\/Zastavka-novostavba-Obec-Kojsov-par.-c.-804-.pdf\" class=\"mtli_attachment mtli_pdf\">Zast\u00e1vka &#8211; novostavba, Obec Koj\u0161ov par. \u010d. 804<\/a><br><br><a href=\"https:\/\/www.kojsov.sk\/?page_id=7262\">Izba trad\u00edci\u00ed a osobnost\u00ed obce Koj\u0161ov<\/a><br><br><a href=\"https:\/\/www.kojsov.sk\/wp-content\/uploads\/2024\/11\/Rozsirenie-systemu-nakladania-s-odpadom-v-obci-Kojsov.pdf\" class=\"mtli_attachment mtli_pdf\">Roz\u0161\u00edrenie syst\u00e9mu nakladania s odpadom v obci Koj\u0161ov<\/a><br><br><a href=\"https:\/\/www.kojsov.sk\/wp-content\/uploads\/2019\/01\/realizacia_projektu_kamerovy_system.pdf\" class=\"mtli_attachment mtli_pdf\">Roz\u0161\u00edrenie kamerov\u00e9ho syst\u00e9mu obce Koj\u0161ov<\/a><br><br><a href=\"https:\/\/www.kojsov.sk\/wp-content\/uploads\/2022\/10\/rekonstrukcia-miestnej-komunikacie.pdf\" class=\"mtli_attachment mtli_pdf\">Rekon\u0161trukcia miestnej komunik\u00e1cie<\/a><br><br><a href=\"https:\/\/www.kojsov.sk\/wp-content\/uploads\/2022\/12\/CBQ7_Plagat-A3-EFRR-zmena-sumy.pdf\" class=\"mtli_attachment mtli_pdf\">Zdroj tepla KD Koj\u0161ov &#8211; CBQ7<\/a><br>Predmetom projektu je moderniz\u00e1cia existuj\u00faceho zdroja tepla pre zabezpe\u010denie dod\u00e1vky tepla pre objekt kult\u00farneho domu. Vykurovanie objektu bude rie\u0161en\u00e9 splitov\u00fdm tepeln\u00fdm \u010derpadlom vzduch \u2013 voda AERO SLM 6-17 tepeln\u00e9ho v\u00fdkonu A7\/W35 \u2013 21,2 kW, \u010d\u00edm sa zn\u00ed\u017ei prim\u00e1rna energetick\u00e1 n\u00e1ro\u010dnos\u0165. Navrhovanou v\u00fdstavbou nov\u00e9ho zdroja tepla na b\u00e1ze OZE sa dosiahne zv\u00fd\u0161enie \u00fa\u010dinnosti a hospod\u00e1rnosti prev\u00e1dzky zdroja tepla, zn\u00ed\u017eenie emisi\u00ed zne\u010dis\u0165uj\u00facich l\u00e1tok a zlep\u0161enie kvality ovzdu\u0161ia a \u017eivotn\u00e9ho prostredia.<br>O\u010dak\u00e1van\u00e9 zn\u00ed\u017eenie spotreby elektrickej energie je na \u00farovni cca 3,05 MWh\/rok.<br>Term\u00edn realiz\u00e1cie: 09-10\/2022<br><br><a href=\"https:\/\/www.kojsov.sk\/wp-content\/uploads\/2023\/02\/CBQ8_Plagat-A3-EFRR_po-VO-opr.pdf\" class=\"mtli_attachment mtli_pdf\">Zdroj tepla pre Matersk\u00fa \u0161kolu &#8211; CBQ8<\/a> <br>Predmetom projektu je moderniz\u00e1cia existuj\u00faceho zdroja tepla pre zabezpe\u010denie dod\u00e1vky tepla pre objekt materskej \u0161koly. Nov\u00fdm navrhovan\u00fdm zdrojom tepla, ktor\u00fd bude integrovan\u00fd do existuj\u00faceho zdroja tepla a zabezpe\u010d\u00ed vykurovanie objektu bude plynov\u00e9 tepeln\u00e9 \u010derpadlo vzduch voda typ K18 s tepeln\u00fdm v\u00fdkonom maxim\u00e1lne 1x 18,9 kW (pri A7\/W35). Navrhovanou v\u00fdstavbou nov\u00e9ho zdroja tepla na b\u00e1ze OZE sa dosiahne zv\u00fd\u0161enie \u00fa\u010dinnosti a hospod\u00e1rnosti prev\u00e1dzky zdroja tepla, zn\u00ed\u017eenie emisi\u00ed zne\u010dis\u0165uj\u00facich l\u00e1tok a zlep\u0161enie kvality ovzdu\u0161ia a \u017eivotn\u00e9ho prostredia.<br>O\u010dak\u00e1van\u00e9 \u00faspora plynu je 360,7575 m3 \/rok.<br>Term\u00edn realiz\u00e1cie: 09-10\/2022<br><br><a href=\"https:\/\/www.kojsov.sk\/wp-content\/uploads\/2023\/01\/Galeria-Juraja-Jakubiska.pdf\" class=\"mtli_attachment mtli_pdf\">Gal\u00e9ria Juraja Jakubiska<\/a><br><br><a href=\"https:\/\/www.kojsov.sk\/wp-content\/uploads\/2023\/09\/Riesenie-migracnych-vyziev-v-obci-Kojsov.pdf\" class=\"mtli_attachment mtli_pdf\">Rie\u0161enie migra\u010dn\u00fdch v\u00fdziev v obci Koj\u0161ov<\/a><\/td><td><\/td><\/tr><\/tbody><\/table><\/figure>\n\n\n\n<div class=\"wp-block-group\"><div class=\"wp-block-group__inner-container\"><\/div><\/div>\n","protected":false},"excerpt":{"rendered":"<p>Prestavba objektu pre tr\u00e1venie vo\u013en\u00e9ho \u010dasu Rekon\u0161trukcia miestnej komunik\u00e1cie Zast\u00e1vka &#8211; novostavba, Obec Koj\u0161ov par. \u010d. 804 Izba trad\u00edci\u00ed a osobnost\u00ed obce Koj\u0161ov Roz\u0161\u00edrenie syst\u00e9mu nakladania s odpadom v obci Koj\u0161ov Roz\u0161\u00edrenie kamerov\u00e9ho syst\u00e9mu obce Koj\u0161ov Rekon\u0161trukcia miestnej komunik\u00e1cie Zdroj tepla KD Koj\u0161ov &#8211; CBQ7Predmetom projektu je moderniz\u00e1cia existuj\u00faceho zdroja tepla pre zabezpe\u010denie dod\u00e1vky tepla &hellip; <\/p>\n<p><a class=\"more-link btn\" href=\"https:\/\/www.kojsov.sk\/?page_id=4118\">Chcem vedie\u0165 viac<\/a><\/p>\n","protected":false},"author":1,"featured_media":0,"parent":0,"menu_order":0,"comment_status":"closed","ping_status":"closed","template":"","meta":[],"_links":{"self":[{"href":"https:\/\/www.kojsov.sk\/index.php?rest_route=\/wp\/v2\/pages\/4118"}],"collection":[{"href":"https:\/\/www.kojsov.sk\/index.php?rest_route=\/wp\/v2\/pages"}],"about":[{"href":"https:\/\/www.kojsov.sk\/index.php?rest_route=\/wp\/v2\/types\/page"}],"author":[{"embeddable":true,"href":"https:\/\/www.kojsov.sk\/index.php?rest_route=\/wp\/v2\/users\/1"}],"replies":[{"embeddable":true,"href":"https:\/\/www.kojsov.sk\/index.php?rest_route=%2Fwp%2Fv2%2Fcomments&post=4118"}],"version-history":[{"count":9,"href":"https:\/\/www.kojsov.sk\/index.php?rest_route=\/wp\/v2\/pages\/4118\/revisions"}],"predecessor-version":[{"id":9573,"href":"https:\/\/www.kojsov.sk\/index.php?rest_route=\/wp\/v2\/pages\/4118\/revisions\/9573"}],"wp:attachment":[{"href":"https:\/\/www.kojsov.sk\/index.php?rest_route=%2Fwp%2Fv2%2Fmedia&parent=4118"}],"curies":[{"name":"wp","href":"https:\/\/api.w.org\/{rel}","templated":true}]}}