{"id":4169,"date":"2018-06-28T15:37:24","date_gmt":"2018-06-28T14:37:24","guid":{"rendered":"http:\/\/www.kojsov.sk\/?page_id=4169"},"modified":"2018-06-28T15:41:05","modified_gmt":"2018-06-28T14:41:05","slug":"folklorna-skupina-kojsovan","status":"publish","type":"page","link":"https:\/\/www.kojsov.sk\/?page_id=4169","title":{"rendered":"Folkl\u00f3rna skupina Koj\u0161ovan"},"content":{"rendered":"<p>&nbsp;&nbsp;&nbsp;&nbsp;&nbsp;&nbsp;&nbsp;&nbsp;&nbsp;&nbsp;&nbsp;&nbsp; Folkl\u00f3rna skupina Koj\u0161ovan vznikla z&nbsp;iniciat\u00edvy nieko\u013ek\u00fdch nad\u0161encov folkl\u00f3ru v&nbsp;roku 1958. Kolorit na\u0161ej r\u00e1zovitej dediny dop\u013a\u0148ali trad\u00edcie a&nbsp;zvyky, ktor\u00fdm nech\u00fdbala pekn\u00e1 piese\u0148 pri tvrdej pr\u00e1ci, ako aj mnoho \u013eudov\u00fdch prejavov pri r\u00f4znych spolo\u010densk\u00fdch pr\u00edle\u017eitostiach po\u010das roka.<\/p>\n<p>&nbsp;&nbsp;&nbsp;&nbsp;&nbsp;&nbsp;&nbsp;&nbsp;&nbsp;&nbsp;&nbsp;&nbsp; Reperto\u00e1r na\u0161ej FS je rozsiahly a&nbsp;prezentujeme ho pod\u013ea konkr\u00e9tneho podujatia a&nbsp;po\u017eiadaviek organiz\u00e1torov. S\u00fa to najm\u00e4:<\/p>\n<ol>\n<li style=\"text-align: left;\">&nbsp;Viano\u010dn\u00e9 zvyky (piesne, koledy, vin\u0161ova\u010dky<\/li>\n<li style=\"text-align: left;\">Jarn\u00e9 zvyky (ve\u013ekono\u010dn\u00e9, j\u00e1nske piesne, m\u00e1jenie \u013eanu, kosenie sena a&nbsp;i. )<\/li>\n<li style=\"text-align: left;\">Tur\u00ed\u010dne zvyky (vodenie Ulijany, vyn\u00e1\u0161anie \u201esmertky\u201c \u2013 moreny)<\/li>\n<li style=\"text-align: left;\">In\u00e9 zvyky (pyta\u010dky, koj\u0161ovsk\u00e1 svadba, kosenie, priadky a&nbsp;i. )<\/li>\n<\/ol>\n<p>&nbsp;&nbsp;&nbsp;&nbsp;&nbsp;&nbsp;&nbsp;&nbsp;&nbsp;&nbsp;&nbsp; FS dosiahla po\u010das svojho dlhoro\u010dn\u00e9ho vystupovania na dom\u00e1cej, region\u00e1lnej aj zahrani\u010dnej p\u00f4de pozoruhodn\u00e9 \u00faspechy. Bola \u010dast\u00fdm hos\u0165om folkl\u00f3rnych prehliadok, kult\u00farno-spolo\u010densk\u00fdch podujat\u00ed, region\u00e1lneho i&nbsp;celoslovensk\u00e9ho charakteru, s\u00fa\u0165a\u017e\u00ed piesn\u00ed a&nbsp;tancov ako s\u00fa Spi\u0161sk\u00e9 folkl\u00f3rne sl\u00e1vnosti, folkl\u00f3rne festivaly v&nbsp;Ko\u0161iciach, vo Svidn\u00edku, V\u00fdchodnej, v Telg\u00e1rte a&nbsp;v \u010deskej Str\u00e1\u017enici.<\/p>\n<p>&nbsp;&nbsp;&nbsp;&nbsp;&nbsp;&nbsp;&nbsp;&nbsp;&nbsp;&nbsp;&nbsp; Je nosite\u013eom mno\u017estva ocenen\u00ed, diplomov a&nbsp;uznan\u00ed a&nbsp;slovenskej verejnosti je zn\u00e1ma aj cez masm\u00e9di\u00e1 nieko\u013ek\u00fdmi filmami v&nbsp;STV a&nbsp;nahr\u00e1vkami v&nbsp;Slovenskom rozhlase. Napr\u00edklad u\u017e v&nbsp;roku 1974 bola nato\u010den\u00e1 nahr\u00e1vka \u201eKoj\u0161ovsk\u00e1 svadba\u201c v&nbsp;Bratislave, v&nbsp;roku 1987 nato\u010dila ko\u0161ick\u00e1 telev\u00edzia film \u201eUlijana\u201c, v&nbsp;roku 1998 bol nato\u010den\u00fd v&nbsp;Koj\u0161ove film v&nbsp;r\u00e1mci programu \u201eCesty za folkl\u00f3rom\u201c a&nbsp;v&nbsp;m\u00e1ji tohto roku nahralo ko\u0161ick\u00e9 r\u00e1dio Regina v r\u00e1mci rel\u00e1cie Klenotnica \u013eudovej hudby hodinov\u00fa nahr\u00e1vku, ktor\u00e1 mala u&nbsp;verejnosti pozit\u00edvny ohlas.<\/p>\n<p>&nbsp;&nbsp;&nbsp;&nbsp;&nbsp;&nbsp;&nbsp;&nbsp;&nbsp;&nbsp;&nbsp; Najv\u00fdraznej\u0161\u00ed \u00faspech dosiahla FS na Medzin\u00e1rodnom folkl\u00f3rnom festivale v&nbsp;roku 1987 v&nbsp;Str\u00e1\u017enici, kde sme vyst\u00fapili s&nbsp;programom \u201eKoj\u0161ovsk\u00e1 svadba\u201c a&nbsp;boli sme ocenen\u00ed ako laure\u00e1ti FF Str\u00e1\u017enica. Odmenou za tento \u00faspech bola \u00fa\u010das\u0165 na\u0161ej FS na Medzin\u00e1rodnom folkl\u00f3rnom festivale Smotra Folkl\u00f3ra v&nbsp;Zahrebe v&nbsp;b\u00fdvalej Juhosl\u00e1vii.<\/p>\n<p>&nbsp;&nbsp;&nbsp;&nbsp;&nbsp;&nbsp;&nbsp;&nbsp;&nbsp;&nbsp;&nbsp; Na tomto mieste treba pripomen\u00fa\u0165, \u017ee na\u0161a FS \u010derp\u00e1 v\u00fdhradne z&nbsp;klenotnice na\u0161ej obce. Jej vyst\u00fapenia s\u00fa umocnen\u00e9 nielen hudobno-slovn\u00fdm \u010di tane\u010dn\u00fdm prejavom, ale aj prezent\u00e1ciou na\u0161ich prekr\u00e1snych krojov, v\u00fd\u0161iviek a&nbsp;ornamentov, ktor\u00e9 \u010dasto ohromuj\u00fa.<\/p>\n<p>&nbsp;&nbsp;&nbsp;&nbsp;&nbsp;&nbsp;&nbsp;&nbsp;&nbsp;&nbsp;&nbsp; Unik\u00e1tny chorovod star\u00fd nieko\u013eko storo\u010d\u00ed je klenotom n\u00e1\u0161ho koj\u0161ovsk\u00e9ho folkl\u00f3ru, v\u017edy obdivovan\u00fd aj napodob\u0148ovan\u00fd, no bezchybne ho dok\u00e1\u017eu zaspieva\u0165 azda len Koj\u0161ov\u010danky. Zvl\u00e1\u0161tnos\u0165ou n\u00e1\u0161ho dialektu, v\u00fdnimo\u010dne estetick\u00fdmi prvkami krojov, \u013eubozvu\u010dn\u00fdmi pies\u0148ami s\u00fa tieto atrib\u00faty predmetom obdivu znalcov folkl\u00f3ru aj posluch\u00e1\u010dov audit\u00f3ri\u00ed.<\/p>\n<p>&nbsp;&nbsp;&nbsp;&nbsp;&nbsp;&nbsp;&nbsp;&nbsp;&nbsp;&nbsp;&nbsp; Bude n\u00e1m sl\u00fa\u017ei\u0165 ku cti, \u017ee v\u00e1m m\u00f4\u017eeme k\u00fasok tejto kr\u00e1sy da\u0165 do vienka spomienok v&nbsp;\u010dase n\u00e1\u0161ho folkl\u00f3rneho sviatku.<\/p>\n<p>Pri tejto pr\u00edle\u017eitosti vyslovujem \u00faprimn\u00e9 po\u010fakovanie v\u0161etk\u00fdm b\u00fdval\u00fdm aj s\u00fa\u010dasn\u00fdm \u010dlenom folkl\u00f3rneho s\u00faboru, ktor\u00ed akt\u00edvnym pr\u00edstupom prispeli k jeho \u00faspe\u0161n\u00e9mu \u00fa\u010dinkovaniu.<\/p>\n<p>Ved\u00faci folkl\u00f3rneho s\u00faboru PhDr. Andrej Petrov<\/p>\n<hr>\n<p style=\"text-align: left;\">Pri pr\u00edle\u017eitosti osl\u00e1v 50-teho v\u00fdro\u010dia<br \/>\nzalo\u017eenia folkl\u00f3rneho s\u00faboru KOJ\u0160OVAN<br \/>\nvydala agent\u00fara JES Ko\u0161ice,<br \/>\nBulharsk\u00e1 5, 040 01 Ko\u0161ice.&nbsp;&nbsp;&nbsp;<br \/>\nTel.: 055 \/ 729 01 44&nbsp;&nbsp;&nbsp;&nbsp; www.jes.sk<\/p>\n<p style=\"text-align: left;\">Text a foto: PhDr. Andej Petrov<\/p>\n\n\t\t<style type=\"text\/css\">\n\t\t\t#gallery-1 {\n\t\t\t\tmargin: auto;\n\t\t\t}\n\t\t\t#gallery-1 .gallery-item {\n\t\t\t\tfloat: left;\n\t\t\t\tmargin-top: 10px;\n\t\t\t\ttext-align: center;\n\t\t\t\twidth: 33%;\n\t\t\t}\n\t\t\t#gallery-1 img {\n\t\t\t\tborder: 2px solid #cfcfcf;\n\t\t\t}\n\t\t\t#gallery-1 .gallery-caption {\n\t\t\t\tmargin-left: 0;\n\t\t\t}\n\t\t\t\/* see gallery_shortcode() in wp-includes\/media.php *\/\n\t\t<\/style>\n\t\t<div id='gallery-1' class='gallery galleryid-4169 gallery-columns-3 gallery-size-full'><dl class='gallery-item'>\n\t\t\t<dt class='gallery-icon portrait'>\n\t\t\t\t<a href='https:\/\/www.kojsov.sk\/wp-content\/uploads\/2018\/06\/foto_kojsovan_1.jpg' title=\"\" data-rl_title=\"\" class=\"rl-gallery-link\" data-rl_caption=\"\" data-rel=\"lightbox-gallery-1\"><img width=\"1600\" height=\"2133\" src=\"https:\/\/www.kojsov.sk\/wp-content\/uploads\/2018\/06\/foto_kojsovan_1.jpg\" class=\"attachment-full size-full\" alt=\"\" loading=\"lazy\" srcset=\"https:\/\/www.kojsov.sk\/wp-content\/uploads\/2018\/06\/foto_kojsovan_1.jpg 1600w, https:\/\/www.kojsov.sk\/wp-content\/uploads\/2018\/06\/foto_kojsovan_1-225x300.jpg 225w, https:\/\/www.kojsov.sk\/wp-content\/uploads\/2018\/06\/foto_kojsovan_1-768x1024.jpg 768w\" sizes=\"(max-width: 1600px) 100vw, 1600px\" \/><\/a>\n\t\t\t<\/dt><\/dl><dl class='gallery-item'>\n\t\t\t<dt class='gallery-icon landscape'>\n\t\t\t\t<a href='https:\/\/www.kojsov.sk\/wp-content\/uploads\/2018\/06\/foto_kojsovan_2.jpg' title=\"\" data-rl_title=\"\" class=\"rl-gallery-link\" data-rl_caption=\"\" data-rel=\"lightbox-gallery-1\"><img width=\"1600\" height=\"1200\" src=\"https:\/\/www.kojsov.sk\/wp-content\/uploads\/2018\/06\/foto_kojsovan_2.jpg\" class=\"attachment-full size-full\" alt=\"\" loading=\"lazy\" srcset=\"https:\/\/www.kojsov.sk\/wp-content\/uploads\/2018\/06\/foto_kojsovan_2.jpg 1600w, https:\/\/www.kojsov.sk\/wp-content\/uploads\/2018\/06\/foto_kojsovan_2-300x225.jpg 300w, https:\/\/www.kojsov.sk\/wp-content\/uploads\/2018\/06\/foto_kojsovan_2-768x576.jpg 768w, https:\/\/www.kojsov.sk\/wp-content\/uploads\/2018\/06\/foto_kojsovan_2-1024x768.jpg 1024w\" sizes=\"(max-width: 1600px) 100vw, 1600px\" \/><\/a>\n\t\t\t<\/dt><\/dl><dl class='gallery-item'>\n\t\t\t<dt class='gallery-icon landscape'>\n\t\t\t\t<a href='https:\/\/www.kojsov.sk\/wp-content\/uploads\/2018\/06\/foto_kojsovan_3.jpg' title=\"\" data-rl_title=\"\" class=\"rl-gallery-link\" data-rl_caption=\"\" data-rel=\"lightbox-gallery-1\"><img width=\"1600\" height=\"1200\" src=\"https:\/\/www.kojsov.sk\/wp-content\/uploads\/2018\/06\/foto_kojsovan_3.jpg\" class=\"attachment-full size-full\" alt=\"\" loading=\"lazy\" srcset=\"https:\/\/www.kojsov.sk\/wp-content\/uploads\/2018\/06\/foto_kojsovan_3.jpg 1600w, https:\/\/www.kojsov.sk\/wp-content\/uploads\/2018\/06\/foto_kojsovan_3-300x225.jpg 300w, https:\/\/www.kojsov.sk\/wp-content\/uploads\/2018\/06\/foto_kojsovan_3-768x576.jpg 768w, https:\/\/www.kojsov.sk\/wp-content\/uploads\/2018\/06\/foto_kojsovan_3-1024x768.jpg 1024w\" sizes=\"(max-width: 1600px) 100vw, 1600px\" \/><\/a>\n\t\t\t<\/dt><\/dl><br style=\"clear: both\" \/><dl class='gallery-item'>\n\t\t\t<dt class='gallery-icon landscape'>\n\t\t\t\t<a href='https:\/\/www.kojsov.sk\/wp-content\/uploads\/2018\/06\/foto_kojsovan_4.jpg' title=\"\" data-rl_title=\"\" class=\"rl-gallery-link\" data-rl_caption=\"\" data-rel=\"lightbox-gallery-1\"><img width=\"1600\" height=\"1200\" src=\"https:\/\/www.kojsov.sk\/wp-content\/uploads\/2018\/06\/foto_kojsovan_4.jpg\" class=\"attachment-full size-full\" alt=\"\" loading=\"lazy\" srcset=\"https:\/\/www.kojsov.sk\/wp-content\/uploads\/2018\/06\/foto_kojsovan_4.jpg 1600w, https:\/\/www.kojsov.sk\/wp-content\/uploads\/2018\/06\/foto_kojsovan_4-300x225.jpg 300w, https:\/\/www.kojsov.sk\/wp-content\/uploads\/2018\/06\/foto_kojsovan_4-768x576.jpg 768w, https:\/\/www.kojsov.sk\/wp-content\/uploads\/2018\/06\/foto_kojsovan_4-1024x768.jpg 1024w\" sizes=\"(max-width: 1600px) 100vw, 1600px\" \/><\/a>\n\t\t\t<\/dt><\/dl>\n\t\t\t<br style='clear: both' \/>\n\t\t<\/div>\n\n","protected":false},"excerpt":{"rendered":"<p>&nbsp;&nbsp;&nbsp;&nbsp;&nbsp;&nbsp;&nbsp;&nbsp;&nbsp;&nbsp;&nbsp;&nbsp; Folkl\u00f3rna skupina Koj\u0161ovan vznikla z&nbsp;iniciat\u00edvy nieko\u013ek\u00fdch nad\u0161encov folkl\u00f3ru v&nbsp;roku 1958. Kolorit na\u0161ej r\u00e1zovitej dediny dop\u013a\u0148ali trad\u00edcie a&nbsp;zvyky, ktor\u00fdm nech\u00fdbala pekn\u00e1 piese\u0148 pri tvrdej pr\u00e1ci, ako aj mnoho \u013eudov\u00fdch prejavov pri r\u00f4znych spolo\u010densk\u00fdch pr\u00edle\u017eitostiach po\u010das roka. &nbsp;&nbsp;&nbsp;&nbsp;&nbsp;&nbsp;&nbsp;&nbsp;&nbsp;&nbsp;&nbsp;&nbsp; Reperto\u00e1r na\u0161ej FS je rozsiahly a&nbsp;prezentujeme ho pod\u013ea konkr\u00e9tneho podujatia a&nbsp;po\u017eiadaviek organiz\u00e1torov. S\u00fa to najm\u00e4: &nbsp;Viano\u010dn\u00e9 zvyky (piesne, &hellip; <\/p>\n<p><a class=\"more-link btn\" href=\"https:\/\/www.kojsov.sk\/?page_id=4169\">Chcem vedie\u0165 viac<\/a><\/p>\n","protected":false},"author":1,"featured_media":0,"parent":0,"menu_order":0,"comment_status":"closed","ping_status":"closed","template":"","meta":[],"_links":{"self":[{"href":"https:\/\/www.kojsov.sk\/index.php?rest_route=\/wp\/v2\/pages\/4169"}],"collection":[{"href":"https:\/\/www.kojsov.sk\/index.php?rest_route=\/wp\/v2\/pages"}],"about":[{"href":"https:\/\/www.kojsov.sk\/index.php?rest_route=\/wp\/v2\/types\/page"}],"author":[{"embeddable":true,"href":"https:\/\/www.kojsov.sk\/index.php?rest_route=\/wp\/v2\/users\/1"}],"replies":[{"embeddable":true,"href":"https:\/\/www.kojsov.sk\/index.php?rest_route=%2Fwp%2Fv2%2Fcomments&post=4169"}],"version-history":[{"count":3,"href":"https:\/\/www.kojsov.sk\/index.php?rest_route=\/wp\/v2\/pages\/4169\/revisions"}],"predecessor-version":[{"id":4181,"href":"https:\/\/www.kojsov.sk\/index.php?rest_route=\/wp\/v2\/pages\/4169\/revisions\/4181"}],"wp:attachment":[{"href":"https:\/\/www.kojsov.sk\/index.php?rest_route=%2Fwp%2Fv2%2Fmedia&parent=4169"}],"curies":[{"name":"wp","href":"https:\/\/api.w.org\/{rel}","templated":true}]}}