{"id":4327,"date":"2018-10-07T19:50:08","date_gmt":"2018-10-07T18:50:08","guid":{"rendered":"http:\/\/www.kojsov.sk\/?page_id=4327"},"modified":"2018-10-31T07:43:51","modified_gmt":"2018-10-31T06:43:51","slug":"fotogaleria-2014-2018","status":"publish","type":"page","link":"https:\/\/www.kojsov.sk\/?page_id=4327","title":{"rendered":"Fotogal\u00e9ria 2014-2018"},"content":{"rendered":"<h5>V\u00fdstavba bytovky s rekon\u0161trukciou budovy materskej \u0161koly (165MB)<\/h5>\n<div style=\"width: 640px;\" class=\"wp-video\"><!--[if lt IE 9]><script>document.createElement('video');<\/script><![endif]-->\n<video class=\"wp-video-shortcode\" id=\"video-4327-1\" width=\"640\" height=\"360\" preload=\"metadata\" controls=\"controls\"><source type=\"video\/mp4\" src=\"https:\/\/www.kojsov.sk\/wp-content\/uploads\/video\/vystavba_bytovka.m4v?_=1\" \/><a href=\"https:\/\/www.kojsov.sk\/wp-content\/uploads\/video\/vystavba_bytovka.m4v\">https:\/\/www.kojsov.sk\/wp-content\/uploads\/video\/vystavba_bytovka.m4v<\/a><\/video><\/div>\n<p>&nbsp;<\/p>\n<h5>Rekon\u0161trukcia budovy po\u017eiarnej zbrojnice (56MB)<\/h5>\n<div style=\"width: 640px;\" class=\"wp-video\"><video class=\"wp-video-shortcode\" id=\"video-4327-2\" width=\"640\" height=\"360\" preload=\"metadata\" controls=\"controls\"><source type=\"video\/mp4\" src=\"https:\/\/www.kojsov.sk\/wp-content\/uploads\/video\/rekonstrukcia_poziarna.m4v?_=2\" \/><a href=\"https:\/\/www.kojsov.sk\/wp-content\/uploads\/video\/rekonstrukcia_poziarna.m4v\">https:\/\/www.kojsov.sk\/wp-content\/uploads\/video\/rekonstrukcia_poziarna.m4v<\/a><\/video><\/div>\n<p>&nbsp;<\/p>\n<p>[ngg src=&#8220;albums&#8220; ids=&#8220;12&#8243; display=&#8220;basic_compact_album&#8220;]<\/p>\n","protected":false},"excerpt":{"rendered":"<p>V\u00fdstavba bytovky s rekon\u0161trukciou budovy materskej \u0161koly (165MB) &nbsp; Rekon\u0161trukcia budovy po\u017eiarnej zbrojnice (56MB) &nbsp; [ngg src=&#8220;albums&#8220; ids=&#8220;12&#8243; display=&#8220;basic_compact_album&#8220;]<\/p>\n","protected":false},"author":1,"featured_media":0,"parent":0,"menu_order":0,"comment_status":"closed","ping_status":"closed","template":"","meta":[],"_links":{"self":[{"href":"https:\/\/www.kojsov.sk\/index.php?rest_route=\/wp\/v2\/pages\/4327"}],"collection":[{"href":"https:\/\/www.kojsov.sk\/index.php?rest_route=\/wp\/v2\/pages"}],"about":[{"href":"https:\/\/www.kojsov.sk\/index.php?rest_route=\/wp\/v2\/types\/page"}],"author":[{"embeddable":true,"href":"https:\/\/www.kojsov.sk\/index.php?rest_route=\/wp\/v2\/users\/1"}],"replies":[{"embeddable":true,"href":"https:\/\/www.kojsov.sk\/index.php?rest_route=%2Fwp%2Fv2%2Fcomments&post=4327"}],"version-history":[{"count":8,"href":"https:\/\/www.kojsov.sk\/index.php?rest_route=\/wp\/v2\/pages\/4327\/revisions"}],"predecessor-version":[{"id":6145,"href":"https:\/\/www.kojsov.sk\/index.php?rest_route=\/wp\/v2\/pages\/4327\/revisions\/6145"}],"wp:attachment":[{"href":"https:\/\/www.kojsov.sk\/index.php?rest_route=%2Fwp%2Fv2%2Fmedia&parent=4327"}],"curies":[{"name":"wp","href":"https:\/\/api.w.org\/{rel}","templated":true}]}}