{"id":448,"date":"2013-07-23T20:31:11","date_gmt":"2013-07-23T19:31:11","guid":{"rendered":"http:\/\/www.kojsov.sk\/?page_id=448"},"modified":"2025-01-02T12:39:20","modified_gmt":"2025-01-02T10:39:20","slug":"kontakt","status":"publish","type":"page","link":"https:\/\/www.kojsov.sk\/?page_id=448","title":{"rendered":"Kontakt"},"content":{"rendered":"<p><img loading=\"lazy\" class=\"alignleft size-full wp-image-621\" style=\"border: 1px solid black;\" src=\"https:\/\/www.kojsov.sk\/wp-content\/uploads\/2013\/07\/qr.png\" alt=\"qr\" width=\"126\" height=\"126\" \/><\/p>\n<pre><span style=\"text-decoration: underline;\"><strong>Adre<\/strong><\/span><span style=\"text-decoration: underline;\"><strong>sa<\/strong><\/span><br \/>Obecn\u00fd \u00farad Koj\u0161ov<br \/>Koj\u0161ov 3<br \/>055 52 \u00a0Koj\u0161ov<br \/><br \/><\/pre>\n<pre><strong><span style=\"text-decoration: underline;\">Kontaktn\u00e9 \u00fadaje<\/span>\u00a0 \u00a0 \u00a0 \u00a0 \u00a0 \u00a0 \u00a0 \u00a0 \u00a0 \u00a0 \u00a0 \u00a0 \u00a0 \u00a0 \u00a0 \u00a0 \u00a0 \u00a0 \u00a0\u00a0<\/strong><br \/>Telef\u00f3n: \u00a0 +421 918 565 701  |  053\/48 832 16<br \/>Starostka: +421 918 562 311 <br \/><br \/><span style=\"text-decoration: underline;\"><strong>E-mail<\/strong><\/span> <br \/>MVDr. Tatiana Andra\u0161kov\u00e1 - <a href=\"mailto:starostka@kojsov.sk\">starostka@kojsov.sk<\/a><br \/>Iveta Verbov\u00e1 - <a href=\"mailto:podatelna@kojsov.sk\">podatelna@kojsov.sk <\/a><br \/>Ing. Viera Grossov\u00e1 - <a href=\"mailto:ekonom@kojsov.sk\">ekonom@kojsov.sk<\/a><br \/><br \/><strong><span style=\"text-decoration: underline;\">Faktura\u010dn\u00e9 \u00fadaje<\/span><\/strong><br \/><strong>I\u010cO:<\/strong> 00329258 \u00a0 \u00a0 \u00a0 \u00a0 \u00a0 \u00a0 \u00a0 \u00a0 \u00a0 \u00a0 \u00a0 \u00a0 \u00a0 \u00a0 \u00a0 \u00a0 \u00a0 \u00a0 \u00a0 \u00a0 \u00a0 \u00a0 \u00a0 \u00a0 \u00a0 \u00a0 \u00a0 \u00a0  <br \/><strong>DI\u010c:<\/strong> 2021259394<br \/>\u010c\u00edslo \u00fa\u010dtu (IBAN): SK19 5600 0000 0004 2505 5007  (Prima banka Slovensko a.s.)<\/pre>\n\n\n<p><\/p>\n","protected":false},"excerpt":{"rendered":"<p>AdresaObecn\u00fd \u00farad Koj\u0161ovKoj\u0161ov 3055 52 \u00a0Koj\u0161ov Kontaktn\u00e9 \u00fadaje\u00a0 \u00a0 \u00a0 \u00a0 \u00a0 \u00a0 \u00a0 \u00a0 \u00a0 \u00a0 \u00a0 \u00a0 \u00a0 \u00a0 \u00a0 \u00a0 \u00a0 \u00a0 \u00a0\u00a0Telef\u00f3n: \u00a0 +421 918 565 701 | 053\/48 832 16Starostka: +421 918 562 311 E-mail MVDr. Tatiana Andra\u0161kov\u00e1 &#8211; starostka@kojsov.skIveta Verbov\u00e1 &#8211; podatelna@kojsov.sk Ing. Viera Grossov\u00e1 &#8211; ekonom@kojsov.skFaktura\u010dn\u00e9 \u00fadajeI\u010cO: 00329258 &hellip; <\/p>\n<p><a class=\"more-link btn\" href=\"https:\/\/www.kojsov.sk\/?page_id=448\">Chcem vedie\u0165 viac<\/a><\/p>\n","protected":false},"author":1,"featured_media":0,"parent":0,"menu_order":0,"comment_status":"closed","ping_status":"closed","template":"","meta":[],"_links":{"self":[{"href":"https:\/\/www.kojsov.sk\/index.php?rest_route=\/wp\/v2\/pages\/448"}],"collection":[{"href":"https:\/\/www.kojsov.sk\/index.php?rest_route=\/wp\/v2\/pages"}],"about":[{"href":"https:\/\/www.kojsov.sk\/index.php?rest_route=\/wp\/v2\/types\/page"}],"author":[{"embeddable":true,"href":"https:\/\/www.kojsov.sk\/index.php?rest_route=\/wp\/v2\/users\/1"}],"replies":[{"embeddable":true,"href":"https:\/\/www.kojsov.sk\/index.php?rest_route=%2Fwp%2Fv2%2Fcomments&post=448"}],"version-history":[{"count":9,"href":"https:\/\/www.kojsov.sk\/index.php?rest_route=\/wp\/v2\/pages\/448\/revisions"}],"predecessor-version":[{"id":9465,"href":"https:\/\/www.kojsov.sk\/index.php?rest_route=\/wp\/v2\/pages\/448\/revisions\/9465"}],"wp:attachment":[{"href":"https:\/\/www.kojsov.sk\/index.php?rest_route=%2Fwp%2Fv2%2Fmedia&parent=448"}],"curies":[{"name":"wp","href":"https:\/\/api.w.org\/{rel}","templated":true}]}}