{"id":52,"date":"2013-04-27T21:29:48","date_gmt":"2013-04-27T19:29:48","guid":{"rendered":"http:\/\/www.new.kojsov.sk\/?page_id=52"},"modified":"2025-09-19T13:57:16","modified_gmt":"2025-09-19T11:57:16","slug":"starosta-obce","status":"publish","type":"page","link":"https:\/\/www.kojsov.sk\/?page_id=52","title":{"rendered":"Starosta obce"},"content":{"rendered":"<h3><strong><img loading=\"lazy\" class=\"size-thumbnail wp-image-204 alignleft\" style=\"border: 0px;\" src=\"http:\/\/www.new.kojsov.sk\/wp-content\/uploads\/2013\/04\/photo_not_available-150x150.jpg\" alt=\"photo_not_available\" width=\"150\" height=\"150\" \/>MVDr. Tatiana\u00a0 Andra\u0161kov\u00e1<\/strong><\/h3>\n<p><strong>Mail: <a href=\"mailto:starostka@kojsov.sk\">starostka@kojsov.sk<\/a><\/strong><br \/><strong>Mobil: +421 918 562 311<\/strong><\/p>\n<p style=\"margin-top: 5px; margin-bottom: 2px; color: #030303; font-family: Tahoma, Arial, Helvetica, sans-serif; line-height: normal;\">Starosta obce je z\u00e1konom a \u00dastavou Slovenskej republiky kon\u0161tituovan\u00fd ako najvy\u0161\u0161\u00ed v\u00fdkonn\u00fd org\u00e1n obce a predstavite\u013e obce.<\/p>\n<p style=\"margin-top: 5px; margin-bottom: 2px; color: #030303; font-family: Tahoma, Arial, Helvetica, sans-serif; line-height: normal;\">Starostu obce volia obyvatelia obce na 4 roky na z\u00e1klade v\u0161eobecn\u00e9ho, rovn\u00e9ho a priameho volebn\u00e9ho pr\u00e1va tajn\u00fdm hlasovan\u00edm ( \u010dl. 69 ods. 3 \u00dastavy SR a \u00a7 1 z\u00e1k. \u010d. 346\/1990 Zb. o vo\u013eb\u00e1ch do org\u00e1nov samospr\u00e1vy obc\u00ed). Funkcia starostu je verejn\u00e1 funkcia, ktor\u00e1 sa nevykon\u00e1va v pracovnom pomere. Starosta nie je zamestnancom obce, ale niektor\u00e9 jeho n\u00e1roky sa posudzuj\u00fa, ako by bol zamestnancom obce.<\/p>\n<p style=\"margin-top: 5px; margin-bottom: 2px; color: #030303; font-family: Tahoma, Arial, Helvetica, sans-serif; line-height: normal;\">Funkcia starostu je monokratick\u00e1. Starosta je \u010dlenom obecn\u00e9ho zastupite\u013estva ale nie je volen\u00fd zastupite\u013estvom obce. M\u00e1 samostatn\u00e9 a nez\u00e1visl\u00e9 postavenie, ktor\u00e9 vypl\u00fdva zo z\u00e1kona. Vzh\u013eadom na d\u00f4le\u017eitos\u0165 funkcie starostu z\u00e1kon upravuje mo\u017en\u00fa kol\u00edziu z\u00e1ujmov starostu v r\u00e1mci organiz\u00e1cie a chodu samospr\u00e1vy.<\/p>\n<h4 style=\"margin-top: 5px; margin-bottom: 2px;\"><strong><span style=\"color: #030303; font-family: Tahoma, Arial, Helvetica, sans-serif;\"><span style=\"line-height: normal;\">Funkcia starostu je\u00a0nezl\u00fa\u010dite\u013en\u00fd\u00a0s funkciou:\u00a0<\/span><\/span><\/strong><\/h4>\n<ul>\n<li><span style=\"line-height: 12px;\">poslanca obecn\u00e9ho zastupite\u013estva,<\/span><\/li>\n<li>zamestnanca obce, v ktorej bol zvolen\u00fd,<\/li>\n<li>\u0161tatut\u00e1rneho org\u00e1nu, rozpo\u010dtovej organiz\u00e1cie alebo pr\u00edspevkovej organiz\u00e1cie zriadenej obcou, v ktorej bol zvolen\u00fd,<\/li>\n<li>predsedu samospr\u00e1vneho kraja,<\/li>\n<li>ved\u00faceho zamestnanca org\u00e1nu \u0161t\u00e1tnej spr\u00e1vy,<\/li>\n<li>\u010fal\u0161\u00edch funkci\u00ed pod\u013ea osobitn\u00e9ho z\u00e1kona.<\/li>\n<\/ul>\n<h4><strong>Starosta:\u00a0<\/strong><\/h4>\n<ul>\n<li><span style=\"line-height: 12px;\">zvol\u00e1va a vedie zasadnutia obecn\u00e9ho zastupite\u013estva a obecnej rady a podpisuje ich uznesenia,\u00a0<\/span><\/li>\n<li>vykon\u00e1va obecn\u00fa spr\u00e1vu,<\/li>\n<li>zastupuje obec vo vz\u0165ahu k \u0161t\u00e1tnym org\u00e1nom, pr\u00e1vnick\u00fdm osob\u00e1m a fyzick\u00fdm osob\u00e1m,<\/li>\n<li>rozhoduje vo v\u0161etk\u00fdch veciach spr\u00e1vy obce, ktor\u00e9 nie s\u00fa z\u00e1konom alebo \u0161tat\u00fatom obce vyhraden\u00e9 obecn\u00e9mu zastupite\u013estvu.<\/li>\n<\/ul>\n<p style=\"margin-top: 5px; margin-bottom: 2px; color: #030303; font-family: Tahoma, Arial, Helvetica, sans-serif; line-height: normal;\">Starosta je \u0161tatut\u00e1rnym org\u00e1nom v majetkovopr\u00e1vnych vz\u0165ahoch obce a v pracovnopr\u00e1vnych vz\u0165ahoch zamestnancov obce. V administrat\u00edvnopr\u00e1vnych vz\u0165ahoch je spr\u00e1vnym org\u00e1nom. Postavenie starostu ovplyv\u0148uje povinnos\u0165 obce plni\u0165 aj \u00falohy z oblasti \u0161t\u00e1tnej spr\u00e1vy a prenesenej \u0161t\u00e1tnej spr\u00e1vy. Starosta ako nez\u00e1visl\u00fd predstavite\u013e obce nesmie da\u0165 prednos\u0165 osobn\u00fdm z\u00e1ujmom pred z\u00e1ujmami obce.<\/p>\n<p style=\"margin-top: 5px; margin-bottom: 2px; color: #030303; font-family: Tahoma, Arial, Helvetica, sans-serif; line-height: normal;\">Pri kon\u0161tituovan\u00ed funkcie starostu obce z\u00e1kon kladie d\u00f4raz na skuto\u010dnos\u0165, \u017ee starosta vykon\u00e1va z\u00e1le\u017eitosti, o ktor\u00fdch rozhodlo a rozhoduje obecn\u00e9 zastupite\u013estvo a z\u00e1le\u017eitosti, o ktor\u00fdch rozhodli obyvatelia obce priamo v miestnom referende. \u00dastavou Slovenskej republiky ani z\u00e1konom o obecnom zriaden\u00ed nie je roz\u010dlenen\u00e1 p\u00f4sobnos\u0165 obce medzi starostu a obecn\u00e9 zastupite\u013estvo.<\/p>\n<p style=\"margin-top: 5px; margin-bottom: 2px; color: #030303; font-family: Tahoma, Arial, Helvetica, sans-serif; line-height: normal;\">Funk\u010dn\u00e9 obdobie starostu sa skon\u010d\u00ed zvolen\u00edm a zlo\u017een\u00edm s\u013eubu nov\u00e9ho starostu. Mand\u00e1t starostu m\u00f4\u017ee zanikn\u00fa\u0165 aj z in\u00fdch d\u00f4vodov. Starosta sa m\u00f4\u017ee svojho mand\u00e1tu vzda\u0165. Sp\u00f4sob je upraven\u00fd v \u00a7 13 a) z\u00e1kona o obecnom zriaden\u00ed. Toto ustanovenie z\u00e1rove\u0148 vymedzuje d\u00f4vody z\u00e1niku mand\u00e1tu starostu. Okrem in\u00fdch d\u00f4vodov starosta str\u00e1ca svoj mand\u00e1t, ak bol pr\u00e1voplatne ods\u00faden\u00fd za \u00famyseln\u00fd trestn\u00fd \u010din. Obecn\u00e9 zastupite\u013estvo nem\u00f4\u017ee starostu odvola\u0165, m\u00f4\u017ee len vyhl\u00e1si\u0165 hlasovanie obyvate\u013eov obce o odvolan\u00ed starostu, a to v pr\u00edpadoch uveden\u00fdch v z\u00e1kone.<\/p>\n<h4><span style=\"color: #000080;\"><strong>Ozn\u00e1menie funkci\u00ed, zamestnan\u00ed, \u010dinnost\u00ed a majetkov\u00fdch pomerov &#8211; pri ujat\u00ed sa v\u00fdkonu verejnej funkcie d\u0148a 27. 11. 2022: <\/strong><\/span><a href=\"https:\/\/www.kojsov.sk\/wp-content\/uploads\/2023\/07\/Oznamenie-funkcii-zamestnani-cinnosti-a-majetkovych-pomerov-pri-ujati-sa-vykonu-verejnej-funkcie.pdf\" class=\"mtli_attachment mtli_pdf\">Ozn\u00e1menie<\/a><\/h4>\n<h4><span style=\"color: #000080;\"><strong> Ozn\u00e1menie funkci\u00ed, zamestnan\u00ed, \u010dinnost\u00ed a majetkov\u00fdch pomerov &#8211; za rok 2022:\u00a0<\/strong><\/span><a href=\"https:\/\/www.kojsov.sk\/wp-content\/uploads\/2023\/07\/Oznamenie-funkcii-zamestnani-cinnosti-a-majetkovych-pomerov-za-rok-2022.pdf\" class=\"mtli_attachment mtli_pdf\">Ozn\u00e1menie<\/a><\/h4>\n<h4><span style=\"color: #000080;\"><strong>Ozn\u00e1menie funkci\u00ed, zamestnan\u00ed, \u010dinnost\u00ed a majetkov\u00fdch pomerov &#8211; za rok 2023: <\/strong><\/span><a href=\"https:\/\/www.kojsov.sk\/wp-content\/uploads\/2025\/09\/MP2023.pdf\" class=\"mtli_attachment mtli_pdf\">Ozn\u00e1menie<\/a><\/h4>\n<h4><span style=\"color: #000080;\"><strong>Ozn\u00e1menie funkci\u00ed, zamestnan\u00ed, \u010dinnost\u00ed a majetkov\u00fdch pomerov &#8211; za rok 2024: <\/strong><\/span><a href=\"https:\/\/www.kojsov.sk\/wp-content\/uploads\/2025\/09\/MP2024.pdf\" class=\"mtli_attachment mtli_pdf\">Ozn\u00e1menie<\/a><\/h4>\n\n\n<p><\/p>\n","protected":false},"excerpt":{"rendered":"<p>MVDr. Tatiana\u00a0 Andra\u0161kov\u00e1 Mail: starostka@kojsov.skMobil: +421 918 562 311 Starosta obce je z\u00e1konom a \u00dastavou Slovenskej republiky kon\u0161tituovan\u00fd ako najvy\u0161\u0161\u00ed v\u00fdkonn\u00fd org\u00e1n obce a predstavite\u013e obce. Starostu obce volia obyvatelia obce na 4 roky na z\u00e1klade v\u0161eobecn\u00e9ho, rovn\u00e9ho a priameho volebn\u00e9ho pr\u00e1va tajn\u00fdm hlasovan\u00edm ( \u010dl. 69 ods. 3 \u00dastavy SR a \u00a7 1 z\u00e1k. &hellip; <\/p>\n<p><a class=\"more-link btn\" href=\"https:\/\/www.kojsov.sk\/?page_id=52\">Chcem vedie\u0165 viac<\/a><\/p>\n","protected":false},"author":1,"featured_media":0,"parent":0,"menu_order":0,"comment_status":"closed","ping_status":"closed","template":"","meta":[],"_links":{"self":[{"href":"https:\/\/www.kojsov.sk\/index.php?rest_route=\/wp\/v2\/pages\/52"}],"collection":[{"href":"https:\/\/www.kojsov.sk\/index.php?rest_route=\/wp\/v2\/pages"}],"about":[{"href":"https:\/\/www.kojsov.sk\/index.php?rest_route=\/wp\/v2\/types\/page"}],"author":[{"embeddable":true,"href":"https:\/\/www.kojsov.sk\/index.php?rest_route=\/wp\/v2\/users\/1"}],"replies":[{"embeddable":true,"href":"https:\/\/www.kojsov.sk\/index.php?rest_route=%2Fwp%2Fv2%2Fcomments&post=52"}],"version-history":[{"count":9,"href":"https:\/\/www.kojsov.sk\/index.php?rest_route=\/wp\/v2\/pages\/52\/revisions"}],"predecessor-version":[{"id":9811,"href":"https:\/\/www.kojsov.sk\/index.php?rest_route=\/wp\/v2\/pages\/52\/revisions\/9811"}],"wp:attachment":[{"href":"https:\/\/www.kojsov.sk\/index.php?rest_route=%2Fwp%2Fv2%2Fmedia&parent=52"}],"curies":[{"name":"wp","href":"https:\/\/api.w.org\/{rel}","templated":true}]}}