{"id":54,"date":"2013-04-27T21:30:15","date_gmt":"2013-04-27T19:30:15","guid":{"rendered":"http:\/\/www.new.kojsov.sk\/?page_id=54"},"modified":"2019-01-28T09:55:45","modified_gmt":"2019-01-28T08:55:45","slug":"poslanci-oz","status":"publish","type":"page","link":"https:\/\/www.kojsov.sk\/?page_id=54","title":{"rendered":"Poslanci obecn\u00e9ho zastupite\u013estva"},"content":{"rendered":"<p><span style=\"color: #202020; font-family: Tahoma, Arial, Helvetica, sans-serif; font-size: 12px; line-height: normal;\">Obecn\u00e9 zastupite\u013estvo je zastupite\u013esk\u00fd zbor zlo\u017een\u00fd z poslancov zvolen\u00fdch v priamych vo\u013eb\u00e1ch obyvate\u013emi obce. Volebn\u00e9 pravidl\u00e1 upravuje osobitn\u00fd predpis. Funk\u010dn\u00e9 obdobie obecn\u00e9ho zastupite\u013estva sa kon\u010d\u00ed zlo\u017een\u00edm s\u013eubu poslancov novozvolen\u00e9ho obecn\u00e9ho zastupite\u013estva na 4 roky.<\/span><\/p>\n<h4><strong>Funkcia poslanca obecn\u00e9ho zastupite\u013estva je nezlu\u010dite\u013en\u00e1 s funkciou:<\/strong><\/h4>\n<ul>\n<li><span style=\"line-height: 12px;\">starostu,<\/span><\/li>\n<li>zamestnanca obce, v ktorej bol zvolen\u00fd,<\/li>\n<li>\u0161tatut\u00e1rneho org\u00e1nu rozpo\u010dtovej organiz\u00e1cie alebo pr\u00edspevkovej organiz\u00e1cie zriadenej obcou, v ktorej bol zvolen\u00fd,<\/li>\n<li>\u010fal\u0161\u00edch funkci\u00ed pod\u013ea osobitn\u00e9ho z\u00e1kona.<\/li>\n<\/ul>\n<p style=\"margin-top: 5px; margin-bottom: 2px; color: #202020; font-family: Tahoma, Arial, Helvetica, sans-serif; line-height: normal; text-align: justify;\"><span style=\"margin: 0px; padding: 0px; font-size: 12px;\">Obecn\u00e9 zastupite\u013estvo je kon\u0161tituovan\u00e9 ako najvy\u0161\u0161\u00ed org\u00e1n so z\u00e1kladnou p\u00f4sobnos\u0165ou, od ktorej je odvoden\u00e1 p\u00f4sobnos\u0165 ostatn\u00fdch org\u00e1nov obce zriaden\u00fdch obecn\u00fdm zastupite\u013estvom.<\/span><\/p>\n<p style=\"margin-top: 5px; margin-bottom: 2px; color: #202020; font-family: Tahoma, Arial, Helvetica, sans-serif; line-height: normal; text-align: justify;\"><span style=\"margin: 0px; padding: 0px; font-size: 12px;\">Obecn\u00e9mu zastupite\u013estvu je pod\u013ea \u00a711 ods. 4 z\u00e1k. 369\/1990 Zb. o obecnom zriaden\u00ed vyhraden\u00e9 rozhodova\u0165 o najd\u00f4le\u017eitej\u0161\u00edch z\u00e1le\u017eitostiach a rie\u0161i\u0165 z\u00e1kladn\u00e9 ot\u00e1zky \u017eivota obce. Svoju \u010dinnos\u0165 vykon\u00e1va v spojen\u00ed s ob\u010danmi a pod ich st\u00e1lou kontrolou (z\u00e1sada verejnosti). Kompetencie obecn\u00e9ho zastupite\u013estva, ako aj ostatn\u00fdch org\u00e1nov obce, s\u00fa podrobne ustanoven\u00e9 v organiza\u010dnom poriadku \u2013 \u0161tat\u00fate obce.<\/span><\/p>\n<p style=\"margin-top: 5px; margin-bottom: 2px; color: #202020; font-family: Tahoma, Arial, Helvetica, sans-serif; line-height: normal; text-align: justify;\"><span style=\"font-size: 12px;\">V zmysle \u00a7 11 ods.3 p\u00edsm. d) z\u00e1kona 369\/1990 Zb. o obecnom zriaden\u00ed v znen\u00ed neskor\u0161\u00edch predpisov m\u00e1 obecn\u00e9 zastupite\u013estvo Obce Koj\u0161ov 7 poslancov.<\/span><\/p>\n<p style=\"margin-top: 5px; margin-bottom: 2px; color: #202020; font-family: Tahoma, Arial, Helvetica, sans-serif; line-height: normal; text-align: justify;\">&nbsp;<\/p>\n<p style=\"margin-top: 5px; margin-bottom: 2px; color: #202020; font-family: Tahoma, Arial, Helvetica, sans-serif; line-height: normal; text-align: justify;\">[table \"61\" not found \/]<br \/>\n<\/p>\n<p>&nbsp;<\/p>\n<hr>\n<h3><strong>&nbsp;<\/strong><\/h3>\n","protected":false},"excerpt":{"rendered":"<p>Obecn\u00e9 zastupite\u013estvo je zastupite\u013esk\u00fd zbor zlo\u017een\u00fd z poslancov zvolen\u00fdch v priamych vo\u013eb\u00e1ch obyvate\u013emi obce. Volebn\u00e9 pravidl\u00e1 upravuje osobitn\u00fd predpis. Funk\u010dn\u00e9 obdobie obecn\u00e9ho zastupite\u013estva sa kon\u010d\u00ed zlo\u017een\u00edm s\u013eubu poslancov novozvolen\u00e9ho obecn\u00e9ho zastupite\u013estva na 4 roky. Funkcia poslanca obecn\u00e9ho zastupite\u013estva je nezlu\u010dite\u013en\u00e1 s funkciou: starostu, zamestnanca obce, v ktorej bol zvolen\u00fd, \u0161tatut\u00e1rneho org\u00e1nu rozpo\u010dtovej organiz\u00e1cie alebo pr\u00edspevkovej &hellip; <\/p>\n<p><a class=\"more-link btn\" href=\"https:\/\/www.kojsov.sk\/?page_id=54\">Chcem vedie\u0165 viac<\/a><\/p>\n","protected":false},"author":1,"featured_media":0,"parent":0,"menu_order":0,"comment_status":"closed","ping_status":"closed","template":"","meta":[],"_links":{"self":[{"href":"https:\/\/www.kojsov.sk\/index.php?rest_route=\/wp\/v2\/pages\/54"}],"collection":[{"href":"https:\/\/www.kojsov.sk\/index.php?rest_route=\/wp\/v2\/pages"}],"about":[{"href":"https:\/\/www.kojsov.sk\/index.php?rest_route=\/wp\/v2\/types\/page"}],"author":[{"embeddable":true,"href":"https:\/\/www.kojsov.sk\/index.php?rest_route=\/wp\/v2\/users\/1"}],"replies":[{"embeddable":true,"href":"https:\/\/www.kojsov.sk\/index.php?rest_route=%2Fwp%2Fv2%2Fcomments&post=54"}],"version-history":[{"count":10,"href":"https:\/\/www.kojsov.sk\/index.php?rest_route=\/wp\/v2\/pages\/54\/revisions"}],"predecessor-version":[{"id":6292,"href":"https:\/\/www.kojsov.sk\/index.php?rest_route=\/wp\/v2\/pages\/54\/revisions\/6292"}],"wp:attachment":[{"href":"https:\/\/www.kojsov.sk\/index.php?rest_route=%2Fwp%2Fv2%2Fmedia&parent=54"}],"curies":[{"name":"wp","href":"https:\/\/api.w.org\/{rel}","templated":true}]}}