{"id":60,"date":"2013-04-27T21:31:30","date_gmt":"2013-04-27T19:31:30","guid":{"rendered":"http:\/\/www.new.kojsov.sk\/?page_id=60"},"modified":"2025-07-29T16:27:43","modified_gmt":"2025-07-29T14:27:43","slug":"hlavny-kontrolor-obce","status":"publish","type":"page","link":"https:\/\/www.kojsov.sk\/?page_id=60","title":{"rendered":"Hlavn\u00fd kontrol\u00f3r obce"},"content":{"rendered":"<h3><strong>Bc. Gabriela Kopnick\u00e1, MBA<\/strong><\/h3>\n<p>hlavn\u00fd kontrol\u00f3r obce, 10% pracovn\u00fd \u00fav\u00e4zok<\/p>\n<h4><strong>N\u00e1pl\u0148 pr\u00e1ce hlavn\u00e9ho kontrol\u00f3ra:<\/strong><\/h4>\n<ul>\n<li><span style=\"line-height: 12px;\">vykon\u00e1va kontrolu v rozsahu ustanoven\u00ed z\u00e1kona \u010d. 369\/1990 Zb. o obecnom zriaden\u00ed v znen\u00ed neskor\u0161\u00edch predpisov,<\/span><\/li>\n<li>predklad\u00e1 obecn\u00e9mu zastupite\u013estvu raz za \u0161es\u0165 mesiacov n\u00e1vrh pl\u00e1nu kontrolnej \u010dinnosti, ktor\u00fd mus\u00ed by\u0165 najnesk\u00f4r 15 dni pred prerokovan\u00edm v zastupite\u013estve zverejnen\u00fd sp\u00f4sobom v obci obvykl\u00fdm, (v obci Koj\u0161ov na informa\u010dn\u00fdch tabuliach obce a na internetovej str\u00e1nke obce),<\/li>\n<li>vyprac\u00fava odborn\u00e9 stanovisk\u00e1 k n\u00e1vrhu rozpo\u010dtu obce a k n\u00e1vrhu z\u00e1vere\u010dn\u00e9ho \u00fa\u010dtu obce pred jeho schv\u00e1len\u00edm v obecnom zastupite\u013estve,<\/li>\n<li>predklad\u00e1 spr\u00e1vu o v\u00fdsledkoch kontroly priamo obecn\u00e9mu zastupite\u013estvu na jeho najbli\u017e\u0161om zasadnut\u00ed,<\/li>\n<li>predklad\u00e1 obecn\u00e9mu zastupite\u013estvu najmenej raz ro\u010dne spr\u00e1vu o kontrolnej \u010dinnosti, a to do 60 dn\u00ed po uplynut\u00ed kalend\u00e1rneho roka,<\/li>\n<li>spolupracuje so \u0161t\u00e1tnymi org\u00e1nmi vo veciach kontroly hospod\u00e1renia s prostriedkami pridelen\u00fdmi obci zo \u0161t\u00e1tneho rozpo\u010dtu alebo zo \u0161truktur\u00e1lnych fondov Eur\u00f3pskej \u00fanie,<\/li>\n<li>vybavuje s\u0165a\u017enosti, ak tak ustanovuje osobitn\u00fd z\u00e1kon,<\/li>\n<li>je povinn\u00fd vykon\u00e1va\u0165 kontrolu, ak ho o to po\u017eiada obecn\u00e9 zastupite\u013estvo,<\/li>\n<li>pln\u00ed \u010fal\u0161ie \u00falohy ustanoven\u00e9 osobitn\u00fdm z\u00e1konom.<\/li>\n<\/ul>\n<p>Hlavn\u00fd kontrol\u00f3r sa z\u00fa\u010dast\u0148uje na zasadnutiach obecn\u00e9ho zastupite\u013estva a obecnej rady s hlasom poradn\u00fdm: m\u00f4\u017ee sa z\u00fa\u010dast\u0148ova\u0165 aj na zasadnutiach komisi\u00ed zriaden\u00fdch obecn\u00fdm zastupite\u013estvom.<\/p>\n<p>Postavenie a \u010dinnos\u0165 hlavn\u00e9ho kontrol\u00f3ra obce je upraven\u00e1 v \u00a7 18 z\u00e1kona \u010d. 369\/1990 Zb. o obecnom zriaden\u00ed v znen\u00ed neskor\u0161\u00edch predpisov.<\/p>\n<p>Hlavn\u00fd kontrol\u00f3r je zamestnancom obce a vz\u0165ahuj\u00fa sa na neho v\u0161etky pr\u00e1va a povinnosti ostatn\u00e9ho ved\u00faceho zamestnanca pod\u013ea osobitn\u00e9ho predpisu. Kontroln\u00fa \u010dinnos\u0165 vykon\u00e1va nez\u00e1visle a nestranne v s\u00falade so z\u00e1kladn\u00fdmi pravidlami kontrolnej \u010dinnosti.<\/p>\n<p><strong>Na stiahnutie<\/strong><\/p>\n<p><a href=\"https:\/\/www.kojsov.sk\/wp-content\/uploads\/2025\/07\/Navrh-planu-kontrolnej-cinnosti-za-II.-polrok-2025-zverejnenie.pdf\" class=\"mtli_attachment mtli_pdf\">N\u00e1vrh pl\u00e1nu kontrolnej \u010dinnosti na II. polrok 2025<\/a><\/p>\n<p><a href=\"https:\/\/www.kojsov.sk\/wp-content\/uploads\/2024\/07\/Navrh-planu-kontrolnej-cinnosti-na-II.-polrok-2024.pdf\" class=\"mtli_attachment mtli_pdf\">N\u00e1vrh pl\u00e1nu kontrolnej \u010dinnosti na II. polrok 2024<\/a><\/p>\n<p><a href=\"https:\/\/www.kojsov.sk\/wp-content\/uploads\/2023\/11\/Navrh-planu-kontrolnej-cinnosti-na-I.-polrok-2024.pdf\" class=\"mtli_attachment mtli_pdf\">N\u00e1vrh pl\u00e1nu kontrolnej \u010dinnosti na I. polrok 2024<\/a><\/p>\n<p><a href=\"https:\/\/www.kojsov.sk\/wp-content\/uploads\/2023\/05\/Navrh-planu-kontrolnej-cinnosti-na-II.-polrok-2023.pdf\" class=\"mtli_attachment mtli_pdf\">N\u00e1vrh pl\u00e1nu kontrolnej \u010dinnosti na II. polrok 2023<\/a><\/p>\n<p><a href=\"https:\/\/www.kojsov.sk\/wp-content\/uploads\/2023\/04\/Navrh-planu-na-1.-polrok-2023.pdf\" class=\"mtli_attachment mtli_pdf\">N\u00e1vrh pl\u00e1nu kontrolnej \u010dinnosti na I. polrok 2023<\/a><\/p>\n","protected":false},"excerpt":{"rendered":"<p>Bc. Gabriela Kopnick\u00e1, MBA hlavn\u00fd kontrol\u00f3r obce, 10% pracovn\u00fd \u00fav\u00e4zok N\u00e1pl\u0148 pr\u00e1ce hlavn\u00e9ho kontrol\u00f3ra: vykon\u00e1va kontrolu v rozsahu ustanoven\u00ed z\u00e1kona \u010d. 369\/1990 Zb. o obecnom zriaden\u00ed v znen\u00ed neskor\u0161\u00edch predpisov, predklad\u00e1 obecn\u00e9mu zastupite\u013estvu raz za \u0161es\u0165 mesiacov n\u00e1vrh pl\u00e1nu kontrolnej \u010dinnosti, ktor\u00fd mus\u00ed by\u0165 najnesk\u00f4r 15 dni pred prerokovan\u00edm v zastupite\u013estve zverejnen\u00fd sp\u00f4sobom v obci &hellip; <\/p>\n<p><a class=\"more-link btn\" href=\"https:\/\/www.kojsov.sk\/?page_id=60\">Chcem vedie\u0165 viac<\/a><\/p>\n","protected":false},"author":1,"featured_media":0,"parent":0,"menu_order":0,"comment_status":"closed","ping_status":"closed","template":"","meta":[],"_links":{"self":[{"href":"https:\/\/www.kojsov.sk\/index.php?rest_route=\/wp\/v2\/pages\/60"}],"collection":[{"href":"https:\/\/www.kojsov.sk\/index.php?rest_route=\/wp\/v2\/pages"}],"about":[{"href":"https:\/\/www.kojsov.sk\/index.php?rest_route=\/wp\/v2\/types\/page"}],"author":[{"embeddable":true,"href":"https:\/\/www.kojsov.sk\/index.php?rest_route=\/wp\/v2\/users\/1"}],"replies":[{"embeddable":true,"href":"https:\/\/www.kojsov.sk\/index.php?rest_route=%2Fwp%2Fv2%2Fcomments&post=60"}],"version-history":[{"count":10,"href":"https:\/\/www.kojsov.sk\/index.php?rest_route=\/wp\/v2\/pages\/60\/revisions"}],"predecessor-version":[{"id":9703,"href":"https:\/\/www.kojsov.sk\/index.php?rest_route=\/wp\/v2\/pages\/60\/revisions\/9703"}],"wp:attachment":[{"href":"https:\/\/www.kojsov.sk\/index.php?rest_route=%2Fwp%2Fv2%2Fmedia&parent=60"}],"curies":[{"name":"wp","href":"https:\/\/api.w.org\/{rel}","templated":true}]}}