{"id":6542,"date":"2019-09-02T22:02:29","date_gmt":"2019-09-02T21:02:29","guid":{"rendered":"http:\/\/www.kojsov.sk\/?page_id=6542"},"modified":"2019-09-02T22:08:45","modified_gmt":"2019-09-02T21:08:45","slug":"vyzva-na-predlozenie-ponuky-prestavba-nevyuzivaneho-objektu-pre-travenie-volneho-casu-komunitnu-a-spolkovu-cinnost","status":"publish","type":"page","link":"https:\/\/www.kojsov.sk\/?page_id=6542","title":{"rendered":"V\u00fdzva na predlo\u017eenie ponuky: Prestavba nevyu\u017e\u00edvan\u00e9ho objektu pre tr\u00e1venie vo\u013en\u00e9ho \u010dasu, komunitn\u00fa a spolkov\u00fa \u010dinnos\u0165"},"content":{"rendered":"\n<h6 style=\"text-align:right\">Zverejnen\u00e9: 02.09.2019<\/h6>\n\n\n\n<p><strong>S\u00fabory na stiahnutie: <\/strong><\/p>\n\n\n\n<div class=\"wp-block-file\"><a href=\"https:\/\/www.kojsov.sk\/wp-content\/uploads\/2019\/09\/Vyzva-na-predlo\u017eenie-cenovej-ponuky_Obec-Koj\u0161ov.pdf\" class=\"mtli_attachment mtli_pdf\" target=\"_blank\" rel=\"noreferrer noopener\">V\u00fdzva na predlo\u017eenie cenovej ponuky<\/a><\/div>\n\n\n\n<div class=\"wp-block-file\"><a href=\"https:\/\/www.kojsov.sk\/wp-content\/uploads\/2019\/09\/Pr\u00edloha-V\u00fdzvy-\u010d.-1-_-Formul\u00e1r-Cenov\u00e1-ponuka.docx\" target=\"_blank\" rel=\"noreferrer noopener\">Pr\u00edloha-V\u00fdzvy-\u010d.-1-_-Formul\u00e1r-Cenov\u00e1-ponuka<\/a><a href=\"https:\/\/www.kojsov.sk\/wp-content\/uploads\/2019\/09\/Pr\u00edloha-V\u00fdzvy-\u010d.-1-_-Formul\u00e1r-Cenov\u00e1-ponuka.docx\" class=\"wp-block-file__button\" download>Stiahnu\u0165<\/a><\/div>\n\n\n\n<div class=\"wp-block-file\"><a href=\"https:\/\/www.kojsov.sk\/wp-content\/uploads\/2019\/09\/Pr\u00edloha-V\u00fdzvy-\u010d.-2_-N\u00e1vrh-uch\u00e1dza\u010da-na-plnenie-krit\u00e9ria.docx\" target=\"_blank\" rel=\"noreferrer noopener\">Pr\u00edloha-V\u00fdzvy-\u010d.-2_-N\u00e1vrh-uch\u00e1dza\u010da-na-plnenie-krit\u00e9ria<\/a><a href=\"https:\/\/www.kojsov.sk\/wp-content\/uploads\/2019\/09\/Pr\u00edloha-V\u00fdzvy-\u010d.-2_-N\u00e1vrh-uch\u00e1dza\u010da-na-plnenie-krit\u00e9ria.docx\" class=\"wp-block-file__button\" download>Stiahnu\u0165<\/a><\/div>\n\n\n\n<div class=\"wp-block-file\"><a href=\"https:\/\/www.kojsov.sk\/wp-content\/uploads\/2019\/09\/Pr\u00edloha-V\u00fdzvy-\u010d.-3-_Zmluva-o-dielo-_-Prestavba-nevyu\u017e\u00edvan\u00e9ho-objektu-_Koj\u0161ov.doc\" target=\"_blank\" rel=\"noreferrer noopener\">Pr\u00edloha-V\u00fdzvy-\u010d.-3-_Zmluva-o-dielo-_-Prestavba-nevyu\u017e\u00edvan\u00e9ho-objektu-_Koj\u0161ov<\/a><a href=\"https:\/\/www.kojsov.sk\/wp-content\/uploads\/2019\/09\/Pr\u00edloha-V\u00fdzvy-\u010d.-3-_Zmluva-o-dielo-_-Prestavba-nevyu\u017e\u00edvan\u00e9ho-objektu-_Koj\u0161ov.doc\" class=\"wp-block-file__button\" download>Stiahnu\u0165<\/a><\/div>\n\n\n\n<div class=\"wp-block-file\"><a href=\"https:\/\/www.kojsov.sk\/wp-content\/uploads\/2019\/09\/Pr\u00edloha-V\u00fdzvy-\u010d.-4-.1-_VV-_Prestavba-nevyu\u017e\u00edvan\u00e9ho-objektu.xlsx\" target=\"_blank\" rel=\"noreferrer noopener\">Pr\u00edloha-V\u00fdzvy-\u010d.-4-.1-_VV-_Prestavba-nevyu\u017e\u00edvan\u00e9ho-objektu<\/a><a href=\"https:\/\/www.kojsov.sk\/wp-content\/uploads\/2019\/09\/Pr\u00edloha-V\u00fdzvy-\u010d.-4-.1-_VV-_Prestavba-nevyu\u017e\u00edvan\u00e9ho-objektu.xlsx\" class=\"wp-block-file__button\" download>Stiahnu\u0165<\/a><\/div>\n\n\n\n<div class=\"wp-block-file\"><a href=\"https:\/\/www.kojsov.sk\/wp-content\/uploads\/2019\/09\/Pr\u00edloha-V\u00fdzvy-\u010d.-4-.2_-VV_-UKplyn.xlsx\" target=\"_blank\" rel=\"noreferrer noopener\">Pr\u00edloha-V\u00fdzvy-\u010d.-4-.2_-VV_-UK+plyn<\/a><a href=\"https:\/\/www.kojsov.sk\/wp-content\/uploads\/2019\/09\/Pr\u00edloha-V\u00fdzvy-\u010d.-4-.2_-VV_-UKplyn.xlsx\" class=\"wp-block-file__button\" download>Stiahnu\u0165<\/a><\/div>\n\n\n\n<div class=\"wp-block-file\"><a href=\"https:\/\/www.kojsov.sk\/wp-content\/uploads\/2019\/09\/Pr\u00edloha-V\u00fdzvy-\u010d.-4-.3-_-VV_ZTI_Koj\u0161ov.xls\" target=\"_blank\" rel=\"noreferrer noopener\">Pr\u00edloha-V\u00fdzvy-\u010d.-4-.3-_-VV_ZTI_Koj\u0161ov<\/a><a href=\"https:\/\/www.kojsov.sk\/wp-content\/uploads\/2019\/09\/Pr\u00edloha-V\u00fdzvy-\u010d.-4-.3-_-VV_ZTI_Koj\u0161ov.xls\" class=\"wp-block-file__button\" download>Stiahnu\u0165<\/a><\/div>\n\n\n\n<div class=\"wp-block-file\"><a href=\"https:\/\/www.kojsov.sk\/wp-content\/uploads\/2019\/09\/Pr\u00edloha-V\u00fdzvy-\u010d.-4-.4-_-VV_eli_prestavba_objektu.docx\" target=\"_blank\" rel=\"noreferrer noopener\">Pr\u00edloha-V\u00fdzvy-\u010d.-4-.4-_-VV_eli_prestavba_objektu<\/a><a href=\"https:\/\/www.kojsov.sk\/wp-content\/uploads\/2019\/09\/Pr\u00edloha-V\u00fdzvy-\u010d.-4-.4-_-VV_eli_prestavba_objektu.docx\" class=\"wp-block-file__button\" download>Stiahnu\u0165<\/a><\/div>\n\n\n\n<div class=\"wp-block-file\"><a href=\"https:\/\/www.kojsov.sk\/wp-content\/uploads\/2019\/09\/Priloha-V\u00fdzvy-\u010d.-5-_\u010destn\u00e9-vyhl\u00e1senie-uch\u00e1dza\u010da.docx\" target=\"_blank\" rel=\"noreferrer noopener\">Priloha-V\u00fdzvy-\u010d.-5-_\u010destn\u00e9-vyhl\u00e1senie-uch\u00e1dza\u010da<\/a><a href=\"https:\/\/www.kojsov.sk\/wp-content\/uploads\/2019\/09\/Priloha-V\u00fdzvy-\u010d.-5-_\u010destn\u00e9-vyhl\u00e1senie-uch\u00e1dza\u010da.docx\" class=\"wp-block-file__button\" download>Stiahnu\u0165<\/a><\/div>\n\n\n\n<div class=\"wp-block-file\"><a href=\"https:\/\/www.kojsov.sk\/wp-content\/uploads\/2019\/09\/Pr\u00edloha-V\u00fdzvy-\u010d.-6-_\u010destn\u00e9-vyhl\u00e1senie-o-konflikte-z\u00e1jmov.docx\" target=\"_blank\" rel=\"noreferrer noopener\">Pr\u00edloha-V\u00fdzvy-\u010d.-6-_\u010destn\u00e9-vyhl\u00e1senie-o-konflikte-z\u00e1jmov<\/a><a href=\"https:\/\/www.kojsov.sk\/wp-content\/uploads\/2019\/09\/Pr\u00edloha-V\u00fdzvy-\u010d.-6-_\u010destn\u00e9-vyhl\u00e1senie-o-konflikte-z\u00e1jmov.docx\" class=\"wp-block-file__button\" download>Stiahnu\u0165<\/a><\/div>\n\n\n\n<div class=\"wp-block-file\"><a href=\"\" target=\"_blank\" rel=\"noreferrer noopener\">Projektov\u00e1 dokument\u00e1cia<\/a><a href=\"https:\/\/www.kojsov.sk\/wp-content\/uploads\/na_stiahnutie\/predkladanie_ponuk\/projektova_dokumentacia.rar\" class=\"wp-block-file__button\" download=\"\">Stiahnu\u0165<\/a><\/div>\n","protected":false},"excerpt":{"rendered":"<p>Zverejnen\u00e9: 02.09.2019 S\u00fabory na stiahnutie: Projektov\u00e1 dokument\u00e1ciaStiahnu\u0165<\/p>\n","protected":false},"author":1,"featured_media":0,"parent":0,"menu_order":0,"comment_status":"closed","ping_status":"closed","template":"","meta":[],"_links":{"self":[{"href":"https:\/\/www.kojsov.sk\/index.php?rest_route=\/wp\/v2\/pages\/6542"}],"collection":[{"href":"https:\/\/www.kojsov.sk\/index.php?rest_route=\/wp\/v2\/pages"}],"about":[{"href":"https:\/\/www.kojsov.sk\/index.php?rest_route=\/wp\/v2\/types\/page"}],"author":[{"embeddable":true,"href":"https:\/\/www.kojsov.sk\/index.php?rest_route=\/wp\/v2\/users\/1"}],"replies":[{"embeddable":true,"href":"https:\/\/www.kojsov.sk\/index.php?rest_route=%2Fwp%2Fv2%2Fcomments&post=6542"}],"version-history":[{"count":9,"href":"https:\/\/www.kojsov.sk\/index.php?rest_route=\/wp\/v2\/pages\/6542\/revisions"}],"predecessor-version":[{"id":6564,"href":"https:\/\/www.kojsov.sk\/index.php?rest_route=\/wp\/v2\/pages\/6542\/revisions\/6564"}],"wp:attachment":[{"href":"https:\/\/www.kojsov.sk\/index.php?rest_route=%2Fwp%2Fv2%2Fmedia&parent=6542"}],"curies":[{"name":"wp","href":"https:\/\/api.w.org\/{rel}","templated":true}]}}