{"id":6594,"date":"2019-10-21T20:21:39","date_gmt":"2019-10-21T19:21:39","guid":{"rendered":"http:\/\/www.kojsov.sk\/?page_id=6594"},"modified":"2020-03-01T12:01:57","modified_gmt":"2020-03-01T11:01:57","slug":"volby-do-nr-sr-2020","status":"publish","type":"page","link":"https:\/\/www.kojsov.sk\/?page_id=6594","title":{"rendered":"Vo\u013eby do NR SR 2020"},"content":{"rendered":"\n\n\n<ul><li><a href=\"https:\/\/www.kojsov.sk\/?page_id=6697\"><strong>V\u00fdsledky volieb do NR SR 2020 v obci Koj\u0161ov<\/strong><\/a><\/li><\/ul>\n\n\n\n<div class=\"wp-block-file\"><a href=\"https:\/\/www.kojsov.sk\/wp-content\/uploads\/2019\/11\/volby_nrsr_2020.pdf\" class=\"mtli_attachment mtli_pdf\" target=\"_blank\" rel=\"noreferrer noopener\">Vyhl\u00e1senie volieb do NR SR 2020<\/a><\/div>\n\n\n\n<div class=\"wp-block-file\"><a href=\"https:\/\/www.kojsov.sk\/wp-content\/uploads\/2019\/11\/volby_nrsr_2020_info.pdf\" class=\"mtli_attachment mtli_pdf\" target=\"_blank\" rel=\"noreferrer noopener\">Inform\u00e1cie pre voli\u010da<\/a><\/div>\n\n\n\n<div class=\"wp-block-file\"><a href=\"https:\/\/www.kojsov.sk\/wp-content\/uploads\/2019\/10\/volby_nrsr_2020.pdf\" class=\"mtli_attachment mtli_pdf\" target=\"_blank\" rel=\"noreferrer noopener\"> Ozn\u00e1menie el. adresy na doru\u010denie \u017eiadost\u00ed o vo\u013ebu po\u0161tou pre vo\u013eby do NRSR 2020 <\/a><\/div>\n\n\n\n<div class=\"wp-block-file\"><a href=\"https:\/\/www.kojsov.sk\/wp-content\/uploads\/2020\/01\/volby_nrsr_2020_hlpr.pdf\" class=\"mtli_attachment mtli_pdf\" target=\"_blank\" rel=\"noreferrer noopener\">Ozn\u00e1menie el. adresy na doru\u010denie \u017eiadost\u00ed o vydanie hl. preukazu pre vo\u013eby do NRSR 2020<\/a><\/div>\n\n\n\n<ul><li><strong><a rel=\"noreferrer noopener\" aria-label=\"y pre vo\u013ebu po\u0161tou (otvor\u00ed sa v novej karte)\" href=\"http:\/\/www.minv.sk\/?nr20-posta2\" target=\"_blank\">Pokyny pre vo\u013ebu po\u0161tou<\/a><\/strong><\/li><\/ul>\n\n\n\n<ul><li><a rel=\"noreferrer noopener\" aria-label=\"https:\/\/www.kojsov.sk\/wp-content\/uploads\/2019\/12\/volebny_oksok.pdf (otvor\u00ed sa v novej karte)\" href=\"https:\/\/www.kojsov.sk\/wp-content\/uploads\/2019\/12\/volebny_oksok.pdf\" class=\"mtli_attachment mtli_pdf\" target=\"_blank\"><strong>Vytvorenie volebn\u00e9ho okrsku<\/strong><\/a><\/li><\/ul>\n\n\n\n<ul><li><strong><a href=\"https:\/\/www.kojsov.sk\/wp-content\/uploads\/2019\/12\/volby_zapisovatel.pdf\" class=\"mtli_attachment mtli_pdf\" target=\"_blank\" rel=\"noreferrer noopener\" aria-label=\"Vymenovanie zapisovate\u013ea miestnej volebnej komisie (otvor\u00ed sa v novej karte)\">Vymenovanie zapisovate\u013ea miestnej volebnej komisie<\/a><\/strong><\/li><\/ul>\n\n\n\n<ul><li><strong><a href=\"https:\/\/www.kojsov.sk\/wp-content\/uploads\/2019\/12\/adresa_delegovanie_clenov.pdf\" class=\"mtli_attachment mtli_pdf\" target=\"_blank\" rel=\"noreferrer noopener\" aria-label=\"Delegovanie \u010dlenov do OVK - inform\u00e1cie (otvor\u00ed sa v novej karte)\">Delegovanie \u010dlenov do OVK &#8211; inform\u00e1cie<\/a><\/strong><\/li><\/ul>\n","protected":false},"excerpt":{"rendered":"<p>V\u00fdsledky volieb do NR SR 2020 v obci Koj\u0161ov Pokyny pre vo\u013ebu po\u0161tou Vytvorenie volebn\u00e9ho okrsku Vymenovanie zapisovate\u013ea miestnej volebnej komisie Delegovanie \u010dlenov do OVK &#8211; inform\u00e1cie<\/p>\n","protected":false},"author":1,"featured_media":0,"parent":0,"menu_order":0,"comment_status":"closed","ping_status":"closed","template":"","meta":[],"_links":{"self":[{"href":"https:\/\/www.kojsov.sk\/index.php?rest_route=\/wp\/v2\/pages\/6594"}],"collection":[{"href":"https:\/\/www.kojsov.sk\/index.php?rest_route=\/wp\/v2\/pages"}],"about":[{"href":"https:\/\/www.kojsov.sk\/index.php?rest_route=\/wp\/v2\/types\/page"}],"author":[{"embeddable":true,"href":"https:\/\/www.kojsov.sk\/index.php?rest_route=\/wp\/v2\/users\/1"}],"replies":[{"embeddable":true,"href":"https:\/\/www.kojsov.sk\/index.php?rest_route=%2Fwp%2Fv2%2Fcomments&post=6594"}],"version-history":[{"count":9,"href":"https:\/\/www.kojsov.sk\/index.php?rest_route=\/wp\/v2\/pages\/6594\/revisions"}],"predecessor-version":[{"id":6700,"href":"https:\/\/www.kojsov.sk\/index.php?rest_route=\/wp\/v2\/pages\/6594\/revisions\/6700"}],"wp:attachment":[{"href":"https:\/\/www.kojsov.sk\/index.php?rest_route=%2Fwp%2Fv2%2Fmedia&parent=6594"}],"curies":[{"name":"wp","href":"https:\/\/api.w.org\/{rel}","templated":true}]}}