{"id":66,"date":"2013-04-27T21:35:24","date_gmt":"2013-04-27T19:35:24","guid":{"rendered":"http:\/\/www.new.kojsov.sk\/?page_id=66"},"modified":"2013-09-14T18:10:23","modified_gmt":"2013-09-14T16:10:23","slug":"fsk-jedlinka","status":"publish","type":"page","link":"https:\/\/www.kojsov.sk\/?page_id=66","title":{"rendered":"FSK Jedlinka"},"content":{"rendered":"<h3 style=\"color: #000000; text-align: justify; text-indent: 30px; font-weight: normal; font-size: 10pt; font-family: verdana; line-height: 17px;\">Folkl\u00f3rna skupina JEDLINKA bola zalo\u017een\u00e1 v roku 1997. Po\u010das rokov 1997 &#8211; 2002 p\u00f4sobila pod n\u00e1zvom Detsk\u00fd folkl\u00f3rny s\u00fabor JEDLINKA. Pri pr\u00edle\u017eitosti piatych naroden\u00edn v roku 2002 sa premenovala na Folkl\u00f3rnu skupinu JEDLINKA.<\/h3>\n<h3 style=\"color: #000000; text-align: justify; text-indent: 30px; font-weight: normal; font-size: 10pt; font-family: verdana; line-height: 17px;\">Skupinu tvoria deti a ml\u00e1de\u017e vo veku 8-23 rokov. Reperto\u00e1r skupiny je zostaven\u00fd preva\u017ene zo zvykov, tancov a piesn\u00ed z obce Koj\u0161ov alebo bl\u00edzkeho okolia. Napr\u00edklad p\u00e1sma Vod&#8217;e\u0148e Smertky, Ve\u013ek\u00e1 noc prichod&#8217;i, Vo\u010fe\u0148e U\u013eijany, M\u00e1je\u0148e \u013eanu, Hraban\u00e9 sena na ho\u013ei, Ma\u013einy, U\u0161ni \u017ee mi u\u0161ni, Ve\u0161arky, Ve\u0161ar vi\u013eijovy. Po\u010das doteraj\u0161ieho p\u00f4sobenia skupina vyst\u00fapila pribli\u017ene na 130 r\u00f4znych podujatiach doma, na Slovensku, ale aj v zahrani\u010d\u00ed. Boli to podujatia Mati\u010dn\u00e9 dni v Martine (1997,98), premi\u00e9ra filmu koj\u0161ovsk\u00e9ho rod\u00e1ka Juraja Jakubiska &#8211; Nejasn\u00e1 zpr\u00e1va o konci sv\u011bta (1998), Spi\u0161sk\u00e9 folkl\u00f3rne sl\u00e1vnosti (1997,98,99,2000,01,02,03,04), Koj\u0161ovsk\u00e1 helig\u00f3nka (2000,01,02,04,05), Belansk\u00e9 sl\u00e1vnosti (2000,01), Dni kolied kres\u0165anov Slovenska (2002,03,04), Letokruhy \u010dloveka a krajiny pod Svoradom (2003,04), Antol\u00f3gia folkl\u00f3ru (2003), Hornotorysk\u00fd folkl\u00f3rny festival v Krivanoch (2005) a \u010fal\u0161ie. Skupina a jej \u010dlenovia sa z\u00fa\u010dast\u0148uj\u00fa aj s\u00fa\u0165a\u017en\u00fdch prehliadok kde z\u00edskali spolu 12 ocenen\u00ed na okresnom a dve na krajskom kole. Od roku 2001 pravidelne pripravuje v obci Koj\u0161ov podujatia na obnovovanie tradi\u010dn\u00fdch zvykov. (Fa\u0161iangov\u00e1 z\u00e1bava, Vo\u010fe\u0148e Smertky, Ve\u013ek\u00e1 noc, Vo\u010fe\u0148e Ulijany na Turice, Cho\u010fe\u0148e po speva\u0148u na Vianoce). V s\u00fa\u010dasnosti skupina pracuje pod ob\u010dianskym zdru\u017een\u00edm Zdru\u017eenie ULIJANA z Koj\u0161ova.V rokoch 2003, 2004 a 2005 hos\u0165ovali v Koj\u0161ove folkl\u00f3rne skupiny Balamuty a Vasi\u013eky z Bieloruska.<\/h3>\n<h3 style=\"color: #000000; text-align: justify; text-indent: 30px; font-weight: normal; font-size: 10pt; font-family: verdana; line-height: 17px;\">V s\u00fa\u010dasnosti skupina pracuje pod ob\u010dianskym zdru\u017een\u00edm Zdru\u017eenie ULIJANA z Koj\u0161ova.<\/h3>\n","protected":false},"excerpt":{"rendered":"<p>Folkl\u00f3rna skupina JEDLINKA bola zalo\u017een\u00e1 v roku 1997. Po\u010das rokov 1997 &#8211; 2002 p\u00f4sobila pod n\u00e1zvom Detsk\u00fd folkl\u00f3rny s\u00fabor JEDLINKA. Pri pr\u00edle\u017eitosti piatych naroden\u00edn v roku 2002 sa premenovala na Folkl\u00f3rnu skupinu JEDLINKA. Skupinu tvoria deti a ml\u00e1de\u017e vo veku 8-23 rokov. Reperto\u00e1r skupiny je zostaven\u00fd preva\u017ene zo zvykov, tancov a piesn\u00ed z obce Koj\u0161ov &hellip; <\/p>\n<p><a class=\"more-link btn\" href=\"https:\/\/www.kojsov.sk\/?page_id=66\">Chcem vedie\u0165 viac<\/a><\/p>\n","protected":false},"author":1,"featured_media":0,"parent":0,"menu_order":0,"comment_status":"closed","ping_status":"closed","template":"","meta":[],"_links":{"self":[{"href":"https:\/\/www.kojsov.sk\/index.php?rest_route=\/wp\/v2\/pages\/66"}],"collection":[{"href":"https:\/\/www.kojsov.sk\/index.php?rest_route=\/wp\/v2\/pages"}],"about":[{"href":"https:\/\/www.kojsov.sk\/index.php?rest_route=\/wp\/v2\/types\/page"}],"author":[{"embeddable":true,"href":"https:\/\/www.kojsov.sk\/index.php?rest_route=\/wp\/v2\/users\/1"}],"replies":[{"embeddable":true,"href":"https:\/\/www.kojsov.sk\/index.php?rest_route=%2Fwp%2Fv2%2Fcomments&post=66"}],"version-history":[{"count":2,"href":"https:\/\/www.kojsov.sk\/index.php?rest_route=\/wp\/v2\/pages\/66\/revisions"}],"predecessor-version":[{"id":580,"href":"https:\/\/www.kojsov.sk\/index.php?rest_route=\/wp\/v2\/pages\/66\/revisions\/580"}],"wp:attachment":[{"href":"https:\/\/www.kojsov.sk\/index.php?rest_route=%2Fwp%2Fv2%2Fmedia&parent=66"}],"curies":[{"name":"wp","href":"https:\/\/api.w.org\/{rel}","templated":true}]}}