{"id":6622,"date":"2019-12-18T13:26:32","date_gmt":"2019-12-18T12:26:32","guid":{"rendered":"http:\/\/www.kojsov.sk\/?page_id=6622"},"modified":"2019-12-18T13:26:33","modified_gmt":"2019-12-18T12:26:33","slug":"vyzva-na-predlozenie-ponuky-kartonovacie-a-baliace-zariadenie-plastovych-dielov","status":"publish","type":"page","link":"https:\/\/www.kojsov.sk\/?page_id=6622","title":{"rendered":"V\u00fdzva na predlo\u017eenie ponuky: Kart\u00f3novacie a baliace zariadenie plastov\u00fdch dielov"},"content":{"rendered":"\n<div class=\"wp-block-file\"><a href=\"https:\/\/www.kojsov.sk\/wp-content\/uploads\/2019\/12\/vyzva_na_predlozenie_ponuky_baliaci_stroj.pdf\" class=\"mtli_attachment mtli_pdf\" target=\"_blank\" rel=\"noreferrer noopener\">V\u00fdzva na predlo\u017eenie cenovej ponuky<\/a><a href=\"https:\/\/www.kojsov.sk\/wp-content\/uploads\/2019\/12\/vyzva_na_predlozenie_ponuky_baliaci_stroj.pdf\" class=\"mtli_attachment mtli_pdf\" class=\"wp-block-file__button\" download>Stiahnu\u0165<\/a><\/div>\n\n\n\n<div class=\"wp-block-file\"><a href=\"https:\/\/www.kojsov.sk\/wp-content\/uploads\/2019\/12\/formular_ponuky_vyzva_baliaci_stroj.pdf\" class=\"mtli_attachment mtli_pdf\" target=\"_blank\" rel=\"noreferrer noopener\">Formul\u00e1r cenovej ponuky<\/a><a href=\"https:\/\/www.kojsov.sk\/wp-content\/uploads\/2019\/12\/formular_ponuky_vyzva_baliaci_stroj.pdf\" class=\"mtli_attachment mtli_pdf\" class=\"wp-block-file__button\" download>Stiahnu\u0165<\/a><\/div>\n\n\n\n<div class=\"wp-block-file\"><a href=\"https:\/\/www.kojsov.sk\/wp-content\/uploads\/2019\/12\/identifikacne_udaje_vyzva_baliaci_stroj.pdf\" class=\"mtli_attachment mtli_pdf\" target=\"_blank\" rel=\"noreferrer noopener\">Identifika\u010dn\u00e9 \u00fadaje \u00fach\u00e1dza\u010da<\/a><a href=\"https:\/\/www.kojsov.sk\/wp-content\/uploads\/2019\/12\/identifikacne_udaje_vyzva_baliaci_stroj.pdf\" class=\"mtli_attachment mtli_pdf\" class=\"wp-block-file__button\" download>Stiahnu\u0165<\/a><\/div>\n\n\n\n<div class=\"wp-block-file\"><a href=\"https:\/\/www.kojsov.sk\/wp-content\/uploads\/2019\/12\/cestne_prehlasenie_vyzva_baliaci_stroj.pdf\" class=\"mtli_attachment mtli_pdf\" target=\"_blank\" rel=\"noreferrer noopener\">\u010cestn\u00e9 prehl\u00e1senie uch\u00e1dza\u010da<\/a><a href=\"https:\/\/www.kojsov.sk\/wp-content\/uploads\/2019\/12\/cestne_prehlasenie_vyzva_baliaci_stroj.pdf\" class=\"mtli_attachment mtli_pdf\" class=\"wp-block-file__button\" download>Stiahnu\u0165<\/a><\/div>\n","protected":false},"excerpt":{"rendered":"","protected":false},"author":1,"featured_media":0,"parent":0,"menu_order":0,"comment_status":"closed","ping_status":"closed","template":"","meta":[],"_links":{"self":[{"href":"https:\/\/www.kojsov.sk\/index.php?rest_route=\/wp\/v2\/pages\/6622"}],"collection":[{"href":"https:\/\/www.kojsov.sk\/index.php?rest_route=\/wp\/v2\/pages"}],"about":[{"href":"https:\/\/www.kojsov.sk\/index.php?rest_route=\/wp\/v2\/types\/page"}],"author":[{"embeddable":true,"href":"https:\/\/www.kojsov.sk\/index.php?rest_route=\/wp\/v2\/users\/1"}],"replies":[{"embeddable":true,"href":"https:\/\/www.kojsov.sk\/index.php?rest_route=%2Fwp%2Fv2%2Fcomments&post=6622"}],"version-history":[{"count":1,"href":"https:\/\/www.kojsov.sk\/index.php?rest_route=\/wp\/v2\/pages\/6622\/revisions"}],"predecessor-version":[{"id":6627,"href":"https:\/\/www.kojsov.sk\/index.php?rest_route=\/wp\/v2\/pages\/6622\/revisions\/6627"}],"wp:attachment":[{"href":"https:\/\/www.kojsov.sk\/index.php?rest_route=%2Fwp%2Fv2%2Fmedia&parent=6622"}],"curies":[{"name":"wp","href":"https:\/\/api.w.org\/{rel}","templated":true}]}}