{"id":68,"date":"2013-04-27T21:35:49","date_gmt":"2013-04-27T19:35:49","guid":{"rendered":"http:\/\/www.new.kojsov.sk\/?page_id=68"},"modified":"2013-09-14T18:11:00","modified_gmt":"2013-09-14T16:11:00","slug":"ludova-hudba-kojsova","status":"publish","type":"page","link":"https:\/\/www.kojsov.sk\/?page_id=68","title":{"rendered":"\u013dudov\u00e1 hudba Koj\u0161ovan"},"content":{"rendered":"<p style=\"color: #000000; text-align: justify; text-indent: 30px; font-weight: normal; font-size: 10pt; font-family: verdana; line-height: 17px;\"><span style=\"color: #000000; font-family: verdana; font-size: small;\"><span style=\"font-weight: normal; line-height: 17px;\">\u013dudov\u00e1 hudba KOJ\u0160OVJAN bola zalo\u017een\u00e1 v\u00a0roku 2003 pri Folkl\u00f3rnej skupine JEDLINKA. Hr\u00e1va v\u00a0zlo\u017een\u00ed 1. husle, 2. husle, akorde\u00f3n a\u00a0kontrabas. Hudbu dotv\u00e1ra diev\u010densk\u00e9 spev\u00e1cke trio. Reperto\u00e1r hudby je zostaven\u00fd preva\u017ene z\u00a0piesn\u00ed Koj\u0161ova a\u00a0okolia, ako aj \u00a0piesn\u00ed zo Spi\u0161a a\u00a0cel\u00e9ho v\u00fdchodn\u00e9ho Slovenska. Okrem dom\u00e1cich podujat\u00ed (Fa\u0161iangov\u00e1 z\u00e1bava, Ve\u013ekono\u010dn\u00e1 z\u00e1bava, a\u00a0i.) sa z\u00fa\u010dast\u0148uje aj na nieko\u013ek\u00fdch folkl\u00f3rnych podujatiach po celom Slovensku &#8211; Spi\u0161sk\u00e9 folkl\u00f3rne sl\u00e1vnosti (2003, 2004), Horehronsk\u00e9 dni spevu a tanca v He\u013epe (2004), Star\u00e9 n\u00f4ty mlad\u00fdch str\u00fan v Habkove (2003,2004,2005), Dni kolied kres\u0165anov v Slovenska v Chrenovci-Brusne (2003,2004), Letokruhy \u010dloveka a krajiny pod Svoradom (2003,2004), Koj\u0161ovsk\u00e1 helig\u00f3nka, Hornotorysk\u00fd folkl\u00f3rny festival v Krivanoch (2005), Folkl\u00f3rny festival V\u00fdchodn\u00e1 (2005). V j\u00fani roku 2003 \u00fa\u010dinkovala na\u00a0medzin\u00e1rodnom\u00a0festivale &#8222;Znej\u00fa cimbaly i harmoniky&#8220; v meste Postavy v Bielorusku. <\/span><\/span><\/p>\n<p style=\"color: #000000; text-align: justify; text-indent: 30px; font-weight: normal; font-size: 10pt; font-family: verdana; line-height: 17px;\"><span style=\"color: #000000; font-family: verdana; font-size: small;\"><span style=\"font-weight: normal; line-height: 17px;\">\u013dudov\u00e1 hudba KOJ\u0160OVAN od roku 2004 p\u00f4sob\u00ed pri ob\u010dianskom Zdru\u017een\u00ed ULIJANA z Koj\u0161ova.<\/span><\/span><\/p>\n","protected":false},"excerpt":{"rendered":"<p>\u013dudov\u00e1 hudba KOJ\u0160OVJAN bola zalo\u017een\u00e1 v\u00a0roku 2003 pri Folkl\u00f3rnej skupine JEDLINKA. Hr\u00e1va v\u00a0zlo\u017een\u00ed 1. husle, 2. husle, akorde\u00f3n a\u00a0kontrabas. Hudbu dotv\u00e1ra diev\u010densk\u00e9 spev\u00e1cke trio. Reperto\u00e1r hudby je zostaven\u00fd preva\u017ene z\u00a0piesn\u00ed Koj\u0161ova a\u00a0okolia, ako aj \u00a0piesn\u00ed zo Spi\u0161a a\u00a0cel\u00e9ho v\u00fdchodn\u00e9ho Slovenska. Okrem dom\u00e1cich podujat\u00ed (Fa\u0161iangov\u00e1 z\u00e1bava, Ve\u013ekono\u010dn\u00e1 z\u00e1bava, a\u00a0i.) sa z\u00fa\u010dast\u0148uje aj na nieko\u013ek\u00fdch folkl\u00f3rnych podujatiach &hellip; <\/p>\n<p><a class=\"more-link btn\" href=\"https:\/\/www.kojsov.sk\/?page_id=68\">Chcem vedie\u0165 viac<\/a><\/p>\n","protected":false},"author":1,"featured_media":0,"parent":0,"menu_order":0,"comment_status":"closed","ping_status":"closed","template":"","meta":[],"_links":{"self":[{"href":"https:\/\/www.kojsov.sk\/index.php?rest_route=\/wp\/v2\/pages\/68"}],"collection":[{"href":"https:\/\/www.kojsov.sk\/index.php?rest_route=\/wp\/v2\/pages"}],"about":[{"href":"https:\/\/www.kojsov.sk\/index.php?rest_route=\/wp\/v2\/types\/page"}],"author":[{"embeddable":true,"href":"https:\/\/www.kojsov.sk\/index.php?rest_route=\/wp\/v2\/users\/1"}],"replies":[{"embeddable":true,"href":"https:\/\/www.kojsov.sk\/index.php?rest_route=%2Fwp%2Fv2%2Fcomments&post=68"}],"version-history":[{"count":3,"href":"https:\/\/www.kojsov.sk\/index.php?rest_route=\/wp\/v2\/pages\/68\/revisions"}],"predecessor-version":[{"id":581,"href":"https:\/\/www.kojsov.sk\/index.php?rest_route=\/wp\/v2\/pages\/68\/revisions\/581"}],"wp:attachment":[{"href":"https:\/\/www.kojsov.sk\/index.php?rest_route=%2Fwp%2Fv2%2Fmedia&parent=68"}],"curies":[{"name":"wp","href":"https:\/\/api.w.org\/{rel}","templated":true}]}}