{"id":6999,"date":"2021-01-10T12:26:44","date_gmt":"2021-01-10T11:26:44","guid":{"rendered":"http:\/\/www.kojsov.sk\/?page_id=6999"},"modified":"2024-02-21T15:56:40","modified_gmt":"2024-02-21T13:56:40","slug":"harmonogram-nakladania-s-odpdom","status":"publish","type":"page","link":"https:\/\/www.kojsov.sk\/?page_id=6999","title":{"rendered":"Harmonogram nakladania s odpadom"},"content":{"rendered":"\n<ul><li><a href=\"https:\/\/www.kojsov.sk\/wp-content\/uploads\/2021\/01\/zmena_nakladanie_ko_2021.pdf\" class=\"mtli_attachment mtli_pdf\">Zmeny v nakladan\u00ed s komun\u00e1lnym odpadom a s vytrieden\u00fdmi zlo\u017ekami z komun\u00e1lnych odpadov \u2013 Plasty, Sklo, Papier 2021<\/a><\/li><\/ul>\n\n\n\n<ul><li><a href=\"https:\/\/www.kojsov.sk\/wp-content\/uploads\/2023\/12\/Zvozovy-kalendar-2024.png\" data-rel=\"lightbox-image-0\" data-rl_title=\"\" data-rl_caption=\"\" title=\"\">Harmonogram v\u00fdvozu komun\u00e1lneho odpadu a vytrieden\u00fdch zlo\u017eiek odpadu na rok 2024<\/a><\/li><\/ul>\n\n\n\n<p><\/p>\n","protected":false},"excerpt":{"rendered":"<p>Zmeny v nakladan\u00ed s komun\u00e1lnym odpadom a s vytrieden\u00fdmi zlo\u017ekami z komun\u00e1lnych odpadov \u2013 Plasty, Sklo, Papier 2021 Harmonogram v\u00fdvozu komun\u00e1lneho odpadu a vytrieden\u00fdch zlo\u017eiek odpadu na rok 2024<\/p>\n","protected":false},"author":1,"featured_media":0,"parent":0,"menu_order":0,"comment_status":"closed","ping_status":"closed","template":"","meta":[],"_links":{"self":[{"href":"https:\/\/www.kojsov.sk\/index.php?rest_route=\/wp\/v2\/pages\/6999"}],"collection":[{"href":"https:\/\/www.kojsov.sk\/index.php?rest_route=\/wp\/v2\/pages"}],"about":[{"href":"https:\/\/www.kojsov.sk\/index.php?rest_route=\/wp\/v2\/types\/page"}],"author":[{"embeddable":true,"href":"https:\/\/www.kojsov.sk\/index.php?rest_route=\/wp\/v2\/users\/1"}],"replies":[{"embeddable":true,"href":"https:\/\/www.kojsov.sk\/index.php?rest_route=%2Fwp%2Fv2%2Fcomments&post=6999"}],"version-history":[{"count":5,"href":"https:\/\/www.kojsov.sk\/index.php?rest_route=\/wp\/v2\/pages\/6999\/revisions"}],"predecessor-version":[{"id":9060,"href":"https:\/\/www.kojsov.sk\/index.php?rest_route=\/wp\/v2\/pages\/6999\/revisions\/9060"}],"wp:attachment":[{"href":"https:\/\/www.kojsov.sk\/index.php?rest_route=%2Fwp%2Fv2%2Fmedia&parent=6999"}],"curies":[{"name":"wp","href":"https:\/\/api.w.org\/{rel}","templated":true}]}}