{"id":7033,"date":"2021-02-24T19:40:50","date_gmt":"2021-02-24T18:40:50","guid":{"rendered":"http:\/\/www.kojsov.sk\/?page_id=7033"},"modified":"2025-02-25T15:26:20","modified_gmt":"2025-02-25T13:26:20","slug":"uroven-vytriedenia-odpadu","status":"publish","type":"page","link":"https:\/\/www.kojsov.sk\/?page_id=7033","title":{"rendered":"\u00darove\u0148 vytriedenia odpadu"},"content":{"rendered":"\n<p><a href=\"https:\/\/www.kojsov.sk\/wp-content\/uploads\/2025\/02\/Uroven-vytriedenia-komunalnych-odpadov-za-rok-2024.pdf\" class=\"mtli_attachment mtli_pdf\">\u00darove\u0148 vytriedenia komun\u00e1lnych odpadov za rok 2024<\/a><\/p>\n\n\n\n<p><a href=\"https:\/\/www.kojsov.sk\/wp-content\/uploads\/2024\/02\/Uroven-vytriedenia-komunalnych-odpadov-za-rok-2023.pdf\" class=\"mtli_attachment mtli_pdf\">\u00darove\u0148 vytriedenia komun\u00e1lnych odpadov za rok 2023<\/a><\/p>\n\n\n\n<p><a href=\"https:\/\/www.kojsov.sk\/wp-content\/uploads\/2023\/02\/Uroven-vytriedenia-komunalnych-odpadov-za-rok-2022.pdf\" class=\"mtli_attachment mtli_pdf\">\u00darove\u0148 vytriedenia komun\u00e1lnych odpadov za rok 2022<\/a><\/p>\n\n\n\n<div class=\"wp-block-file\"><a href=\"https:\/\/www.kojsov.sk\/wp-content\/uploads\/2022\/02\/UVKO_2021.pdf\" class=\"mtli_attachment mtli_pdf\" target=\"_blank\" rel=\"noreferrer noopener\">\u00darove\u0148 vytriedenia komun\u00e1lnych odpadov za rok 2021<\/a><\/div>\n\n\n\n<p><a rel=\"noreferrer noopener\" href=\"https:\/\/www.kojsov.sk\/wp-content\/uploads\/2021\/02\/UVKO_2021.pdf\" class=\"mtli_attachment mtli_pdf\" target=\"_blank\">\u00darove\u0148 vytriedenia komun\u00e1lnych odpadov za rok 202<\/a>0<\/p>\n\n\n\n<p><a href=\"https:\/\/www.kojsov.sk\/wp-content\/uploads\/2020\/03\/uroven_vytriedenia_odpadu_kojsov.pdf\" class=\"mtli_attachment mtli_pdf\" target=\"_blank\" rel=\"noreferrer noopener\">\u00darove\u0148 vytriedenia komun\u00e1lnych odpadov za rok 2019<\/a><\/p>\n","protected":false},"excerpt":{"rendered":"<p>\u00darove\u0148 vytriedenia komun\u00e1lnych odpadov za rok 2024 \u00darove\u0148 vytriedenia komun\u00e1lnych odpadov za rok 2023 \u00darove\u0148 vytriedenia komun\u00e1lnych odpadov za rok 2022 \u00darove\u0148 vytriedenia komun\u00e1lnych odpadov za rok 2020 \u00darove\u0148 vytriedenia komun\u00e1lnych odpadov za rok 2019<\/p>\n","protected":false},"author":1,"featured_media":0,"parent":0,"menu_order":0,"comment_status":"closed","ping_status":"closed","template":"","meta":[],"_links":{"self":[{"href":"https:\/\/www.kojsov.sk\/index.php?rest_route=\/wp\/v2\/pages\/7033"}],"collection":[{"href":"https:\/\/www.kojsov.sk\/index.php?rest_route=\/wp\/v2\/pages"}],"about":[{"href":"https:\/\/www.kojsov.sk\/index.php?rest_route=\/wp\/v2\/types\/page"}],"author":[{"embeddable":true,"href":"https:\/\/www.kojsov.sk\/index.php?rest_route=\/wp\/v2\/users\/1"}],"replies":[{"embeddable":true,"href":"https:\/\/www.kojsov.sk\/index.php?rest_route=%2Fwp%2Fv2%2Fcomments&post=7033"}],"version-history":[{"count":6,"href":"https:\/\/www.kojsov.sk\/index.php?rest_route=\/wp\/v2\/pages\/7033\/revisions"}],"predecessor-version":[{"id":9546,"href":"https:\/\/www.kojsov.sk\/index.php?rest_route=\/wp\/v2\/pages\/7033\/revisions\/9546"}],"wp:attachment":[{"href":"https:\/\/www.kojsov.sk\/index.php?rest_route=%2Fwp%2Fv2%2Fmedia&parent=7033"}],"curies":[{"name":"wp","href":"https:\/\/api.w.org\/{rel}","templated":true}]}}