{"id":7063,"date":"2021-03-17T18:58:34","date_gmt":"2021-03-17T17:58:34","guid":{"rendered":"https:\/\/www.kojsov.sk\/?page_id=7063"},"modified":"2022-11-29T09:13:26","modified_gmt":"2022-11-29T08:13:26","slug":"zverejnovanie-dokumentov-2021","status":"publish","type":"page","link":"https:\/\/www.kojsov.sk\/?page_id=7063","title":{"rendered":"Zverej\u0148ovanie dokumentov 2021"},"content":{"rendered":"\n<p><strong>Zverej\u0148ovanie fakt\u00far 2021<\/strong><\/p>\n\n\n[table \"76\" not found \/]<br \/>\n\n\n\n\n<p><\/p>\n\n\n\n<p><strong>Zverej\u0148ovanie zml\u00fav 2021<\/strong><\/p>\n\n\n[table \"75\" not found \/]<br \/>\n\n\n\n\n<p><\/p>\n","protected":false},"excerpt":{"rendered":"<p>Zverej\u0148ovanie fakt\u00far 2021 Zverej\u0148ovanie zml\u00fav 2021<\/p>\n","protected":false},"author":1,"featured_media":0,"parent":0,"menu_order":0,"comment_status":"closed","ping_status":"closed","template":"template-onecolumn.php","meta":[],"_links":{"self":[{"href":"https:\/\/www.kojsov.sk\/index.php?rest_route=\/wp\/v2\/pages\/7063"}],"collection":[{"href":"https:\/\/www.kojsov.sk\/index.php?rest_route=\/wp\/v2\/pages"}],"about":[{"href":"https:\/\/www.kojsov.sk\/index.php?rest_route=\/wp\/v2\/types\/page"}],"author":[{"embeddable":true,"href":"https:\/\/www.kojsov.sk\/index.php?rest_route=\/wp\/v2\/users\/1"}],"replies":[{"embeddable":true,"href":"https:\/\/www.kojsov.sk\/index.php?rest_route=%2Fwp%2Fv2%2Fcomments&post=7063"}],"version-history":[{"count":2,"href":"https:\/\/www.kojsov.sk\/index.php?rest_route=\/wp\/v2\/pages\/7063\/revisions"}],"predecessor-version":[{"id":8113,"href":"https:\/\/www.kojsov.sk\/index.php?rest_route=\/wp\/v2\/pages\/7063\/revisions\/8113"}],"wp:attachment":[{"href":"https:\/\/www.kojsov.sk\/index.php?rest_route=%2Fwp%2Fv2%2Fmedia&parent=7063"}],"curies":[{"name":"wp","href":"https:\/\/api.w.org\/{rel}","templated":true}]}}