{"id":7231,"date":"2022-01-02T10:30:22","date_gmt":"2022-01-02T09:30:22","guid":{"rendered":"https:\/\/www.kojsov.sk\/?page_id=7231"},"modified":"2026-04-10T12:23:59","modified_gmt":"2026-04-10T10:23:59","slug":"zverejnovanie-dokumentov-2022","status":"publish","type":"page","link":"https:\/\/www.kojsov.sk\/?page_id=7231","title":{"rendered":"Zverej\u0148ovanie dokumentov"},"content":{"rendered":"\n<h2 class=\"has-text-align-center\">2026<\/h2>\n\n\n\n<p><strong>ZOZNAM DO\u0160L\u00ddCH FAKT\u00daR &#8211; OBEC KOJ\u0160OV 2026<\/strong>: <a href=\"https:\/\/www.kojsov.sk\/wp-content\/uploads\/2026\/04\/fa-1-3-2026-Obec.pdf\" class=\"mtli_attachment mtli_pdf\">Fakt\u00fary 2026<\/a><\/p>\n\n\n\n<p><strong>ZOZNAM DO\u0160L\u00ddCH FAKT\u00daR &#8211; SLU\u017dBY KOJ\u0160OV s.r.o. 2026:<\/strong> <a href=\"https:\/\/www.kojsov.sk\/wp-content\/uploads\/2026\/04\/faktury-na-zverejnenie.pdf\" class=\"mtli_attachment mtli_pdf\">Fakt\u00fary 2026<\/a><strong> <\/strong> <\/p>\n\n\n\n<p><strong>ZOZNAM ZML\u00daV<\/strong>   Centr\u00e1lny register zml\u00fav: <a href=\"https:\/\/www.crz.gov.sk\/2171273-sk\/centralny-register-zmluv\/?art_zs2=&amp;art_predmet=&amp;art_ico=&amp;art_suma_spolu_od=&amp;art_suma_spolu_do=&amp;art_datum_zverejnene_od=&amp;art_datum_zverejnene_do=&amp;art_rezort=0&amp;art_zs1=&amp;nazov=&amp;art_ico1=00329258&amp;ID=2171273&amp;odoslat=Vyh%C4%BEada%C5%A5&amp;frm_id_frm_filter_3=627cf121e40f1\"><strong>Odberate\u013e<\/strong><\/a> &#8211; <strong><a href=\"https:\/\/www.crz.gov.sk\/2171273-sk\/centralny-register-zmluv\/?art_zs2=&amp;art_predmet=&amp;art_ico=00329258&amp;art_suma_spolu_od=&amp;art_suma_spolu_do=&amp;art_datum_zverejnene_od=&amp;art_datum_zverejnene_do=&amp;art_rezort=0&amp;art_zs1=&amp;nazov=&amp;art_ico1=&amp;ID=2171273&amp;odoslat=Vyh%C4%BEada%C5%A5&amp;frm_id_frm_filter_3=627cf121e40f1\">Dod\u00e1vate\u013e<\/a><\/strong>   <\/p>\n\n\n\n<p> <strong>ZOZNAM  OBJEDN\u00c1VOK:<\/strong> <a href=\"https:\/\/www.kojsov.sk\/wp-content\/uploads\/2026\/04\/objednavky-2026.pdf\" class=\"mtli_attachment mtli_pdf\">Objedn\u00e1vky 2026<\/a><\/p>\n\n\n\n<h2 class=\"has-text-align-center\">2025<\/h2>\n\n\n\n<p><strong>ZOZNAM DO\u0160L\u00ddCH FAKT\u00daR &#8211; OBEC KOJ\u0160OV 2025<\/strong>: <a href=\"https:\/\/www.kojsov.sk\/wp-content\/uploads\/2026\/01\/faktury-1-122025-obec.pdf\" class=\"mtli_attachment mtli_pdf\">Fakt\u00fary 2025<\/a><\/p>\n\n\n\n<p> <strong>ZOZNAM DO\u0160L\u00ddCH FAKT\u00daR &#8211; SLU\u017dBY KOJ\u0160OV s.r.o. 2025:<\/strong> <a href=\"https:\/\/www.kojsov.sk\/wp-content\/uploads\/2026\/01\/prehlad-faktur-122025.pdf\" class=\"mtli_attachment mtli_pdf\">Fakt\u00fary 202<strong>5<\/strong><\/a><strong> <\/strong> <\/p>\n\n\n\n<p> <strong>ZOZNAM ZML\u00daV<\/strong>   Centr\u00e1lny register zml\u00fav: <a href=\"https:\/\/www.crz.gov.sk\/2171273-sk\/centralny-register-zmluv\/?art_zs2=&amp;art_predmet=&amp;art_ico=&amp;art_suma_spolu_od=&amp;art_suma_spolu_do=&amp;art_datum_zverejnene_od=&amp;art_datum_zverejnene_do=&amp;art_rezort=0&amp;art_zs1=&amp;nazov=&amp;art_ico1=00329258&amp;ID=2171273&amp;odoslat=Vyh%C4%BEada%C5%A5&amp;frm_id_frm_filter_3=627cf121e40f1\"><strong>Odberate\u013e<\/strong><\/a> &#8211; <strong><a href=\"https:\/\/www.crz.gov.sk\/2171273-sk\/centralny-register-zmluv\/?art_zs2=&amp;art_predmet=&amp;art_ico=00329258&amp;art_suma_spolu_od=&amp;art_suma_spolu_do=&amp;art_datum_zverejnene_od=&amp;art_datum_zverejnene_do=&amp;art_rezort=0&amp;art_zs1=&amp;nazov=&amp;art_ico1=&amp;ID=2171273&amp;odoslat=Vyh%C4%BEada%C5%A5&amp;frm_id_frm_filter_3=627cf121e40f1\">Dod\u00e1vate\u013e<\/a><\/strong>   <\/p>\n\n\n\n<p><strong>ZOZNAM  OBJEDN\u00c1VOK:<\/strong> <a href=\"https:\/\/www.kojsov.sk\/wp-content\/uploads\/2026\/04\/objednavky-2025-1.pdf\" class=\"mtli_attachment mtli_pdf\">Objedn\u00e1vky 2025 <\/a><\/p>\n\n\n\n<h2 class=\"has-text-align-center\">2024<\/h2>\n\n\n\n<p><strong>ZOZNAM DO\u0160L\u00ddCH FAKT\u00daR &#8211; OBEC KOJ\u0160OV 2024<\/strong>: <a href=\"https:\/\/www.kojsov.sk\/wp-content\/uploads\/2025\/01\/fa-na-zverejnenie-Obec-Kojsov-1-12-2024.pdf\" class=\"mtli_attachment mtli_pdf\"> Fakt\u00fary 01-12 2024<\/a><\/p>\n\n\n\n<p><strong>ZOZNAM DO\u0160L\u00ddCH FAKT\u00daR &#8211; SLU\u017dBY KOJ\u0160OV s.r.o. 2024:<\/strong> <a href=\"https:\/\/www.kojsov.sk\/wp-content\/uploads\/2025\/01\/prehlad-faktur-2024-1.pdf\" class=\"mtli_attachment mtli_pdf\">Fakt\u00fary 2024<\/a><strong> <\/strong><\/p>\n\n\n\n<p> <strong>ZOZNAM ZML\u00daV<\/strong>   Centr\u00e1lny register zml\u00fav: <a href=\"https:\/\/www.crz.gov.sk\/2171273-sk\/centralny-register-zmluv\/?art_zs2=&amp;art_predmet=&amp;art_ico=&amp;art_suma_spolu_od=&amp;art_suma_spolu_do=&amp;art_datum_zverejnene_od=&amp;art_datum_zverejnene_do=&amp;art_rezort=0&amp;art_zs1=&amp;nazov=&amp;art_ico1=00329258&amp;ID=2171273&amp;odoslat=Vyh%C4%BEada%C5%A5&amp;frm_id_frm_filter_3=627cf121e40f1\"><strong>Odberate\u013e<\/strong><\/a> &#8211; <strong><a href=\"https:\/\/www.crz.gov.sk\/2171273-sk\/centralny-register-zmluv\/?art_zs2=&amp;art_predmet=&amp;art_ico=00329258&amp;art_suma_spolu_od=&amp;art_suma_spolu_do=&amp;art_datum_zverejnene_od=&amp;art_datum_zverejnene_do=&amp;art_rezort=0&amp;art_zs1=&amp;nazov=&amp;art_ico1=&amp;ID=2171273&amp;odoslat=Vyh%C4%BEada%C5%A5&amp;frm_id_frm_filter_3=627cf121e40f1\">Dod\u00e1vate\u013e<\/a><\/strong>  <\/p>\n\n\n\n<p><strong>ZOZNAM  OBJEDN\u00c1VOK:<\/strong> <a href=\"https:\/\/www.kojsov.sk\/wp-content\/uploads\/2026\/04\/objednavky-2024.pdf\" class=\"mtli_attachment mtli_pdf\">Objedn\u00e1vky 2024<\/a><\/p>\n\n\n\n<h2 class=\"has-text-align-center\"> 2023<\/h2>\n\n\n\n<p><strong>ZOZNAM DO\u0160L\u00ddCH FAKT\u00daR &#8211; OBEC KOJ\u0160OV 2023<\/strong>:  <a href=\"https:\/\/www.kojsov.sk\/wp-content\/uploads\/2024\/01\/Faktury-01-12-2023.pdf\" class=\"mtli_attachment mtli_pdf\">Fakt\u00fary 01-12 2023<\/a><\/p>\n\n\n\n<p><strong><strong>ZOZNAM DO\u0160L\u00ddCH FAKT\u00daR &#8211; SLU\u017dBY KOJ\u0160OV s.r.o. 2023:<\/strong> <\/strong><a href=\"https:\/\/www.kojsov.sk\/wp-content\/uploads\/2025\/01\/prehlad-faktur-sluz-koj-2023.pdf\" class=\"mtli_attachment mtli_pdf\">Fakt\u00fary 07-12 2023 <\/a><\/p>\n\n\n\n<p><strong>ZOZNAM ZML\u00daV<\/strong>   Centr\u00e1lny register zml\u00fav: <a href=\"https:\/\/www.crz.gov.sk\/2171273-sk\/centralny-register-zmluv\/?art_zs2=&amp;art_predmet=&amp;art_ico=&amp;art_suma_spolu_od=&amp;art_suma_spolu_do=&amp;art_datum_zverejnene_od=&amp;art_datum_zverejnene_do=&amp;art_rezort=0&amp;art_zs1=&amp;nazov=&amp;art_ico1=00329258&amp;ID=2171273&amp;odoslat=Vyh%C4%BEada%C5%A5&amp;frm_id_frm_filter_3=627cf121e40f1\"><strong>Odberate\u013e<\/strong><\/a> &#8211; <strong><a href=\"https:\/\/www.crz.gov.sk\/2171273-sk\/centralny-register-zmluv\/?art_zs2=&amp;art_predmet=&amp;art_ico=00329258&amp;art_suma_spolu_od=&amp;art_suma_spolu_do=&amp;art_datum_zverejnene_od=&amp;art_datum_zverejnene_do=&amp;art_rezort=0&amp;art_zs1=&amp;nazov=&amp;art_ico1=&amp;ID=2171273&amp;odoslat=Vyh%C4%BEada%C5%A5&amp;frm_id_frm_filter_3=627cf121e40f1\">Dod\u00e1vate\u013e<\/a><\/strong> <\/p>\n\n\n\n<p><strong>ZOZNAM  OBJEDN\u00c1VOK:<\/strong> <a href=\"https:\/\/www.kojsov.sk\/wp-content\/uploads\/2024\/01\/Objednavky-01-12-2023.pdf\" class=\"mtli_attachment mtli_pdf\">Objedn\u00e1vky 01-12 2023<\/a><\/p>\n\n\n\n<p> <\/p>\n\n\n\n<h2 class=\"has-text-align-center\">2022<\/h2>\n\n\n\n<p> <strong>ZOZNAM DO\u0160L\u00ddCH FAKT\u00daR 2022<\/strong>   <a href=\"https:\/\/www.kojsov.sk\/wp-content\/uploads\/2023\/03\/Faktury-1-122022.pdf\" class=\"mtli_attachment mtli_pdf\">zobrazi\u0165 <\/a><\/p>\n\n\n\n<p> <strong>ZOZNAM ZML\u00daV od 1.4.2022<\/strong>   Centr\u00e1lny register zml\u00fav: <a href=\"https:\/\/www.crz.gov.sk\/2171273-sk\/centralny-register-zmluv\/?art_zs2=&amp;art_predmet=&amp;art_ico=&amp;art_suma_spolu_od=&amp;art_suma_spolu_do=&amp;art_datum_zverejnene_od=&amp;art_datum_zverejnene_do=&amp;art_rezort=0&amp;art_zs1=&amp;nazov=&amp;art_ico1=00329258&amp;ID=2171273&amp;odoslat=Vyh%C4%BEada%C5%A5&amp;frm_id_frm_filter_3=627cf121e40f1\"><strong>Odberate\u013e<\/strong><\/a> &#8211; <strong><a href=\"https:\/\/www.crz.gov.sk\/2171273-sk\/centralny-register-zmluv\/?art_zs2=&amp;art_predmet=&amp;art_ico=00329258&amp;art_suma_spolu_od=&amp;art_suma_spolu_do=&amp;art_datum_zverejnene_od=&amp;art_datum_zverejnene_do=&amp;art_rezort=0&amp;art_zs1=&amp;nazov=&amp;art_ico1=&amp;ID=2171273&amp;odoslat=Vyh%C4%BEada%C5%A5&amp;frm_id_frm_filter_3=627cf121e40f1\">Dod\u00e1vate\u013e<\/a><\/strong><\/p>\n\n\n\n<p> <strong>ZOZNAM ZML\u00daV do 31.3..2022<\/strong>   <a rel=\"noreferrer noopener\" href=\"https:\/\/www.kojsov.sk\/wp-content\/uploads\/2022\/05\/Zmluvy_2022.pdf\" class=\"mtli_attachment mtli_pdf\" target=\"_blank\">zobrazi\u0165<\/a> <\/p>\n\n\n\n<p> <strong>EVIDENCIA \u0160TANDARDOV KVALITY ZA OBLAS\u0164 VODA<\/strong> &#8211; <a href=\"https:\/\/www.kojsov.sk\/wp-content\/uploads\/2023\/04\/Evidencia-standardov-kvality-VODA-pitna.pdf\" class=\"mtli_attachment mtli_pdf\">pitn\u00e1<\/a> <\/p>\n","protected":false},"excerpt":{"rendered":"<p>2026 ZOZNAM DO\u0160L\u00ddCH FAKT\u00daR &#8211; OBEC KOJ\u0160OV 2026: Fakt\u00fary 2026 ZOZNAM DO\u0160L\u00ddCH FAKT\u00daR &#8211; SLU\u017dBY KOJ\u0160OV s.r.o. 2026: Fakt\u00fary 2026 ZOZNAM ZML\u00daV Centr\u00e1lny register zml\u00fav: Odberate\u013e &#8211; Dod\u00e1vate\u013e ZOZNAM OBJEDN\u00c1VOK: Objedn\u00e1vky 2026 2025 ZOZNAM DO\u0160L\u00ddCH FAKT\u00daR &#8211; OBEC KOJ\u0160OV 2025: Fakt\u00fary 2025 ZOZNAM DO\u0160L\u00ddCH FAKT\u00daR &#8211; SLU\u017dBY KOJ\u0160OV s.r.o. 2025: Fakt\u00fary 2025 ZOZNAM ZML\u00daV Centr\u00e1lny &hellip; <\/p>\n<p><a class=\"more-link btn\" href=\"https:\/\/www.kojsov.sk\/?page_id=7231\">Chcem vedie\u0165 viac<\/a><\/p>\n","protected":false},"author":1,"featured_media":0,"parent":0,"menu_order":0,"comment_status":"closed","ping_status":"closed","template":"template-onecolumn.php","meta":[],"_links":{"self":[{"href":"https:\/\/www.kojsov.sk\/index.php?rest_route=\/wp\/v2\/pages\/7231"}],"collection":[{"href":"https:\/\/www.kojsov.sk\/index.php?rest_route=\/wp\/v2\/pages"}],"about":[{"href":"https:\/\/www.kojsov.sk\/index.php?rest_route=\/wp\/v2\/types\/page"}],"author":[{"embeddable":true,"href":"https:\/\/www.kojsov.sk\/index.php?rest_route=\/wp\/v2\/users\/1"}],"replies":[{"embeddable":true,"href":"https:\/\/www.kojsov.sk\/index.php?rest_route=%2Fwp%2Fv2%2Fcomments&post=7231"}],"version-history":[{"count":10,"href":"https:\/\/www.kojsov.sk\/index.php?rest_route=\/wp\/v2\/pages\/7231\/revisions"}],"predecessor-version":[{"id":9980,"href":"https:\/\/www.kojsov.sk\/index.php?rest_route=\/wp\/v2\/pages\/7231\/revisions\/9980"}],"wp:attachment":[{"href":"https:\/\/www.kojsov.sk\/index.php?rest_route=%2Fwp%2Fv2%2Fmedia&parent=7231"}],"curies":[{"name":"wp","href":"https:\/\/api.w.org\/{rel}","templated":true}]}}