{"id":7244,"date":"2021-02-07T19:37:00","date_gmt":"2021-02-07T18:37:00","guid":{"rendered":"https:\/\/www.kojsov.sk\/?page_id=7244"},"modified":"2022-01-24T19:51:50","modified_gmt":"2022-01-24T18:51:50","slug":"suhrnne-spravy-o-zakazkach-s-nizkou-hodnotou","status":"publish","type":"page","link":"https:\/\/www.kojsov.sk\/?page_id=7244","title":{"rendered":"S\u00fahrnn\u00e9 spr\u00e1vy o z\u00e1kazk\u00e1ch s n\u00edzkou hodnotou"},"content":{"rendered":"[table \"82\" not found \/]<br \/>\n\n","protected":false},"excerpt":{"rendered":"","protected":false},"author":1,"featured_media":0,"parent":0,"menu_order":0,"comment_status":"closed","ping_status":"closed","template":"","meta":[],"_links":{"self":[{"href":"https:\/\/www.kojsov.sk\/index.php?rest_route=\/wp\/v2\/pages\/7244"}],"collection":[{"href":"https:\/\/www.kojsov.sk\/index.php?rest_route=\/wp\/v2\/pages"}],"about":[{"href":"https:\/\/www.kojsov.sk\/index.php?rest_route=\/wp\/v2\/types\/page"}],"author":[{"embeddable":true,"href":"https:\/\/www.kojsov.sk\/index.php?rest_route=\/wp\/v2\/users\/1"}],"replies":[{"embeddable":true,"href":"https:\/\/www.kojsov.sk\/index.php?rest_route=%2Fwp%2Fv2%2Fcomments&post=7244"}],"version-history":[{"count":2,"href":"https:\/\/www.kojsov.sk\/index.php?rest_route=\/wp\/v2\/pages\/7244\/revisions"}],"predecessor-version":[{"id":7250,"href":"https:\/\/www.kojsov.sk\/index.php?rest_route=\/wp\/v2\/pages\/7244\/revisions\/7250"}],"wp:attachment":[{"href":"https:\/\/www.kojsov.sk\/index.php?rest_route=%2Fwp%2Fv2%2Fmedia&parent=7244"}],"curies":[{"name":"wp","href":"https:\/\/api.w.org\/{rel}","templated":true}]}}