{"id":7262,"date":"2022-02-04T11:10:00","date_gmt":"2022-02-04T10:10:00","guid":{"rendered":"https:\/\/www.kojsov.sk\/?page_id=7262"},"modified":"2022-02-06T11:20:27","modified_gmt":"2022-02-06T10:20:27","slug":"izba-tradicii-a-osobnosti-obce-kojsov","status":"publish","type":"page","link":"https:\/\/www.kojsov.sk\/?page_id=7262","title":{"rendered":"Izba trad\u00edci\u00ed a osobnost\u00ed obce Koj\u0161ov"},"content":{"rendered":"\n<figure class=\"wp-block-image size-large\"><a href=\"https:\/\/www.kojsov.sk\/wp-content\/uploads\/2022\/02\/projekt_izba_tradicii-4.png\" data-rel=\"lightbox-image-0\" data-rl_title=\"\" data-rl_caption=\"\" title=\"\"><img loading=\"lazy\" width=\"1024\" height=\"724\" src=\"https:\/\/www.kojsov.sk\/wp-content\/uploads\/2022\/02\/projekt_izba_tradicii-4-1024x724.png\" alt=\"\" class=\"wp-image-7274\" srcset=\"https:\/\/www.kojsov.sk\/wp-content\/uploads\/2022\/02\/projekt_izba_tradicii-4-1024x724.png 1024w, https:\/\/www.kojsov.sk\/wp-content\/uploads\/2022\/02\/projekt_izba_tradicii-4-300x212.png 300w, https:\/\/www.kojsov.sk\/wp-content\/uploads\/2022\/02\/projekt_izba_tradicii-4-768x543.png 768w, https:\/\/www.kojsov.sk\/wp-content\/uploads\/2022\/02\/projekt_izba_tradicii-4-1536x1086.png 1536w, https:\/\/www.kojsov.sk\/wp-content\/uploads\/2022\/02\/projekt_izba_tradicii-4-750x530.png 750w, https:\/\/www.kojsov.sk\/wp-content\/uploads\/2022\/02\/projekt_izba_tradicii-4.png 1900w\" sizes=\"(max-width: 1024px) 100vw, 1024px\" \/><\/a><\/figure>\n","protected":false},"excerpt":{"rendered":"","protected":false},"author":1,"featured_media":0,"parent":0,"menu_order":0,"comment_status":"closed","ping_status":"closed","template":"","meta":[],"_links":{"self":[{"href":"https:\/\/www.kojsov.sk\/index.php?rest_route=\/wp\/v2\/pages\/7262"}],"collection":[{"href":"https:\/\/www.kojsov.sk\/index.php?rest_route=\/wp\/v2\/pages"}],"about":[{"href":"https:\/\/www.kojsov.sk\/index.php?rest_route=\/wp\/v2\/types\/page"}],"author":[{"embeddable":true,"href":"https:\/\/www.kojsov.sk\/index.php?rest_route=\/wp\/v2\/users\/1"}],"replies":[{"embeddable":true,"href":"https:\/\/www.kojsov.sk\/index.php?rest_route=%2Fwp%2Fv2%2Fcomments&post=7262"}],"version-history":[{"count":4,"href":"https:\/\/www.kojsov.sk\/index.php?rest_route=\/wp\/v2\/pages\/7262\/revisions"}],"predecessor-version":[{"id":7275,"href":"https:\/\/www.kojsov.sk\/index.php?rest_route=\/wp\/v2\/pages\/7262\/revisions\/7275"}],"wp:attachment":[{"href":"https:\/\/www.kojsov.sk\/index.php?rest_route=%2Fwp%2Fv2%2Fmedia&parent=7262"}],"curies":[{"name":"wp","href":"https:\/\/api.w.org\/{rel}","templated":true}]}}