{"id":7487,"date":"2022-06-16T21:34:40","date_gmt":"2022-06-16T20:34:40","guid":{"rendered":"https:\/\/www.kojsov.sk\/?page_id=7487"},"modified":"2022-11-08T14:38:40","modified_gmt":"2022-11-08T13:38:40","slug":"volby-do-organov-samospravnych-krajov","status":"publish","type":"page","link":"https:\/\/www.kojsov.sk\/?page_id=7487","title":{"rendered":"Vo\u013eby do org\u00e1nov samospr\u00e1vnych krajov"},"content":{"rendered":"\n<p><a href=\"https:\/\/www.kojsov.sk\/wp-content\/uploads\/2022\/06\/ZZ_2022_209_20220610.pdf\" class=\"mtli_attachment mtli_pdf\">Vyhl\u00e1senie volieb do org\u00e1nov samospr\u00e1vy obc\u00ed a volieb do org\u00e1nov samospr\u00e1vnych krajov<\/a><\/p>\n\n\n\n<p><a href=\"https:\/\/www.kojsov.sk\/wp-content\/uploads\/2022\/06\/Informacia-o-podmienkach-prava-volit-a-byt-voleny.pdf\" class=\"mtli_attachment mtli_pdf\">Inform\u00e1cia o podmienkach pr\u00e1va voli\u0165 a pr\u00e1va by\u0165 volen\u00fd<\/a><\/p>\n\n\n\n<p><a href=\"https:\/\/www.kojsov.sk\/wp-content\/uploads\/2022\/07\/vymenovanie-zapisovatela-volebnej-komisie.pdf\" class=\"mtli_attachment mtli_pdf\">Vymenovanie zapisovate\u013ea<\/a><\/p>\n\n\n\n<p><a href=\"https:\/\/www.kojsov.sk\/wp-content\/uploads\/2022\/07\/Oznamenie-o-delegovani-clena-a-nahradnika.pdf\" class=\"mtli_attachment mtli_pdf\">Ozn\u00e1menie &#8211; delegovanie n\u00e1hradn\u00edka<\/a><\/p>\n\n\n\n<p><a href=\"https:\/\/www.kojsov.sk\/wp-content\/uploads\/2022\/08\/urcenie-volebnej-miestnosti-a-utvorenie-volebnych-okrskov.pdf\" class=\"mtli_attachment mtli_pdf\">Utvorenie volebn\u00e9ho okrsku a ur\u010denie volebnej miestnosti<\/a><\/p>\n\n\n\n<p><a href=\"https:\/\/www.kojsov.sk\/wp-content\/uploads\/2022\/09\/zoznam-kandidati-predseda-ksk.pdf\" class=\"mtli_attachment mtli_pdf\">Zoznam zaregistrovan\u00fdch kandid\u00e1tov pre vo\u013eby predsedu Ko\u0161ick\u00e9ho samospr\u00e1vneho kraja<\/a><\/p>\n\n\n\n<p><a href=\"https:\/\/www.kojsov.sk\/wp-content\/uploads\/2022\/09\/zoznam-kandidatov-poslancov-zastupitelstva-ksk-volebny-obvod-c-06.pdf\" class=\"mtli_attachment mtli_pdf\">Zoznam zaregistrovan\u00fdch kandid\u00e1tov pre vo\u013eby do zastupite\u013estva Ko\u0161ick\u00e9ho samospr\u00e1vneho kraja<\/a><\/p>\n\n\n\n<p> <a href=\"https:\/\/www.kojsov.sk\/wp-content\/uploads\/2022\/10\/Oznamenie-specialna-volebna-schranka.pdf\" class=\"mtli_attachment mtli_pdf\">Ozn\u00e1menie o \u0161peci\u00e1lnom sp\u00f4sobe hlasovania <\/a><\/p>\n\n\n\n<p><a href=\"https:\/\/www.kojsov.sk\/wp-content\/uploads\/2022\/11\/Uverejnenie-vysledkov-volieb-do-organov-KSK-2022-1.pdf\" class=\"mtli_attachment mtli_pdf\">V\u00fdsledky volieb do org\u00e1nov Ko\u0161ick\u00e9ho samospr\u00e1vneho kraja<\/a><\/p>\n\n\n\n<p> <\/p>\n","protected":false},"excerpt":{"rendered":"<p>Vyhl\u00e1senie volieb do org\u00e1nov samospr\u00e1vy obc\u00ed a volieb do org\u00e1nov samospr\u00e1vnych krajov Inform\u00e1cia o podmienkach pr\u00e1va voli\u0165 a pr\u00e1va by\u0165 volen\u00fd Vymenovanie zapisovate\u013ea Ozn\u00e1menie &#8211; delegovanie n\u00e1hradn\u00edka Utvorenie volebn\u00e9ho okrsku a ur\u010denie volebnej miestnosti Zoznam zaregistrovan\u00fdch kandid\u00e1tov pre vo\u013eby predsedu Ko\u0161ick\u00e9ho samospr\u00e1vneho kraja Zoznam zaregistrovan\u00fdch kandid\u00e1tov pre vo\u013eby do zastupite\u013estva Ko\u0161ick\u00e9ho samospr\u00e1vneho kraja Ozn\u00e1menie o &hellip; <\/p>\n<p><a class=\"more-link btn\" href=\"https:\/\/www.kojsov.sk\/?page_id=7487\">Chcem vedie\u0165 viac<\/a><\/p>\n","protected":false},"author":1,"featured_media":0,"parent":0,"menu_order":0,"comment_status":"closed","ping_status":"closed","template":"","meta":[],"_links":{"self":[{"href":"https:\/\/www.kojsov.sk\/index.php?rest_route=\/wp\/v2\/pages\/7487"}],"collection":[{"href":"https:\/\/www.kojsov.sk\/index.php?rest_route=\/wp\/v2\/pages"}],"about":[{"href":"https:\/\/www.kojsov.sk\/index.php?rest_route=\/wp\/v2\/types\/page"}],"author":[{"embeddable":true,"href":"https:\/\/www.kojsov.sk\/index.php?rest_route=\/wp\/v2\/users\/1"}],"replies":[{"embeddable":true,"href":"https:\/\/www.kojsov.sk\/index.php?rest_route=%2Fwp%2Fv2%2Fcomments&post=7487"}],"version-history":[{"count":9,"href":"https:\/\/www.kojsov.sk\/index.php?rest_route=\/wp\/v2\/pages\/7487\/revisions"}],"predecessor-version":[{"id":8009,"href":"https:\/\/www.kojsov.sk\/index.php?rest_route=\/wp\/v2\/pages\/7487\/revisions\/8009"}],"wp:attachment":[{"href":"https:\/\/www.kojsov.sk\/index.php?rest_route=%2Fwp%2Fv2%2Fmedia&parent=7487"}],"curies":[{"name":"wp","href":"https:\/\/api.w.org\/{rel}","templated":true}]}}