{"id":7624,"date":"2022-07-25T08:38:45","date_gmt":"2022-07-25T07:38:45","guid":{"rendered":"https:\/\/www.kojsov.sk\/?page_id=7624"},"modified":"2022-07-26T12:13:55","modified_gmt":"2022-07-26T11:13:55","slug":"plan-hospodarskeho-a-socialneho-rozvoja-obce-kojsov","status":"publish","type":"page","link":"https:\/\/www.kojsov.sk\/?page_id=7624","title":{"rendered":"Pl\u00e1n hospod\u00e1rskeho a soci\u00e1lneho rozvoja obce Koj\u0161ov na roky 2016-2020"},"content":{"rendered":"\n<p>Dokument je spracovan\u00fd v s\u00falade so z\u00e1konom \u010d. 539\/2008 Z. z. o podpore region\u00e1lneho rozvoja, ako<br>aj v zmysle novely tohto z\u00e1kona \u010d. 309\/2014 Z. z.<\/p>\n\n\n\n<p><a href=\"https:\/\/www.kojsov.sk\/wp-content\/uploads\/2022\/07\/PHSR_KOJSOV_2016_2022.pdf\" class=\"mtli_attachment mtli_pdf\">Pl\u00e1n hospod\u00e1rskeho a soci\u00e1lneho rozvoja obce Koj\u0161ov 2016-2022<\/a><\/p>\n\n\n\n<p><\/p>\n","protected":false},"excerpt":{"rendered":"<p>Dokument je spracovan\u00fd v s\u00falade so z\u00e1konom \u010d. 539\/2008 Z. z. o podpore region\u00e1lneho rozvoja, akoaj v zmysle novely tohto z\u00e1kona \u010d. 309\/2014 Z. z. Pl\u00e1n hospod\u00e1rskeho a soci\u00e1lneho rozvoja obce Koj\u0161ov 2016-2022<\/p>\n","protected":false},"author":5,"featured_media":0,"parent":0,"menu_order":0,"comment_status":"closed","ping_status":"closed","template":"","meta":[],"_links":{"self":[{"href":"https:\/\/www.kojsov.sk\/index.php?rest_route=\/wp\/v2\/pages\/7624"}],"collection":[{"href":"https:\/\/www.kojsov.sk\/index.php?rest_route=\/wp\/v2\/pages"}],"about":[{"href":"https:\/\/www.kojsov.sk\/index.php?rest_route=\/wp\/v2\/types\/page"}],"author":[{"embeddable":true,"href":"https:\/\/www.kojsov.sk\/index.php?rest_route=\/wp\/v2\/users\/5"}],"replies":[{"embeddable":true,"href":"https:\/\/www.kojsov.sk\/index.php?rest_route=%2Fwp%2Fv2%2Fcomments&post=7624"}],"version-history":[{"count":9,"href":"https:\/\/www.kojsov.sk\/index.php?rest_route=\/wp\/v2\/pages\/7624\/revisions"}],"predecessor-version":[{"id":7656,"href":"https:\/\/www.kojsov.sk\/index.php?rest_route=\/wp\/v2\/pages\/7624\/revisions\/7656"}],"wp:attachment":[{"href":"https:\/\/www.kojsov.sk\/index.php?rest_route=%2Fwp%2Fv2%2Fmedia&parent=7624"}],"curies":[{"name":"wp","href":"https:\/\/api.w.org\/{rel}","templated":true}]}}