{"id":7650,"date":"2022-07-26T12:09:39","date_gmt":"2022-07-26T11:09:39","guid":{"rendered":"https:\/\/www.kojsov.sk\/?page_id=7650"},"modified":"2022-07-26T12:15:37","modified_gmt":"2022-07-26T11:15:37","slug":"komunitny-plan-socialnych-sluzieb-obce-kojsov-na-roky-2022-2030","status":"publish","type":"page","link":"https:\/\/www.kojsov.sk\/?page_id=7650","title":{"rendered":"Komunitn\u00fd pl\u00e1n soci\u00e1lnych slu\u017eieb obce Koj\u0161ov na roky 2022-2030"},"content":{"rendered":"\n<p>  V zmysle \u00a7 80 p\u00edsm. a) a \u00a7 83 z\u00e1kona \u010d. 448\/2008 Z. z. o soci\u00e1lnych slu\u017eb\u00e1ch a o zmene a doplnen\u00ed z\u00e1kona \u010d. 455\/1991 Zb. o \u017eivnostenskom podnikan\u00ed (\u017eivnostensk\u00fd z\u00e1kon) v znen\u00ed neskor\u0161\u00edch predpisov  obec vyprac\u00fava a schva\u013euje komunitn\u00fd pl\u00e1n soci\u00e1lnych slu\u017eieb vo svojom \u00fazemnom obvode.  <\/p>\n\n\n\n<p><a href=\"https:\/\/www.kojsov.sk\/wp-content\/uploads\/2022\/07\/Komunitny-plan-socialnych-sluzieb-obce-Kojsov-2022.pdf\" class=\"mtli_attachment mtli_pdf\">Komunitn\u00fd pl\u00e1n soci\u00e1lnych slu\u017eieb obce Koj\u0161ov 2022-2030<\/a><\/p>\n","protected":false},"excerpt":{"rendered":"<p>V zmysle \u00a7 80 p\u00edsm. a) a \u00a7 83 z\u00e1kona \u010d. 448\/2008 Z. z. o soci\u00e1lnych slu\u017eb\u00e1ch a o zmene a doplnen\u00ed z\u00e1kona \u010d. 455\/1991 Zb. o \u017eivnostenskom podnikan\u00ed (\u017eivnostensk\u00fd z\u00e1kon) v znen\u00ed neskor\u0161\u00edch predpisov obec vyprac\u00fava a schva\u013euje komunitn\u00fd pl\u00e1n soci\u00e1lnych slu\u017eieb vo svojom \u00fazemnom obvode. Komunitn\u00fd pl\u00e1n soci\u00e1lnych slu\u017eieb obce Koj\u0161ov 2022-2030<\/p>\n","protected":false},"author":5,"featured_media":0,"parent":0,"menu_order":0,"comment_status":"closed","ping_status":"closed","template":"","meta":[],"_links":{"self":[{"href":"https:\/\/www.kojsov.sk\/index.php?rest_route=\/wp\/v2\/pages\/7650"}],"collection":[{"href":"https:\/\/www.kojsov.sk\/index.php?rest_route=\/wp\/v2\/pages"}],"about":[{"href":"https:\/\/www.kojsov.sk\/index.php?rest_route=\/wp\/v2\/types\/page"}],"author":[{"embeddable":true,"href":"https:\/\/www.kojsov.sk\/index.php?rest_route=\/wp\/v2\/users\/5"}],"replies":[{"embeddable":true,"href":"https:\/\/www.kojsov.sk\/index.php?rest_route=%2Fwp%2Fv2%2Fcomments&post=7650"}],"version-history":[{"count":3,"href":"https:\/\/www.kojsov.sk\/index.php?rest_route=\/wp\/v2\/pages\/7650\/revisions"}],"predecessor-version":[{"id":7658,"href":"https:\/\/www.kojsov.sk\/index.php?rest_route=\/wp\/v2\/pages\/7650\/revisions\/7658"}],"wp:attachment":[{"href":"https:\/\/www.kojsov.sk\/index.php?rest_route=%2Fwp%2Fv2%2Fmedia&parent=7650"}],"curies":[{"name":"wp","href":"https:\/\/api.w.org\/{rel}","templated":true}]}}