{"id":7816,"date":"2023-01-05T15:06:45","date_gmt":"2023-01-05T14:06:45","guid":{"rendered":"https:\/\/www.kojsov.sk\/?page_id=7816"},"modified":"2023-01-05T15:06:47","modified_gmt":"2023-01-05T14:06:47","slug":"vyrub-drevin-2","status":"publish","type":"page","link":"https:\/\/www.kojsov.sk\/?page_id=7816","title":{"rendered":"V\u00fdrub drev\u00edn"},"content":{"rendered":"\n<h2>V\u00fdrub drev\u00edn, na&nbsp;ktor\u00fd sa vy\u017eaduje s\u00fahlas org\u00e1nu ochrany pr\u00edrody&nbsp;(obce)<\/h2>\n\n\n\n<p>Ak z\u00e1kon \u010d.&nbsp;543\/2002&nbsp; Z. z. o&nbsp;ochrane pr\u00edrody a&nbsp;krajiny neustanovuje inak, na&nbsp;v\u00fdrub dreviny sa pod\u013ea&nbsp;\u00a7 47&nbsp;ods. 3&nbsp;prv\u00e1 veta z\u00e1kona o&nbsp;ochrane pr\u00edrody vy\u017eaduje s\u00fahlas org\u00e1nu&nbsp;ochrany pr\u00edrody (obce).<\/p>\n\n\n\n<p>S\u00fahlas na&nbsp;v\u00fdrub dreviny vyd\u00e1va obec v&nbsp;s\u00falade s&nbsp;\u00a7 47&nbsp;a&nbsp;48&nbsp;z\u00e1kona o&nbsp;ochrane&nbsp;pr\u00edrody a&nbsp;krajiny, a&nbsp;to formou rozhodnutia a&nbsp;na&nbsp;jeho vydanie sa vz\u0165ahuje z\u00e1kon \u010d.&nbsp;71\/1967&nbsp;Zb. o&nbsp;spr\u00e1vnom konan\u00ed (spr\u00e1vny poriadok).<\/p>\n\n\n\n<p>Konanie t\u00fdkaj\u00face sa v\u00fdrubu dreviny&nbsp;za\u010d\u00edna na&nbsp;z\u00e1klade p\u00edsomnej \u017eiadosti o&nbsp;vydanie s\u00fahlasu na&nbsp;v\u00fdrub dreviny. Vzor&nbsp;\u017eiadosti je uveden\u00fd v&nbsp;pr\u00edlohe \u010d.&nbsp;1.<\/p>\n\n\n\n<p>\u017diados\u0165 o&nbsp;vydanie s\u00fahlasu na&nbsp;v\u00fdrub dreviny obsahuje tieto n\u00e1le\u017eitosti&nbsp;(\u00a7 22&nbsp;ods. 8&nbsp;vyhl\u00e1\u0161ky Ministerstva \u017eivotn\u00e9ho prostredia SR \u010d.&nbsp;170\/2021, ktorou sa vykon\u00e1va z\u00e1kon \u010d.&nbsp;543\/2002 Z. z. o&nbsp;ochrane pr\u00edrody a&nbsp;krajiny v&nbsp;znen\u00ed neskor\u0161\u00edch predpisov):<\/p>\n\n\n\n<ol><li>meno, priezvisko a&nbsp;trval\u00fd pobyt alebo n\u00e1zov alebo obchodn\u00e9 meno, s\u00eddlo&nbsp;alebo miesto podnikania \u017eiadate\u013ea,<\/li><li>katastr\u00e1lne \u00fazemie, parceln\u00e9 \u010d\u00edslo a&nbsp;druh pozemku, na&nbsp;ktorom drevina&nbsp;rastie, a&nbsp;k\u00f3piu katastr\u00e1lnej mapy alebo in\u00fd doklad umo\u017e\u0148uj\u00faci identifik\u00e1ciu&nbsp;dreviny v&nbsp;ter\u00e9ne,<\/li><li>s\u00fahlas vlastn\u00edka, spr\u00e1vcu, pr\u00edpadne n\u00e1jomcu (ak mu tak\u00e9to opr\u00e1vnenie&nbsp;vypl\u00fdva z&nbsp;n\u00e1jomnej zmluvy) pozemku, na&nbsp;ktorom drevina rastie, ak \u017eiadate\u013e&nbsp;nie je jeho vlastn\u00edkom (spr\u00e1vcom, n\u00e1jomcom),<\/li><li>\u0161pecifik\u00e1ciu dreviny, ktor\u00e1 sa ma vyr\u00faba\u0165, najm\u00e4 jej druh, po\u010det, zdravotn\u00fd&nbsp;stav, obvod kme\u0148a meran\u00fd vo v\u00fd\u0161ke 130&nbsp;cm nad&nbsp;zemou alebo tesne pod&nbsp;miestom jeho rozkon\u00e1renia, ak t\u00fato v\u00fd\u0161ku nedosahuje, alebo v\u00fdmeru&nbsp;krovit\u00e9ho porastu,<\/li><li>od\u00f4vodnenie \u017eiadosti.<\/li><\/ol>\n\n\n\n<p>S\u00fahlas na&nbsp;v\u00fdrub dreviny sa m\u00f4\u017ee v&nbsp;od\u00f4vodnen\u00fdch pr\u00edpadoch vyda\u0165 len po&nbsp;pos\u00faden\u00ed ekologick\u00fdch a&nbsp;estetick\u00fdch funkci\u00ed dreviny a&nbsp;vplyvov na&nbsp;zdravie&nbsp;\u010dloveka a&nbsp;so s\u00fahlasom vlastn\u00edka alebo spr\u00e1vcu, pr\u00edpadne n\u00e1jomcu pozemku&nbsp;ak mu tak\u00e9to opr\u00e1vnenie vypl\u00fdva z&nbsp;n\u00e1jomnej zmluvy, na&nbsp;ktorom drevina&nbsp;rastie, ak \u017eiadate\u013eom nie je jeho vlastn\u00edk (spr\u00e1vca, n\u00e1jomca) a&nbsp;po&nbsp;vyzna\u010den\u00ed&nbsp;dreviny ur\u010denej na&nbsp;v\u00fdrub (\u00a7 47&nbsp;ods. 3&nbsp;druh\u00e1 veta z\u00e1kona o&nbsp;ochrane pr\u00edrody).<\/p>\n\n\n\n<p>Pri vyd\u00e1van\u00ed s\u00fahlasu na&nbsp;v\u00fdrub dreviny pod\u013ea \u00a7 22&nbsp;ods. 10&nbsp;vykon\u00e1vacej vyhl\u00e1\u0161ky&nbsp;org\u00e1n ochrany pr\u00edrody (obec) prihliada na:<\/p>\n\n\n\n<ol><li>druh a&nbsp;zdravotn\u00fd stav dreviny,<\/li><li>funkciu a&nbsp;v\u00fdznam dreviny pre \u017eivotn\u00e9 prostredie,<\/li><li>ochranu osobitne chr\u00e1nen\u00fdch \u010dast\u00ed pr\u00edrody a&nbsp;krajiny,<\/li><li>aby sa v\u00fdrub vykonal najm\u00e4 v&nbsp;obdob\u00ed vegeta\u010dn\u00e9ho pokoja predov\u0161etk\u00fdm od&nbsp;1.&nbsp;okt\u00f3bra do&nbsp;konca febru\u00e1ra.&nbsp;<\/li><\/ol>\n\n\n\n<h3>S\u00fahlas na&nbsp;v\u00fdrub dreviny sa pod\u013ea z\u00e1kona o&nbsp;ochrane pr\u00edrody a&nbsp;krajiny nevy\u017eaduje<\/h3>\n\n\n\n<ol><li>na stromy s&nbsp;obvodom kme\u0148a do&nbsp;40&nbsp;cm, meran\u00fdm vo v\u00fd\u0161ke 130&nbsp;cm nad&nbsp;zemou, a&nbsp;s\u00favisl\u00e9 krovit\u00e9 porasty v&nbsp;zastavanom \u00fazem\u00ed obce s&nbsp;v\u00fdmerou do&nbsp;10&nbsp;m2&nbsp;a&nbsp;za&nbsp;hranicami zastavan\u00e9ho \u00fazemia obce s&nbsp;v\u00fdmerou do&nbsp;20&nbsp;m2,<\/li><li>pri obnove produk\u010dn\u00fdch ovocn\u00fdch drev\u00edn na&nbsp;\u00fa\u010dely v\u00fdsadby nov\u00fdch ovocn\u00fdch drev\u00edn, ak sa ich v\u00fdsadba uskuto\u010dn\u00ed do&nbsp;18&nbsp;mesiacov odo d\u0148a v\u00fdrubu,<\/li><li>&nbsp;na stromy s&nbsp;obvodom kme\u0148a do&nbsp;80&nbsp;cm, meran\u00fdm vo v\u00fd\u0161ke 130&nbsp;cm nad&nbsp;zemou, ak rast\u00fa v&nbsp;z\u00e1hrad\u00e1ch&nbsp;a&nbsp;z\u00e1hradk\u00e1rskych osad\u00e1ch, okrem stromov rast\u00facich na&nbsp;pozemkoch, ktor\u00e9 s\u00fa \u00fazemn\u00fdm pl\u00e1nom obce ur\u010den\u00e9 na&nbsp;zastavanie,<\/li><li>pri bezprostrednom ohrozen\u00ed zdravia alebo \u017eivota \u010dloveka alebo pri bezprostrednej hrozbe vzniku zna\u010dnej \u0161kody&nbsp;na&nbsp;majetku,<\/li><li>ak v\u00fdrub nariadi org\u00e1n \u0161t\u00e1tnej spr\u00e1vy pod\u013ea osobitn\u00fdch predpisov,<\/li><li>ak je v\u00fdrub preuk\u00e1zate\u013ene nevyhnutn\u00fd na&nbsp;zabezpe\u010denie starostlivosti o&nbsp;osobitne chr\u00e1nen\u00fa \u010das\u0165 pr\u00edrody a&nbsp;krajiny a&nbsp;ak ho vykon\u00e1va alebo obstar\u00e1va organiz\u00e1cia ochrany pr\u00edrody<\/li><li>ak org\u00e1n ochrany pr\u00edrody vopred p\u00edsomne ur\u010d\u00ed, \u017ee&nbsp;v\u00fdrub je preuk\u00e1zate\u013ene nevyhnutn\u00fd na&nbsp;zabezpe\u010denie starostlivosti o&nbsp;osobitne chr\u00e1nen\u00fa \u010das\u0165 pr\u00edrody a&nbsp;krajiny,<\/li><li>ak sa v\u00fdrub vykon\u00e1va v&nbsp;s\u00favislosti s&nbsp;odstra\u0148ovan\u00edm inv\u00e1znych nep\u00f4vodn\u00fdch druhov drev\u00edn uveden\u00fdch v&nbsp;zoznamoch pod\u013ea osobitn\u00fdch predpisov,<\/li><li>na porasty r\u00fdchlorast\u00facich drev\u00edn zalo\u017een\u00e9 na&nbsp;po\u013enohospod\u00e1rskej p\u00f4de v&nbsp;s\u00falade s&nbsp;osobitn\u00fdm predpisom&nbsp;a&nbsp;plant\u00e1\u017ee viano\u010dn\u00fdch strom\u010dekov a&nbsp;okrasn\u00fdch drev\u00edn,<\/li><li>na \u00fazemiach so \u0161tvrt\u00fdm alebo piatym stup\u0148om ochrany, kde je v\u00fdrub drev\u00edn zak\u00e1zan\u00fd [<a href=\"https:\/\/www.slov-lex.sk\/pravne-predpisy\/SK\/ZZ\/2002\/543\/20220115#paragraf-15.odsek-1.pismeno-e\">\u00a7 15&nbsp;ods. 1&nbsp;p\u00edsm. e)<\/a>&nbsp;a&nbsp;<a href=\"https:\/\/www.slov-lex.sk\/pravne-predpisy\/SK\/ZZ\/2002\/543\/20220115#paragraf-16.odsek-1.pismeno-a\">\u00a7 16&nbsp;ods. 1&nbsp;p\u00edsm. a)<\/a>],<\/li><li>ak sa v\u00fdrub uskuto\u010d\u0148uje v&nbsp;s\u00favislosti s&nbsp;plnen\u00edm \u00faloh obrany \u0161t\u00e1tu vo vojensk\u00fdch obvodoch a&nbsp;\u00fazemiach potrebn\u00fdch na&nbsp;zabezpe\u010denie \u00faloh obrany \u0161t\u00e1tu alebo sl\u00fa\u017eiacich na&nbsp;zabezpe\u010denie \u00faloh obrany \u0161t\u00e1tu, ktor\u00e9 spravuje ministerstvo obrany alebo pr\u00e1vnick\u00e1 osoba v&nbsp;jeho zakladate\u013eskej alebo zria\u010fovate\u013eskej p\u00f4sobnosti.&nbsp;<\/li><\/ol>\n\n\n\n<p><strong>Obnovou produk\u010dn\u00fdch ovocn\u00fdch drev\u00edn<\/strong>&nbsp;sa rozumie v\u00fdmena ovocn\u00fdch drev\u00edn rast\u00facich v&nbsp;ovocn\u00fdch sadoch alebo z\u00e1hrad\u00e1ch s&nbsp;jednozna\u010dnou funkciou produkcie ovocia na&nbsp;v\u00fdsadbu nov\u00fdch ovocn\u00fdch drev\u00edn, pri\u010dom nemus\u00ed \u00eds\u0165 o&nbsp;v\u00fdsadbu drev\u00edn t\u00fdch ist\u00fdch ovocn\u00fdch rodov a&nbsp;druhov.<\/p>\n\n\n\n<p>Pod&nbsp;<strong>bezprostredn\u00fdm ohrozen\u00edm zdravia alebo \u017eivota \u010dloveka alebo pod&nbsp;bezprostrednou hrozbou vzniku zna\u010dnej \u0161kody na&nbsp;majetku<\/strong>&nbsp;sa rozumie tak\u00fd stav, ktor\u00fd je vyvolan\u00fd najm\u00e4 nepredv\u00eddate\u013enou alebo neodvr\u00e1tite\u013enou udalos\u0165ou nez\u00e1vislou od&nbsp;\u013eudskej v\u00f4le, s&nbsp;ktorou sa sp\u00e1jaj\u00fa n\u00e1sledky t\u00fdkaj\u00face sa ohrozenia zdravia alebo \u017eivota \u010dloveka alebo hrozby vzniku zna\u010dnej \u0161kody na&nbsp;majetku. Ide najm\u00e4 o&nbsp;\u00fader blesku, povode\u0148, zemetrasenie, smr\u0161\u0165, zosuv p\u00f4dy alebo er\u00f3ziu.<\/p>\n\n\n\n<h4>N\u00e1hradn\u00e1 v\u00fdsadba (\u00a7 48&nbsp;ods. 1&nbsp;z\u00e1kona o&nbsp;ochrane pr\u00edrody)<\/h4>\n\n\n\n<p>Org\u00e1n ochrany pr\u00edrody (obec) ulo\u017e\u00ed \u017eiadate\u013eovi v&nbsp;s\u00fahlase na&nbsp;v\u00fdrub dreviny&nbsp;povinnos\u0165, aby uskuto\u010dnil primeran\u00fa n\u00e1hradn\u00fa v\u00fdsadbu drev\u00edn na&nbsp;vopred&nbsp;ur\u010denom mieste, a&nbsp;to na&nbsp;n\u00e1klady \u017eiadate\u013ea; uprednost\u0148uje pritom&nbsp;geograficky p\u00f4vodn\u00e9 a&nbsp;tradi\u010dn\u00e9 druhy.<\/p>\n\n\n\n<h5>Spr\u00e1vne poplatky<\/h5>\n\n\n\n<p>Pod\u013ea polo\u017eky 160&nbsp;sadzobn\u00edka spr\u00e1vnych poplatkov, ktor\u00fd je pr\u00edlohou z\u00e1kona&nbsp;NR SR \u010d.. 145\/1995 Z. z. o&nbsp;spr\u00e1vnych poplatkoch v&nbsp;znen\u00ed neskor\u0161\u00edch predpisov sa&nbsp;spoplat\u0148uje podanie \u017eiadosti o&nbsp;vydanie, zmenu alebo zru\u0161enie s\u00fahlasu pod\u013ea&nbsp;z\u00e1kona o&nbsp;ochrane pr\u00edrody nasledovne:<\/p>\n\n\n\n<ol><li>fyzick\u00e1 osoba \u2013 10&nbsp;\u20ac<\/li><li>pr\u00e1vnick\u00e1 osoba alebo fyzick\u00e1 osoba opr\u00e1vnen\u00e1 na&nbsp;podnikanie, ktorej predmet \u010dinnosti s\u00favis\u00ed s&nbsp;podanou \u017eiados\u0165ou \u2013 100&nbsp;\u20ac<\/li><\/ol>\n\n\n\n<p><\/p>\n\n\n\n<p><strong>Pr\u00edloha \u010d. 1:<\/strong>  <a href=\"https:\/\/www.kojsov.sk\/wp-content\/uploads\/2022\/09\/suhlas-na-vyrub-drevin.pdf\" class=\"mtli_attachment mtli_pdf\">\u017diados\u0165 o vydanie s\u00fahlasu na v\u00fdrub drev\u00edn<\/a><\/p>\n","protected":false},"excerpt":{"rendered":"<p>V\u00fdrub drev\u00edn, na&nbsp;ktor\u00fd sa vy\u017eaduje s\u00fahlas org\u00e1nu ochrany pr\u00edrody&nbsp;(obce) Ak z\u00e1kon \u010d.&nbsp;543\/2002&nbsp; Z. z. o&nbsp;ochrane pr\u00edrody a&nbsp;krajiny neustanovuje inak, na&nbsp;v\u00fdrub dreviny sa pod\u013ea&nbsp;\u00a7 47&nbsp;ods. 3&nbsp;prv\u00e1 veta z\u00e1kona o&nbsp;ochrane pr\u00edrody vy\u017eaduje s\u00fahlas org\u00e1nu&nbsp;ochrany pr\u00edrody (obce). S\u00fahlas na&nbsp;v\u00fdrub dreviny vyd\u00e1va obec v&nbsp;s\u00falade s&nbsp;\u00a7 47&nbsp;a&nbsp;48&nbsp;z\u00e1kona o&nbsp;ochrane&nbsp;pr\u00edrody a&nbsp;krajiny, a&nbsp;to formou rozhodnutia a&nbsp;na&nbsp;jeho vydanie sa vz\u0165ahuje z\u00e1kon \u010d.&nbsp;71\/1967&nbsp;Zb. o&nbsp;spr\u00e1vnom konan\u00ed &hellip; <\/p>\n<p><a class=\"more-link btn\" href=\"https:\/\/www.kojsov.sk\/?page_id=7816\">Chcem vedie\u0165 viac<\/a><\/p>\n","protected":false},"author":5,"featured_media":0,"parent":0,"menu_order":0,"comment_status":"closed","ping_status":"closed","template":"","meta":[],"_links":{"self":[{"href":"https:\/\/www.kojsov.sk\/index.php?rest_route=\/wp\/v2\/pages\/7816"}],"collection":[{"href":"https:\/\/www.kojsov.sk\/index.php?rest_route=\/wp\/v2\/pages"}],"about":[{"href":"https:\/\/www.kojsov.sk\/index.php?rest_route=\/wp\/v2\/types\/page"}],"author":[{"embeddable":true,"href":"https:\/\/www.kojsov.sk\/index.php?rest_route=\/wp\/v2\/users\/5"}],"replies":[{"embeddable":true,"href":"https:\/\/www.kojsov.sk\/index.php?rest_route=%2Fwp%2Fv2%2Fcomments&post=7816"}],"version-history":[{"count":4,"href":"https:\/\/www.kojsov.sk\/index.php?rest_route=\/wp\/v2\/pages\/7816\/revisions"}],"predecessor-version":[{"id":8211,"href":"https:\/\/www.kojsov.sk\/index.php?rest_route=\/wp\/v2\/pages\/7816\/revisions\/8211"}],"wp:attachment":[{"href":"https:\/\/www.kojsov.sk\/index.php?rest_route=%2Fwp%2Fv2%2Fmedia&parent=7816"}],"curies":[{"name":"wp","href":"https:\/\/api.w.org\/{rel}","templated":true}]}}