{"id":7860,"date":"2023-01-05T15:07:11","date_gmt":"2023-01-05T14:07:11","guid":{"rendered":"https:\/\/www.kojsov.sk\/?page_id=7860"},"modified":"2023-11-06T11:32:26","modified_gmt":"2023-11-06T09:32:26","slug":"socialna-sluzba-2","status":"publish","type":"page","link":"https:\/\/www.kojsov.sk\/?page_id=7860","title":{"rendered":"Soci\u00e1lna slu\u017eba"},"content":{"rendered":"\n<p>Soci\u00e1lne slu\u017eby s\u00fa jednou z foriem soci\u00e1lnej pomoci pre \u013eud\u00ed v nepriaznivej soci\u00e1lnej situ\u00e1ci\u00ed. Soci\u00e1lne slu\u017eby s\u00fa zakotven\u00e9 v Z\u00e1kone o soci\u00e1lnych slu\u017eb\u00e1ch \u010d. 448\/2009 Z.z. s \u00fa\u010dinnos\u0165ou od 1.1.2009. Existuj\u00fa r\u00f4zne druhy a formy poskytovania soci\u00e1lnych slu\u017eieb.<\/p>\n\n\n\n<p><strong>Druh soci\u00e1lnej slu\u017eby, na ktor\u00fa sa ob\u010dan m\u00f4\u017ee da\u0165 pos\u00fadi\u0165 obcou s\u00fa:<\/strong><\/p>\n\n\n\n<ul><li>opatrovate\u013esk\u00e1 slu\u017eba ( II. \u2013 VI. stupe\u0148 odk\u00e1zanosti)<\/li><li>zariadenie pre seniorov (IV. \u2013 VI. stupe\u0148 odk\u00e1zanosti)<\/li><li>zariadenie opatrovate\u013eskej slu\u017eby (II. \u2013 VI. stupe\u0148 odk\u00e1zanosti)<\/li><li>denn\u00fd stacion\u00e1r (III. \u2013 VI. stupe\u0148 odk\u00e1zanosti)<\/li><\/ul>\n\n\n\n<p><strong>Soci\u00e1lna slu\u017eba sa poskytuje:<\/strong><\/p>\n\n\n\n<ul><li>fyzickej osobe, ktor\u00e1 je odk\u00e1zan\u00e1 na pomoc inej fyzickej osoby a jej stupe\u0148 odk\u00e1zanosti je najmenej II pod\u013ea pr\u00edlohy \u010d. 3 z\u00e1kona (posudkov\u00e1 \u010dinnos\u0165)<\/li><li>fyzickej osobe, ktor\u00e1 je odk\u00e1zan\u00e1 na pomoc pri \u00fakonoch sebaobsluhy, starostlivosti o svoju dom\u00e1cnos\u0165 a z\u00e1kladn\u00fdch soci\u00e1lnych aktivit\u00e1ch pod\u013ea pr\u00edlohy \u010d. 4 z\u00e1kona<\/li><\/ul>\n\n\n\n<p><strong>Podmienky pre poskytnutie soci\u00e1lnej slu\u017eby:<\/strong><\/p>\n\n\n\n<ul><li>trval\u00fd pobyt na \u00fazem\u00ed obce<\/li><li>podanie \u017eiadosti o pos\u00fadenie odk\u00e1zanosti na soci\u00e1lnu slu\u017ebu s potrebn\u00fdmi pr\u00edlohami na Obecnom \u00farade <\/li><li>pos\u00fadenie odk\u00e1zanosti na pomoc inej fyzickej osoby posudkov\u00fdm lek\u00e1rom<\/li><li>pre\u0161etrenie soci\u00e1lnej a rodinnej situ\u00e1cie ob\u010dana<\/li><li>vydanie posudku a rozhodnutia o odk\u00e1zanosti na soci\u00e1lnu slu\u017ebu<\/li><li>uzatvorenie zmluvy o poskytovan\u00ed opatrovate\u013eskej slu\u017eby medzi klientom a poskytovate\u013eom<\/li><\/ul>\n\n\n\n<p><strong><em>Postup pri podan\u00ed \u017eiadosti o&nbsp;pos\u00fadenie na soci\u00e1lnu slu\u017ebu<\/em><\/strong><\/p>\n\n\n\n<p>&nbsp;<strong>1. Podanie \u017eiadosti o&nbsp;pos\u00fadenie odk\u00e1zanosti na&nbsp;soci\u00e1lnu slu\u017ebu a&nbsp;jej pr\u00edloh<\/strong><\/p>\n\n\n\n<p>Tla\u010divo&nbsp;<strong>\u201e\u017diados\u0165 o&nbsp;pos\u00fadenie odk\u00e1zanosti na&nbsp;soci\u00e1lnu slu\u017ebu\u201c<\/strong>&nbsp;\/vi\u010f. pr\u00edloha\/ vypln\u00ed a&nbsp;podp\u00ed\u0161e&nbsp;ob\u010dan \u2013 \u017eiadate\u013e. K&nbsp; \u017eiadosti prilo\u017e\u00ed tla\u010divo&nbsp;<strong>\u201eLek\u00e1rsky n\u00e1lez\u201c<\/strong>&nbsp;aj s&nbsp;k\u00f3piami aktu\u00e1lnych odborn\u00fdch lek\u00e1rskych vy\u0161etren\u00ed, nie star\u0161\u00edch ako 6&nbsp;mesiacov. Tla\u010divo \u201eLek\u00e1rsky n\u00e1lez\u201c vypln\u00ed obvodn\u00fd zmluvn\u00fd lek\u00e1r&nbsp;(d\u00e1tum vyplnenia na&nbsp;tla\u010dive mus\u00ed by\u0165 aktu\u00e1lny, tzn.&nbsp;\u2013&nbsp;nie star\u0161\u00ed ako 6&nbsp;mesiacov).<\/p>\n\n\n\n<ul><li>V pr\u00edpade&nbsp;hospitaliz\u00e1cie ob\u010dana&nbsp;o\u0161etruj\u00faci lek\u00e1r&nbsp;vystav\u00ed prep\u00fa\u0161\u0165aciu alebo predbe\u017en\u00fa prep\u00fa\u0161\u0165aciu spr\u00e1vu, ktor\u00fa ob\u010dan prilo\u017e\u00ed k&nbsp;tla\u010divu \u201eLek\u00e1rsky n\u00e1lez\u201c.&nbsp;Ob\u010dan m\u00f4\u017ee prilo\u017ei\u0165&nbsp;aj in\u00e9 odborn\u00e9 n\u00e1lezy (nie star\u0161ie ako 6&nbsp;mesiacov).&nbsp;<\/li><li>&nbsp;V pr\u00edpade, \u017ee&nbsp;sa ob\u010dan&nbsp;nedok\u00e1\u017ee s\u00e1m podp\u00edsa\u0165,&nbsp;<strong>v bode \u010d.&nbsp;11<\/strong>&nbsp;<strong>\u201e\u017diadosti o&nbsp;pos\u00fadenie odk\u00e1zanosti na&nbsp;soci\u00e1lnu slu\u017ebu<\/strong>&nbsp;je potrebn\u00e9 lek\u00e1rske potvrdenie o&nbsp;neschopnosti podpisu.&nbsp;<\/li><\/ul>\n\n\n\n<p><strong>2.&nbsp;Vyhotovenie Soci\u00e1lneho posudku<\/strong><\/p>\n\n\n\n<p>Po doru\u010den\u00ed riadne vyplnenej \u017diadosti o&nbsp;pos\u00fadenie odk\u00e1zanosti na&nbsp;soci\u00e1lnu slu\u017ebu so v\u0161etk\u00fdmi jeho pr\u00edlohami na&nbsp;adresu&nbsp;<strong>Obec Koj\u0161ov, 055 52 Koj\u0161ov 3<\/strong> sa prist\u00fapi k&nbsp;posudkovej \u010dinnosti. Soci\u00e1lna referentka  za&nbsp;\u00fa\u010delom vypracovania<strong>&nbsp;Soci\u00e1lneho posudku&nbsp;<\/strong>vykon\u00e1 n\u00e1v\u0161tevu ob\u010dana v&nbsp;dom\u00e1cnosti a&nbsp;\u010falej postupuje pod\u013ea&nbsp;\u00a7 50&nbsp;z\u00e1kona.<\/p>\n\n\n\n<p><strong>3.<\/strong>&nbsp;<strong>Vyhotovenie Lek\u00e1rskeho posudku<\/strong><\/p>\n\n\n\n<p>Soci\u00e1lna referentka  taktie\u017e zabezpe\u010d\u00ed vypracovanie<strong>&nbsp;Lek\u00e1rskeho posudku<\/strong>&nbsp;u&nbsp;zazmluvnen\u00e9ho lek\u00e1ra obce.&nbsp;<\/p>\n\n\n\n<p><strong>4. Vydanie Rozhodnutia o&nbsp;odk\u00e1zanosti FO na&nbsp;soci\u00e1lnu slu\u017ebu<\/strong><\/p>\n\n\n\n<p>Na z\u00e1klade Soci\u00e1lneho posudku a&nbsp;Lek\u00e1rskeho posudku soci\u00e1lna referentka vypracuje&nbsp;<strong>Posudok o&nbsp;odk\u00e1zanosti na&nbsp;soci\u00e1lnu slu\u017ebu<\/strong>, ktor\u00fd sa stane podkladom pre vyhotovenie&nbsp;<strong>Rozhodnutia o&nbsp;odk\u00e1zanosti fyzickej osoby na&nbsp;soci\u00e1lnu slu\u017ebu<\/strong>.<\/p>\n\n\n\n<p><strong>Pr\u00edloha: <\/strong><\/p>\n\n\n\n<p><a href=\"https:\/\/www.kojsov.sk\/wp-content\/uploads\/2022\/09\/Ziadost_o_posudenie_odkazanosti_na_SS-doc-1.pdf\" class=\"mtli_attachment mtli_pdf\">\u017diados\u0165 o pos\u00fadenie odk\u00e1zanosti na soci\u00e1lnu slu\u017ebu<\/a><\/p>\n\n\n\n<p><a href=\"https:\/\/www.kojsov.sk\/wp-content\/uploads\/2023\/11\/Lekarsky_nalez_na_ucely_posudenie_odkazanosti_na_SS.pdf\" class=\"mtli_attachment mtli_pdf\">Lek\u00e1rsky n\u00e1lez na \u00fa\u010dely pos\u00fadenia odk\u00e1zanosti na soci\u00e1lnu slu\u017ebu<\/a><\/p>\n","protected":false},"excerpt":{"rendered":"<p>Soci\u00e1lne slu\u017eby s\u00fa jednou z foriem soci\u00e1lnej pomoci pre \u013eud\u00ed v nepriaznivej soci\u00e1lnej situ\u00e1ci\u00ed. Soci\u00e1lne slu\u017eby s\u00fa zakotven\u00e9 v Z\u00e1kone o soci\u00e1lnych slu\u017eb\u00e1ch \u010d. 448\/2009 Z.z. s \u00fa\u010dinnos\u0165ou od 1.1.2009. Existuj\u00fa r\u00f4zne druhy a formy poskytovania soci\u00e1lnych slu\u017eieb. Druh soci\u00e1lnej slu\u017eby, na ktor\u00fa sa ob\u010dan m\u00f4\u017ee da\u0165 pos\u00fadi\u0165 obcou s\u00fa: opatrovate\u013esk\u00e1 slu\u017eba ( II. \u2013 &hellip; <\/p>\n<p><a class=\"more-link btn\" href=\"https:\/\/www.kojsov.sk\/?page_id=7860\">Chcem vedie\u0165 viac<\/a><\/p>\n","protected":false},"author":5,"featured_media":0,"parent":0,"menu_order":0,"comment_status":"closed","ping_status":"closed","template":"","meta":[],"_links":{"self":[{"href":"https:\/\/www.kojsov.sk\/index.php?rest_route=\/wp\/v2\/pages\/7860"}],"collection":[{"href":"https:\/\/www.kojsov.sk\/index.php?rest_route=\/wp\/v2\/pages"}],"about":[{"href":"https:\/\/www.kojsov.sk\/index.php?rest_route=\/wp\/v2\/types\/page"}],"author":[{"embeddable":true,"href":"https:\/\/www.kojsov.sk\/index.php?rest_route=\/wp\/v2\/users\/5"}],"replies":[{"embeddable":true,"href":"https:\/\/www.kojsov.sk\/index.php?rest_route=%2Fwp%2Fv2%2Fcomments&post=7860"}],"version-history":[{"count":9,"href":"https:\/\/www.kojsov.sk\/index.php?rest_route=\/wp\/v2\/pages\/7860\/revisions"}],"predecessor-version":[{"id":8801,"href":"https:\/\/www.kojsov.sk\/index.php?rest_route=\/wp\/v2\/pages\/7860\/revisions\/8801"}],"wp:attachment":[{"href":"https:\/\/www.kojsov.sk\/index.php?rest_route=%2Fwp%2Fv2%2Fmedia&parent=7860"}],"curies":[{"name":"wp","href":"https:\/\/api.w.org\/{rel}","templated":true}]}}