{"id":7915,"date":"2023-01-05T15:10:25","date_gmt":"2023-01-05T14:10:25","guid":{"rendered":"https:\/\/www.kojsov.sk\/?page_id=7915"},"modified":"2023-01-05T15:10:26","modified_gmt":"2023-01-05T14:10:26","slug":"ostatne-2","status":"publish","type":"page","link":"https:\/\/www.kojsov.sk\/?page_id=7915","title":{"rendered":"Ostatn\u00e9"},"content":{"rendered":"\n<p><a href=\"https:\/\/www.kojsov.sk\/wp-content\/uploads\/2022\/09\/cestne-vyhlasenie.pdf\" class=\"mtli_attachment mtli_pdf\">\u010destn\u00e9 vyhl\u00e1senie<\/a><\/p>\n\n\n\n<p><a href=\"https:\/\/www.kojsov.sk\/wp-content\/uploads\/2022\/09\/splnomocnenie-k-prepisu-auta.pdf\" class=\"mtli_attachment mtli_pdf\">splnomocnenie k prepisu auta<\/a><\/p>\n\n\n\n<p><a href=\"https:\/\/www.kojsov.sk\/wp-content\/uploads\/2022\/09\/splnomocdnenie-na-zastupovanie.pdf\" class=\"mtli_attachment mtli_pdf\">splnomocnenie na zastupovanie<\/a><\/p>\n\n\n\n<p><a href=\"https:\/\/www.kojsov.sk\/wp-content\/uploads\/2022\/09\/splnomocnenie.pdf\" class=\"mtli_attachment mtli_pdf\">splnomocnenie<\/a><\/p>\n","protected":false},"excerpt":{"rendered":"<p>\u010destn\u00e9 vyhl\u00e1senie splnomocnenie k prepisu auta splnomocnenie na zastupovanie splnomocnenie<\/p>\n","protected":false},"author":5,"featured_media":0,"parent":0,"menu_order":0,"comment_status":"closed","ping_status":"closed","template":"","meta":[],"_links":{"self":[{"href":"https:\/\/www.kojsov.sk\/index.php?rest_route=\/wp\/v2\/pages\/7915"}],"collection":[{"href":"https:\/\/www.kojsov.sk\/index.php?rest_route=\/wp\/v2\/pages"}],"about":[{"href":"https:\/\/www.kojsov.sk\/index.php?rest_route=\/wp\/v2\/types\/page"}],"author":[{"embeddable":true,"href":"https:\/\/www.kojsov.sk\/index.php?rest_route=\/wp\/v2\/users\/5"}],"replies":[{"embeddable":true,"href":"https:\/\/www.kojsov.sk\/index.php?rest_route=%2Fwp%2Fv2%2Fcomments&post=7915"}],"version-history":[{"count":1,"href":"https:\/\/www.kojsov.sk\/index.php?rest_route=\/wp\/v2\/pages\/7915\/revisions"}],"predecessor-version":[{"id":7920,"href":"https:\/\/www.kojsov.sk\/index.php?rest_route=\/wp\/v2\/pages\/7915\/revisions\/7920"}],"wp:attachment":[{"href":"https:\/\/www.kojsov.sk\/index.php?rest_route=%2Fwp%2Fv2%2Fmedia&parent=7915"}],"curies":[{"name":"wp","href":"https:\/\/api.w.org\/{rel}","templated":true}]}}