{"id":8183,"date":"2023-01-02T13:09:32","date_gmt":"2023-01-02T12:09:32","guid":{"rendered":"https:\/\/www.kojsov.sk\/?page_id=8183"},"modified":"2026-04-27T10:35:54","modified_gmt":"2026-04-27T08:35:54","slug":"8183-2","status":"publish","type":"page","link":"https:\/\/www.kojsov.sk\/?page_id=8183","title":{"rendered":"Zasadnutia obecn\u00e9ho zastupite\u013estva \/2022-2026\/"},"content":{"rendered":"\n<figure id=\"tablepress-53\" class=\"wp-block-table\"><table><thead><tr><th>D\u00e1tum<\/th><th>Uznesenie<\/th><th>Z\u00e1pisnica<\/th><\/tr><tr><th>16.3.2026<\/th><th><a href=\"https:\/\/www.kojsov.sk\/wp-content\/uploads\/2026\/04\/Uznesenia-16.03.2026.pdf\" class=\"mtli_attachment mtli_pdf\">Uznesenie zo zasadnutia<\/a> <\/th><th><a href=\"https:\/\/www.kojsov.sk\/wp-content\/uploads\/2026\/04\/Zapisnica-z-22.OZ-obce-Kojsov-16.3.2026.pdf\" class=\"mtli_attachment mtli_pdf\">Z\u00e1pisnica zo zasadnutia<\/a><\/th><\/tr><\/thead><tbody><tr><td>16.12.2025<\/td><td><a href=\"https:\/\/www.kojsov.sk\/wp-content\/uploads\/2025\/12\/Uznesenia-16.12.2025-1.pdf\" class=\"mtli_attachment mtli_pdf\">Uznesenie zo zasadnutia<\/a><\/td><td><a href=\"https:\/\/www.kojsov.sk\/wp-content\/uploads\/2026\/01\/Zapisnica-z-20.OZ-obce-Kojsov-16.12.2025.pdf\" class=\"mtli_attachment mtli_pdf\">Z\u00e1pisnica zo zasadnutia<\/a><\/td><\/tr><tr><td>18.11.2025<\/td><td><a href=\"https:\/\/www.kojsov.sk\/wp-content\/uploads\/2025\/11\/Uznesenia-18.11.2025.pdf\" class=\"mtli_attachment mtli_pdf\">Uznesenie zo zasadnutia<\/a><\/td><td><a href=\"https:\/\/www.kojsov.sk\/wp-content\/uploads\/2025\/12\/Zapisnica-z-20.OZ-obce-Kojsov-18.11.2025-2.pdf\" class=\"mtli_attachment mtli_pdf\">Z\u00e1pisnica zo zasadnutia<\/a><\/td><\/tr><tr><td>9.10.2025<\/td><td><a href=\"https:\/\/www.kojsov.sk\/wp-content\/uploads\/2025\/11\/Uznesenia-9.10.2025.pdf\" class=\"mtli_attachment mtli_pdf\">Uznesenie zo zasadnutia<\/a> <\/td><td><a href=\"https:\/\/www.kojsov.sk\/wp-content\/uploads\/2025\/10\/Zapisnica-z-19.OZ-obce-Kojsov-9.10.2025-1.pdf\" class=\"mtli_attachment mtli_pdf\">Z\u00e1pisnica zo zasadnutia<\/a> <\/td><\/tr><tr><td>18.07.2025 <\/td><td><a href=\"https:\/\/www.kojsov.sk\/wp-content\/uploads\/2025\/08\/Uznesenia-18.7.2025-6.pdf\" class=\"mtli_attachment mtli_pdf\">Uznesenie zo zasadnutia<\/a> <\/td><td><a href=\"https:\/\/www.kojsov.sk\/wp-content\/uploads\/2025\/09\/zapisnica-18.7.2025.pdf\" class=\"mtli_attachment mtli_pdf\">Z\u00e1pisnica zo zasadnutia<\/a> <\/td><\/tr><tr><td>25.04.2025<\/td><td><a href=\"https:\/\/www.kojsov.sk\/wp-content\/uploads\/2025\/05\/Uznesenia-zo-zasadnutia.pdf\" class=\"mtli_attachment mtli_pdf\">Uznesenia zo zasadnutia<\/a><\/td><td><a href=\"https:\/\/www.kojsov.sk\/wp-content\/uploads\/2025\/07\/zapisnica1.pdf\" class=\"mtli_attachment mtli_pdf\">Z\u00e1pisnica zo zasadnutia <\/a><\/td><\/tr><tr><td>10.03.2025<\/td><td><a href=\"https:\/\/www.kojsov.sk\/wp-content\/uploads\/2025\/03\/Uznesenia-zo-zasadnutia.pdf\" class=\"mtli_attachment mtli_pdf\">Uznesenia zo zasadnutia<\/a><\/td><td><a href=\"https:\/\/www.kojsov.sk\/wp-content\/uploads\/2025\/04\/Zapisnica-OZ-10_03_2025.pdf\" class=\"mtli_attachment mtli_pdf\">Z\u00e1pisnica zo zasadnutia<\/a><\/td><\/tr><tr><td>07.02.2025<\/td><td><a href=\"https:\/\/www.kojsov.sk\/wp-content\/uploads\/2025\/02\/Uznesenia-zo-zasadnutia.pdf\" class=\"mtli_attachment mtli_pdf\">Uznesenia zo zasadnutia<\/a><\/td><td><a href=\"https:\/\/www.kojsov.sk\/wp-content\/uploads\/2025\/02\/Zapisnica-OZ-07_02_2025.pdf\" class=\"mtli_attachment mtli_pdf\">Z\u00e1pisnica zo zasadnutia<\/a><\/td><\/tr><tr><td>28.11.2024<\/td><td><a href=\"https:\/\/www.kojsov.sk\/wp-content\/uploads\/2024\/12\/Uznesenia-zo-zasadnutia.pdf\" class=\"mtli_attachment mtli_pdf\">Uznesenia zo zasadnutia<\/a><\/td><td> <a href=\"https:\/\/www.kojsov.sk\/wp-content\/uploads\/2025\/07\/zapisnica005.pdf\" class=\"mtli_attachment mtli_pdf\">Z\u00e1pisnica zo zasadnutia <\/a><\/td><\/tr><tr><td>03.10.2024<\/td><td><a href=\"https:\/\/www.kojsov.sk\/wp-content\/uploads\/2024\/10\/Uznesenia-3.10.2024.pdf\" class=\"mtli_attachment mtli_pdf\">Uznesenia zo zasadnutia<\/a><\/td><td><a href=\"https:\/\/www.kojsov.sk\/wp-content\/uploads\/2024\/10\/Zapisnica-OZ-03_10_2024.pdf\" class=\"mtli_attachment mtli_pdf\">Z\u00e1pisnica zo zasadnutia<\/a><\/td><\/tr><tr><td>20.06.2024<\/td><td><a href=\"https:\/\/www.kojsov.sk\/wp-content\/uploads\/2024\/07\/Uznesenia-20_06_2024-1.pdf\" class=\"mtli_attachment mtli_pdf\">Uznesenia zo zasadnutia<\/a><\/td><td><a href=\"https:\/\/www.kojsov.sk\/wp-content\/uploads\/2024\/08\/Zapisnica-OZ-20_06_2024.pdf\" class=\"mtli_attachment mtli_pdf\">Z\u00e1pisnica zo zasadnutia<\/a><\/td><\/tr><tr><td>24.04.2024<\/td><td><a href=\"https:\/\/www.kojsov.sk\/wp-content\/uploads\/2024\/05\/Uznesenia-24_04_2024.pdf\" class=\"mtli_attachment mtli_pdf\">Uznesenia zo zasadnutia<\/a><\/td><td><a href=\"https:\/\/www.kojsov.sk\/wp-content\/uploads\/2024\/08\/Zapisnica-OZ-24_04_2024.pdf\" class=\"mtli_attachment mtli_pdf\">Z\u00e1pisnica zo zasadnutia<\/a><\/td><\/tr><tr><td>30.01.2024<\/td><td><a href=\"https:\/\/www.kojsov.sk\/wp-content\/uploads\/2024\/02\/Uznesenia-30_01_2024.pdf\" class=\"mtli_attachment mtli_pdf\">Uznesenia zo zasadnutia<\/a><\/td><td><a href=\"https:\/\/www.kojsov.sk\/wp-content\/uploads\/2024\/02\/Zapisnica-OZ-30_01_2024.pdf\" class=\"mtli_attachment mtli_pdf\">Z\u00e1pisnica zo zasadnutia<\/a><\/td><\/tr><tr><td>23.11.2023<\/td><td><a href=\"https:\/\/www.kojsov.sk\/wp-content\/uploads\/2023\/12\/Uznesenia-23_11_2023.pdf\" class=\"mtli_attachment mtli_pdf\">Uznesenia zo zasadnutia<\/a><\/td><td><a href=\"https:\/\/www.kojsov.sk\/wp-content\/uploads\/2023\/12\/Zapisnica-OZ-23_11_2023.pdf\" class=\"mtli_attachment mtli_pdf\">Z\u00e1pisnica zo zasadnutia<\/a><\/td><\/tr><tr><td>05.10.2023<\/td><td><a href=\"https:\/\/www.kojsov.sk\/wp-content\/uploads\/2023\/11\/Uznesenia-5_10_2023.pdf\" class=\"mtli_attachment mtli_pdf\">Uznesenia zo zasadnutia<\/a><\/td><td><a href=\"https:\/\/www.kojsov.sk\/wp-content\/uploads\/2023\/11\/Zapisnica-05_10_2023.pdf\" class=\"mtli_attachment mtli_pdf\">Z\u00e1pisnica zo zasadnutia<\/a><\/td><\/tr><tr><td>07.07.2023<\/td><td><a href=\"https:\/\/www.kojsov.sk\/wp-content\/uploads\/2023\/07\/Uznesenia-7_7_2023.pdf\" class=\"mtli_attachment mtli_pdf\">Uznesenia zo zasadnutia<\/a><\/td><td><a href=\"https:\/\/www.kojsov.sk\/wp-content\/uploads\/2023\/07\/Zapisnica-07_07_2023.pdf\" class=\"mtli_attachment mtli_pdf\">Z\u00e1pisnica zo zasadnutia<\/a><\/td><\/tr><tr><td>16.06.2023<\/td><td><a href=\"https:\/\/www.kojsov.sk\/wp-content\/uploads\/2023\/06\/Uznesenie-z-16.6.2023.pdf\" class=\"mtli_attachment mtli_pdf\">Uznesenia zo zasadnutia<\/a> <\/td><td><a href=\"https:\/\/www.kojsov.sk\/wp-content\/uploads\/2023\/07\/Zapisnica-zo-zasadnutia.pdf\" class=\"mtli_attachment mtli_pdf\">Z\u00e1pisnica zo zasadnutia<\/a><\/td><\/tr><tr><td>12.05.2023<\/td><td><a href=\"https:\/\/www.kojsov.sk\/wp-content\/uploads\/2023\/05\/uznesenie2309.pdf\" class=\"mtli_attachment mtli_pdf\">Uznesenie zo zasadnutia<\/a><\/td><td><a href=\"https:\/\/www.kojsov.sk\/wp-content\/uploads\/2023\/06\/Zapisnica-zo-zasadnutia.pdf\" class=\"mtli_attachment mtli_pdf\">Z\u00e1pisnica zo zasadnutia<\/a><\/td><\/tr><tr><td>17.03.2023<\/td><td><a href=\"https:\/\/www.kojsov.sk\/wp-content\/uploads\/2023\/04\/Uznesenie-zo-zasadnutia.pdf\" class=\"mtli_attachment mtli_pdf\" target=\"_blank\" rel=\"noreferrer noopener\">Uznesenie zo zasadnutia <\/a><\/td><td><\/td><\/tr><tr><td>03.02.2023<\/td><td><a rel=\"noreferrer noopener\" href=\"https:\/\/www.kojsov.sk\/wp-content\/uploads\/2023\/02\/Uznesenie-z-tretieho-zasadnutia054.pdf\" class=\"mtli_attachment mtli_pdf\" target=\"_blank\">Uznesenie zo zasadnutia<\/a><\/td><td><\/td><\/tr><tr><td>14.12.2022<\/td><td><a href=\"https:\/\/www.kojsov.sk\/wp-content\/uploads\/2023\/01\/Uznesenie-2-.1.pdf\" class=\"mtli_attachment mtli_pdf\" target=\"_blank\" rel=\"noreferrer noopener\">Uznesenie zo zasadnutia<\/a><\/td><td><\/td><\/tr><tr><td>27.11.2022<\/td><td><a href=\"https:\/\/www.kojsov.sk\/wp-content\/uploads\/2022\/12\/Uznesenie-z-ustanovujuceho-zasadnutia-obecneho-zastupitelstva.pdf\" class=\"mtli_attachment mtli_pdf\">Uznesenie zo zasadnutia<\/a><\/td><td><\/td><\/tr><tr><td><\/td><td><\/td><td><\/td><\/tr><\/tbody><\/table><\/figure>\n\n\n\n<p><\/p>\n\n\n\n<p><\/p>\n","protected":false},"excerpt":{"rendered":"<p>D\u00e1tum Uznesenie Z\u00e1pisnica 16.3.2026 Uznesenie zo zasadnutia Z\u00e1pisnica zo zasadnutia 16.12.2025 Uznesenie zo zasadnutia Z\u00e1pisnica zo zasadnutia 18.11.2025 Uznesenie zo zasadnutia Z\u00e1pisnica zo zasadnutia 9.10.2025 Uznesenie zo zasadnutia Z\u00e1pisnica zo zasadnutia 18.07.2025 Uznesenie zo zasadnutia Z\u00e1pisnica zo zasadnutia 25.04.2025 Uznesenia zo zasadnutia Z\u00e1pisnica zo zasadnutia 10.03.2025 Uznesenia zo zasadnutia Z\u00e1pisnica zo zasadnutia 07.02.2025 Uznesenia zo &hellip; <\/p>\n<p><a class=\"more-link btn\" href=\"https:\/\/www.kojsov.sk\/?page_id=8183\">Chcem vedie\u0165 viac<\/a><\/p>\n","protected":false},"author":5,"featured_media":0,"parent":0,"menu_order":0,"comment_status":"closed","ping_status":"closed","template":"","meta":[],"_links":{"self":[{"href":"https:\/\/www.kojsov.sk\/index.php?rest_route=\/wp\/v2\/pages\/8183"}],"collection":[{"href":"https:\/\/www.kojsov.sk\/index.php?rest_route=\/wp\/v2\/pages"}],"about":[{"href":"https:\/\/www.kojsov.sk\/index.php?rest_route=\/wp\/v2\/types\/page"}],"author":[{"embeddable":true,"href":"https:\/\/www.kojsov.sk\/index.php?rest_route=\/wp\/v2\/users\/5"}],"replies":[{"embeddable":true,"href":"https:\/\/www.kojsov.sk\/index.php?rest_route=%2Fwp%2Fv2%2Fcomments&post=8183"}],"version-history":[{"count":9,"href":"https:\/\/www.kojsov.sk\/index.php?rest_route=\/wp\/v2\/pages\/8183\/revisions"}],"predecessor-version":[{"id":9988,"href":"https:\/\/www.kojsov.sk\/index.php?rest_route=\/wp\/v2\/pages\/8183\/revisions\/9988"}],"wp:attachment":[{"href":"https:\/\/www.kojsov.sk\/index.php?rest_route=%2Fwp%2Fv2%2Fmedia&parent=8183"}],"curies":[{"name":"wp","href":"https:\/\/api.w.org\/{rel}","templated":true}]}}