{"id":8582,"date":"2023-06-13T00:00:59","date_gmt":"2023-06-12T22:00:59","guid":{"rendered":"https:\/\/www.kojsov.sk\/?page_id=8582"},"modified":"2023-10-02T09:43:27","modified_gmt":"2023-10-02T07:43:27","slug":"2023-volby-do-nr-sr","status":"publish","type":"page","link":"https:\/\/www.kojsov.sk\/?page_id=8582","title":{"rendered":"2023 &#8211; Vo\u013eby do N\u00e1rodnej rady Slovenskej republiky"},"content":{"rendered":"\n<p><a href=\"https:\/\/www.kojsov.sk\/wp-content\/uploads\/2023\/06\/Rozhodnutie-o-vyhlaseni-volieb-do-Narodnej-rady-Slovenskej-republiky.pdf\" class=\"mtli_attachment mtli_pdf\">Rozhodnutie predsedu NR SR o vyhl\u00e1sen\u00ed volieb do NR SR<\/a><\/p>\n\n\n\n<p><a href=\"https:\/\/www.kojsov.sk\/wp-content\/uploads\/2023\/06\/Informacia-o-podmienkach-prava-volit-a-prava-byt-voleny.pdf\" class=\"mtli_attachment mtli_pdf\">Inform\u00e1cia pre voli\u010da o podmienkach pr\u00e1va voli\u0165 a pr\u00e1va by\u0165 volen\u00fd<\/a><\/p>\n\n\n\n<p><a href=\"https:\/\/www.kojsov.sk\/wp-content\/uploads\/2023\/06\/Utvorenie-volebneho-okrsku-a-urcenie-volebnej-miestnosti.pdf\" class=\"mtli_attachment mtli_pdf\">Utvorenie volebn\u00e9ho okrsku a ur\u010denie volebnej miestnosti<\/a><\/p>\n\n\n\n<p><a href=\"https:\/\/www.kojsov.sk\/wp-content\/uploads\/2023\/06\/Vymenovanie-zapisovatelky-okrskovej-volebnej-komisie.pdf\" class=\"mtli_attachment mtli_pdf\">Vymenovanie zapisovate\u013eky okrskovej volebnej komisie<\/a><\/p>\n\n\n\n<p><a href=\"https:\/\/www.minv.sk\/?nr23-preukaz\">Hlasovac\u00ed preukaz<\/a><\/p>\n\n\n\n<p><a href=\"https:\/\/www.kojsov.sk\/wp-content\/uploads\/2023\/07\/Elektronicka-adresa-na-dorucenie-ziadosti-o-vydanie-hlasovacieho-preukazu.pdf\" class=\"mtli_attachment mtli_pdf\">Elektronick\u00e1 adresa na doru\u010denie \u017eiadosti o vydanie hlasovacieho preukazu<\/a><\/p>\n\n\n\n<p><a href=\"https:\/\/www.minv.sk\/?nr23-posta\">Vo\u013eba po\u0161tou<\/a><\/p>\n\n\n\n<p><a href=\"https:\/\/www.kojsov.sk\/wp-content\/uploads\/2023\/07\/Adresa-na-dorucenie-oznamenia-o-delegovani-clena-a-nahradnika-....pdf\" class=\"mtli_attachment mtli_pdf\">Adresa na doru\u010denie ozn\u00e1menia o delegovan\u00ed \u010dlena a n\u00e1hradn\u00edka do okrskovej volebnej komisie<\/a><\/p>\n\n\n\n<p><a href=\"https:\/\/www.kojsov.sk\/wp-content\/uploads\/2023\/07\/Oznamenie-vynatok-z-VZN.pdf\" class=\"mtli_attachment mtli_pdf\">Umiest\u0148ovanie volebn\u00fdch plag\u00e1tov<\/a><\/p>\n\n\n\n<p><a href=\"https:\/\/www.kojsov.sk\/wp-content\/uploads\/2023\/09\/Hlasovanie-mimo-volebnej-miestnosti.pdf\" class=\"mtli_attachment mtli_pdf\">Hlasovanie mimo volebnej miestnosti prostredn\u00edctvom prenosnej volebnej schr\u00e1nky<\/a><\/p>\n\n\n\n<p><a href=\"https:\/\/www.kojsov.sk\/wp-content\/uploads\/2023\/10\/Zapisnica-OVK-o-priebehu-a-vysledku-hlasovania.pdf\" class=\"mtli_attachment mtli_pdf\">Z\u00e1pisnica OVK o priebehu a v\u00fdsledku hlasovania v obci<\/a><\/p>\n","protected":false},"excerpt":{"rendered":"<p>Rozhodnutie predsedu NR SR o vyhl\u00e1sen\u00ed volieb do NR SR Inform\u00e1cia pre voli\u010da o podmienkach pr\u00e1va voli\u0165 a pr\u00e1va by\u0165 volen\u00fd Utvorenie volebn\u00e9ho okrsku a ur\u010denie volebnej miestnosti Vymenovanie zapisovate\u013eky okrskovej volebnej komisie Hlasovac\u00ed preukaz Elektronick\u00e1 adresa na doru\u010denie \u017eiadosti o vydanie hlasovacieho preukazu Vo\u013eba po\u0161tou Adresa na doru\u010denie ozn\u00e1menia o delegovan\u00ed \u010dlena a n\u00e1hradn\u00edka &hellip; <\/p>\n<p><a class=\"more-link btn\" href=\"https:\/\/www.kojsov.sk\/?page_id=8582\">Chcem vedie\u0165 viac<\/a><\/p>\n","protected":false},"author":1,"featured_media":0,"parent":0,"menu_order":0,"comment_status":"closed","ping_status":"closed","template":"","meta":[],"_links":{"self":[{"href":"https:\/\/www.kojsov.sk\/index.php?rest_route=\/wp\/v2\/pages\/8582"}],"collection":[{"href":"https:\/\/www.kojsov.sk\/index.php?rest_route=\/wp\/v2\/pages"}],"about":[{"href":"https:\/\/www.kojsov.sk\/index.php?rest_route=\/wp\/v2\/types\/page"}],"author":[{"embeddable":true,"href":"https:\/\/www.kojsov.sk\/index.php?rest_route=\/wp\/v2\/users\/1"}],"replies":[{"embeddable":true,"href":"https:\/\/www.kojsov.sk\/index.php?rest_route=%2Fwp%2Fv2%2Fcomments&post=8582"}],"version-history":[{"count":8,"href":"https:\/\/www.kojsov.sk\/index.php?rest_route=\/wp\/v2\/pages\/8582\/revisions"}],"predecessor-version":[{"id":8764,"href":"https:\/\/www.kojsov.sk\/index.php?rest_route=\/wp\/v2\/pages\/8582\/revisions\/8764"}],"wp:attachment":[{"href":"https:\/\/www.kojsov.sk\/index.php?rest_route=%2Fwp%2Fv2%2Fmedia&parent=8582"}],"curies":[{"name":"wp","href":"https:\/\/api.w.org\/{rel}","templated":true}]}}