{"id":86,"date":"2013-04-27T22:02:49","date_gmt":"2013-04-27T20:02:49","guid":{"rendered":"http:\/\/www.new.kojsov.sk\/?page_id=86"},"modified":"2021-07-29T20:32:31","modified_gmt":"2021-07-29T19:32:31","slug":"posta","status":"publish","type":"page","link":"https:\/\/www.kojsov.sk\/?page_id=86","title":{"rendered":"Po\u0161ta"},"content":{"rendered":"<p>&nbsp;<\/p>\n<h3 style=\"text-align: center;\"><strong>Otv\u00e1racie hodiny pobo\u010dky po\u0161ty<\/strong><\/h3>\n<p>&nbsp;<\/p>\n<table border=\"0\" align=\"center\">\n<tbody>\n<tr>\n<td>&nbsp;<\/td>\n<td>&nbsp;<\/td>\n<td>&nbsp;<\/td>\n<\/tr>\n<tr>\n<td><strong><span style=\"font-size: 14px;\">Pondelok<\/span><\/strong><\/td>\n<td><center><strong><span style=\"font-size: 14px;\">8<sup>00<\/sup> &#8211; 09<sup>30<\/sup><\/span><\/strong><\/center><\/td>\n<td><center><strong><span style=\"font-size: 14px;\">14<sup>30<\/sup> &#8211; 15<sup>30<\/sup><\/span><\/strong><\/center><\/td>\n<\/tr>\n<tr>\n<td><strong><span style=\"font-size: 14px;\">Utorok<\/span><\/strong><\/td>\n<td><center><strong><span style=\"font-size: 14px;\">8<sup>00<\/sup> &#8211; 09<sup>30<\/sup><\/span><\/strong><\/center><\/td>\n<td><center><strong><span style=\"font-size: 14px;\">14<sup>30<\/sup> &#8211; 15<sup>30<\/sup><\/span><\/strong><\/center><\/td>\n<\/tr>\n<tr>\n<td><strong><span style=\"font-size: 14px;\">Streda<\/span><\/strong><\/td>\n<td><center><strong><span style=\"font-size: 14px;\">8<sup>00<\/sup> &#8211; 09<sup>30<\/sup><\/span><\/strong><\/center><\/td>\n<td><center><strong>14<sup>30<\/sup> &#8211; 15<sup>30<\/sup><\/strong><\/center><\/td>\n<td><center><strong><span style=\"font-size: 14px;\"><sup>&nbsp;<\/sup><\/span><\/strong><\/center><\/td>\n<\/tr>\n<tr>\n<td><strong><span style=\"font-size: 14px;\">\u0160tvrtok<\/span><\/strong><\/td>\n<td><center><strong><span style=\"font-size: 14px;\">8<sup>00<\/sup> &#8211; 09<sup>30<\/sup><\/span><\/strong><\/center><\/td>\n<td><center><strong><span style=\"font-size: 14px;\">14<sup>30<\/sup> &#8211; 15<sup>30<\/sup><\/span><\/strong><\/center><\/td>\n<\/tr>\n<tr>\n<td><strong><span style=\"font-size: 14px;\">Piatok<\/span><\/strong><\/td>\n<td><center><strong><span style=\"font-size: 14px;\">8<sup>00<\/sup> &#8211; 09<sup>30<\/sup><\/span><\/strong><\/center><\/td>\n<td><center><strong><span style=\"font-size: 14px;\">14<sup>30<\/sup> &#8211; 15<sup>30<\/sup><\/span><\/strong><\/center><\/td>\n<\/tr>\n<tr>\n<td><strong><span style=\"font-size: 14px;\">Sobota<\/span><\/strong><\/td>\n<td><center><strong><span style=\"font-size: 14px;\">&#8211;<\/span><\/strong><\/center><\/td>\n<td><center><strong><span style=\"font-size: 14px;\">&#8211;<\/span><\/strong><\/center><\/td>\n<\/tr>\n<tr>\n<td><strong><span style=\"font-size: 14px;\">Nede\u013ea<\/span><\/strong><\/td>\n<td><center><strong><span style=\"font-size: 14px;\">&#8211;<\/span><\/strong><\/center><\/td>\n<td><center><strong><span style=\"font-size: 14px;\">&#8211;<\/span><\/strong><\/center><\/td>\n<\/tr>\n<\/tbody>\n<\/table>\n<address>&nbsp;<\/address>\n<address>&nbsp;<\/address>\n<address><strong>Po\u0161ta &#8211; pobo\u010dka po\u0161ty: Koj\u0161ov<\/strong><\/address>\n<address><strong>Koj\u0161ov 3<\/strong><\/address>\n<address><strong>055 52 Koj\u0161ov<\/strong><\/address>\n<address><strong>Telef\u00f3n: 053\/488 32 22<\/strong><\/address>\n<address>&nbsp;<\/address>\n<address>\n<table class=\"table table-bordered\">\n<tbody>\n<tr>\n<td>Posledn\u00e1 zmena otv\u00e1rac\u00edch hod\u00edn:<\/td>\n<td>17.12.2018<\/td>\n<\/tr>\n<\/tbody>\n<\/table>\n<\/address>\n<h3 style=\"text-align: center;\">&nbsp;<\/h3>\n<p>&nbsp;<\/p>\n","protected":false},"excerpt":{"rendered":"<p>&nbsp; Otv\u00e1racie hodiny pobo\u010dky po\u0161ty &nbsp; &nbsp; &nbsp; &nbsp; Pondelok 800 &#8211; 0930 1430 &#8211; 1530 Utorok 800 &#8211; 0930 1430 &#8211; 1530 Streda 800 &#8211; 0930 1430 &#8211; 1530 &nbsp; \u0160tvrtok 800 &#8211; 0930 1430 &#8211; 1530 Piatok 800 &#8211; 0930 1430 &#8211; 1530 Sobota &#8211; &#8211; Nede\u013ea &#8211; &#8211; &nbsp; &nbsp; Po\u0161ta &#8211; &hellip; <\/p>\n<p><a class=\"more-link btn\" href=\"https:\/\/www.kojsov.sk\/?page_id=86\">Chcem vedie\u0165 viac<\/a><\/p>\n","protected":false},"author":1,"featured_media":0,"parent":0,"menu_order":0,"comment_status":"closed","ping_status":"closed","template":"","meta":[],"_links":{"self":[{"href":"https:\/\/www.kojsov.sk\/index.php?rest_route=\/wp\/v2\/pages\/86"}],"collection":[{"href":"https:\/\/www.kojsov.sk\/index.php?rest_route=\/wp\/v2\/pages"}],"about":[{"href":"https:\/\/www.kojsov.sk\/index.php?rest_route=\/wp\/v2\/types\/page"}],"author":[{"embeddable":true,"href":"https:\/\/www.kojsov.sk\/index.php?rest_route=\/wp\/v2\/users\/1"}],"replies":[{"embeddable":true,"href":"https:\/\/www.kojsov.sk\/index.php?rest_route=%2Fwp%2Fv2%2Fcomments&post=86"}],"version-history":[{"count":9,"href":"https:\/\/www.kojsov.sk\/index.php?rest_route=\/wp\/v2\/pages\/86\/revisions"}],"predecessor-version":[{"id":7155,"href":"https:\/\/www.kojsov.sk\/index.php?rest_route=\/wp\/v2\/pages\/86\/revisions\/7155"}],"wp:attachment":[{"href":"https:\/\/www.kojsov.sk\/index.php?rest_route=%2Fwp%2Fv2%2Fmedia&parent=86"}],"curies":[{"name":"wp","href":"https:\/\/api.w.org\/{rel}","templated":true}]}}