{"id":8748,"date":"2023-09-08T09:06:10","date_gmt":"2023-09-08T07:06:10","guid":{"rendered":"https:\/\/www.kojsov.sk\/?page_id=8748"},"modified":"2025-02-25T15:34:15","modified_gmt":"2025-02-25T13:34:15","slug":"rocny-vykaz-o-komunalnom-odpade","status":"publish","type":"page","link":"https:\/\/www.kojsov.sk\/?page_id=8748","title":{"rendered":"Ro\u010dn\u00fd v\u00fdkaz o komun\u00e1lnom odpade z obce"},"content":{"rendered":"\n<p><a href=\"https:\/\/www.kojsov.sk\/wp-content\/uploads\/2025\/02\/Rocny-vykaz-o-komunalnom-odpade-z-obce-za-rok-2024.pdf\" class=\"mtli_attachment mtli_pdf\">Ro\u010dn\u00fd v\u00fdkaz o komun\u00e1lnom odpade z obce za rok 2024<\/a><\/p>\n\n\n\n<p><a href=\"https:\/\/www.kojsov.sk\/wp-content\/uploads\/2024\/02\/Rocny-vykaz-o-komunalnom-odpade-z-obce-za-rok-2023.pdf\" class=\"mtli_attachment mtli_pdf\">Ro\u010dn\u00fd v\u00fdkaz o komun\u00e1lnom odpade z obce za rok 2023<\/a><\/p>\n\n\n\n<p><a href=\"https:\/\/www.kojsov.sk\/wp-content\/uploads\/2023\/11\/Rocny-vykaz-o-komunalnom-odpade-z-obce-_-rok-2022.pdf\" class=\"mtli_attachment mtli_pdf\">Ro\u010dn\u00fd v\u00fdkaz o komun\u00e1lnom odpade z obce za rok 2022<\/a><\/p>\n\n\n\n<p><a href=\"https:\/\/www.kojsov.sk\/wp-content\/uploads\/2023\/11\/Rocny-vykaz-o-komunalnom-odpade-z-obce_rok-2021.pdf\" class=\"mtli_attachment mtli_pdf\">Ro\u010dn\u00fd v\u00fdkaz o komun\u00e1lnom odpade z obce za rok 2021<\/a><\/p>\n\n\n\n<p><a href=\"https:\/\/www.kojsov.sk\/wp-content\/uploads\/2023\/11\/Rocny-vykaz-o-komunalnom-odpade-z-obce_rok-2020.pdf\" class=\"mtli_attachment mtli_pdf\">Ro\u010dn\u00fd v\u00fdkaz o komun\u00e1lnom odpade z obce za rok 2020<\/a><\/p>\n\n\n\n<p><a href=\"https:\/\/www.kojsov.sk\/wp-content\/uploads\/2023\/11\/Rocny-vykaz-o-komunalnom-odpade-z-obce_rok-2019.pdf\" class=\"mtli_attachment mtli_pdf\">Ro\u010dn\u00fd v\u00fdkaz o komun\u00e1lnom odpade z obce za rok 2019<\/a><\/p>\n\n\n\n<p><\/p>\n","protected":false},"excerpt":{"rendered":"<p>Ro\u010dn\u00fd v\u00fdkaz o komun\u00e1lnom odpade z obce za rok 2024 Ro\u010dn\u00fd v\u00fdkaz o komun\u00e1lnom odpade z obce za rok 2023 Ro\u010dn\u00fd v\u00fdkaz o komun\u00e1lnom odpade z obce za rok 2022 Ro\u010dn\u00fd v\u00fdkaz o komun\u00e1lnom odpade z obce za rok 2021 Ro\u010dn\u00fd v\u00fdkaz o komun\u00e1lnom odpade z obce za rok 2020 Ro\u010dn\u00fd v\u00fdkaz o komun\u00e1lnom odpade &hellip; <\/p>\n<p><a class=\"more-link btn\" href=\"https:\/\/www.kojsov.sk\/?page_id=8748\">Chcem vedie\u0165 viac<\/a><\/p>\n","protected":false},"author":5,"featured_media":0,"parent":0,"menu_order":0,"comment_status":"closed","ping_status":"closed","template":"","meta":[],"_links":{"self":[{"href":"https:\/\/www.kojsov.sk\/index.php?rest_route=\/wp\/v2\/pages\/8748"}],"collection":[{"href":"https:\/\/www.kojsov.sk\/index.php?rest_route=\/wp\/v2\/pages"}],"about":[{"href":"https:\/\/www.kojsov.sk\/index.php?rest_route=\/wp\/v2\/types\/page"}],"author":[{"embeddable":true,"href":"https:\/\/www.kojsov.sk\/index.php?rest_route=\/wp\/v2\/users\/5"}],"replies":[{"embeddable":true,"href":"https:\/\/www.kojsov.sk\/index.php?rest_route=%2Fwp%2Fv2%2Fcomments&post=8748"}],"version-history":[{"count":5,"href":"https:\/\/www.kojsov.sk\/index.php?rest_route=\/wp\/v2\/pages\/8748\/revisions"}],"predecessor-version":[{"id":9549,"href":"https:\/\/www.kojsov.sk\/index.php?rest_route=\/wp\/v2\/pages\/8748\/revisions\/9549"}],"wp:attachment":[{"href":"https:\/\/www.kojsov.sk\/index.php?rest_route=%2Fwp%2Fv2%2Fmedia&parent=8748"}],"curies":[{"name":"wp","href":"https:\/\/api.w.org\/{rel}","templated":true}]}}