{"id":8828,"date":"2023-11-24T12:18:30","date_gmt":"2023-11-24T10:18:30","guid":{"rendered":"https:\/\/www.kojsov.sk\/?page_id=8828"},"modified":"2024-01-19T13:48:25","modified_gmt":"2024-01-19T11:48:25","slug":"obecna-legislativa","status":"publish","type":"page","link":"https:\/\/www.kojsov.sk\/?page_id=8828","title":{"rendered":"Obecn\u00e1 legislat\u00edva"},"content":{"rendered":"\n<p><strong><span class=\"has-inline-color has-vivid-green-cyan-color\">Z\u00e1sady hospod\u00e1renia s majetkom obce Koj\u0161ov<\/span><\/strong><\/p>\n\n\n\n<p><a href=\"https:\/\/www.kojsov.sk\/wp-content\/uploads\/2024\/01\/Zasady-hospodarenia-s-majetkom-obce-Kojsov.pdf\" class=\"mtli_attachment mtli_pdf\">Z\u00e1sady hospod\u00e1renia s majetkom obce Koj\u0161ov zo d\u0148a 23. 11. 2023<\/a><\/p>\n\n\n\n<p><a href=\"https:\/\/www.kojsov.sk\/wp-content\/uploads\/2024\/01\/Priloha-c.-1-k-Zasadam-hospodarenia-s-majetkom-obce-Kojsov-zo-dna-23.-11.-2023.pdf\" class=\"mtli_attachment mtli_pdf\">Pr\u00edloha \u010d. 1 k Z\u00e1sad\u00e1m hospod\u00e1renia s majetkom obce Koj\u0161ov zo d\u0148a 23. 11. 2023<\/a><\/p>\n\n\n\n<p><span class=\"has-inline-color has-vivid-cyan-blue-color\"><strong>\u0160tat\u00fat obce Koj\u0161ov<\/strong><\/span><\/p>\n\n\n\n<p><a href=\"https:\/\/www.kojsov.sk\/wp-content\/uploads\/2023\/11\/Statut-obce-Kojsov.pdf\" class=\"mtli_attachment mtli_pdf\">\u0160tat\u00fat obce Koj\u0161ov zo d\u0148a 23. 11. 2023 <\/a><\/p>\n\n\n\n<p><a href=\"https:\/\/www.kojsov.sk\/wp-content\/uploads\/2023\/11\/Prilohy-k-Statutu-obce-Kojsov.pdf\" class=\"mtli_attachment mtli_pdf\">Pr\u00edlohy k \u0160tat\u00fatu obce Koj\u0161ov zo d\u0148a 23. 11. 2023<\/a><\/p>\n","protected":false},"excerpt":{"rendered":"<p>Z\u00e1sady hospod\u00e1renia s majetkom obce Koj\u0161ov Z\u00e1sady hospod\u00e1renia s majetkom obce Koj\u0161ov zo d\u0148a 23. 11. 2023 Pr\u00edloha \u010d. 1 k Z\u00e1sad\u00e1m hospod\u00e1renia s majetkom obce Koj\u0161ov zo d\u0148a 23. 11. 2023 \u0160tat\u00fat obce Koj\u0161ov \u0160tat\u00fat obce Koj\u0161ov zo d\u0148a 23. 11. 2023 Pr\u00edlohy k \u0160tat\u00fatu obce Koj\u0161ov zo d\u0148a 23. 11. 2023<\/p>\n","protected":false},"author":5,"featured_media":0,"parent":0,"menu_order":0,"comment_status":"closed","ping_status":"closed","template":"","meta":[],"_links":{"self":[{"href":"https:\/\/www.kojsov.sk\/index.php?rest_route=\/wp\/v2\/pages\/8828"}],"collection":[{"href":"https:\/\/www.kojsov.sk\/index.php?rest_route=\/wp\/v2\/pages"}],"about":[{"href":"https:\/\/www.kojsov.sk\/index.php?rest_route=\/wp\/v2\/types\/page"}],"author":[{"embeddable":true,"href":"https:\/\/www.kojsov.sk\/index.php?rest_route=\/wp\/v2\/users\/5"}],"replies":[{"embeddable":true,"href":"https:\/\/www.kojsov.sk\/index.php?rest_route=%2Fwp%2Fv2%2Fcomments&post=8828"}],"version-history":[{"count":3,"href":"https:\/\/www.kojsov.sk\/index.php?rest_route=\/wp\/v2\/pages\/8828\/revisions"}],"predecessor-version":[{"id":8972,"href":"https:\/\/www.kojsov.sk\/index.php?rest_route=\/wp\/v2\/pages\/8828\/revisions\/8972"}],"wp:attachment":[{"href":"https:\/\/www.kojsov.sk\/index.php?rest_route=%2Fwp%2Fv2%2Fmedia&parent=8828"}],"curies":[{"name":"wp","href":"https:\/\/api.w.org\/{rel}","templated":true}]}}