{"id":95,"date":"2013-04-27T22:07:39","date_gmt":"2013-04-27T20:07:39","guid":{"rendered":"http:\/\/www.new.kojsov.sk\/?page_id=95"},"modified":"2013-09-14T18:15:37","modified_gmt":"2013-09-14T16:15:37","slug":"kojsovska-hola","status":"publish","type":"page","link":"https:\/\/www.kojsov.sk\/?page_id=95","title":{"rendered":"Koj\u0161ovsk\u00e1 ho\u013ea"},"content":{"rendered":"<p><span style=\"font-size: 14px;\">Koj\u0161ovsk\u00e1 ho\u013ea je horsk\u00fd podcelok vo v\u00fdchodnej \u010dasti Volovsk\u00fdch vrchov (s\u00fa\u010das\u0165 Slovensk\u00e9ho rudohoria).<\/span><\/p>\n<p><span style=\"font-size: 14px;\">Na severe ho ohrani\u010duj\u00fa Hnileck\u00e9 vrchy, na severov\u00fdchode a v\u00fdchode \u010cierna hora, na juhu Ko\u0161ick\u00e1 kotlina a Holi\u010dka, na juhoz\u00e1pade Pipitka, na z\u00e1pade Zlat\u00fd st\u00f4l. Koj\u0161ovsk\u00e1 ho\u013ea vytv\u00e1ra od \u0160k\u00f3tskeho sedla na z\u00e1pade smerom na severov\u00fdchod klenbu s hladk\u00fdm h\u00f4\u013enym reli\u00e9fom, ktor\u00e1 k v\u00fdchodu n\u00e1hle kles\u00e1 chrbtom do prie\u010dnej prelia\u010diny cez sedlo Jahodn\u00e1. \u00dazemie kles\u00e1 \u010crme\u013eskou dolinou ku Ko\u0161iciam. Ho\u013eu buduj\u00fa kambrosil\u00farske \u00fatvary gelnickej s\u00e9rie (fylit s polohami pieskovcov a kremencov, porfyroidy), vo v\u00fdchodnej \u010dasti gabrodiority a diabasy rakovskej s\u00e9rie, na SV aj triasov\u00e9 karbonatick\u00e9 horniny, hlavne v\u00e1pence. Amplit\u00fada reli\u00e9fu ma rozp\u00e4tie 311-640m, vrchol\u00ed v Koj\u0161ovskej holi 1246m.n.m. Podcelok patr\u00ed k typu podh\u00f4\u013enych vyso\u010d\u00edn, preto\u017ee vystupuje nad 1100m.n.m. M\u00e1 mas\u00edvny, hladko modelovan\u00fd reli\u00e9f. V\u00fdchodn\u00e9 okraje s\u00fa ni\u017e\u0161ie a maj\u00fa r\u00e1z vrchoviny a\u017e pahorkatiny (H\u00e1morsk\u00e1 br\u00e1zda). S v\u00fdnimkou nieko\u013ek\u00fdch enkl\u00e1v tr\u00e1vnat\u00fdch pl\u00f4ch a or\u00e1\u010din je podcelok zalesnen\u00fd.<\/span><\/p>\n<p><span style=\"font-size: 14px;\">M\u00e1 4 vidiecke s\u00fastreden\u00e9 s\u00eddla so starou banskou a h\u00e1morskou trad\u00edciou (Zlat\u00e1 Idka, Op\u00e1tka, Ko\u0161ick\u00e1 Bel\u00e1, Koj\u0161ov). Na severn\u00fdch svahoch pohoria vyviera Koj\u0161ovsk\u00fd potok (aj Rieka). Te\u010die cez Koj\u0161ov, Ve\u013ek\u00fd Folkmar a v Jaklovciach sa vlieva do Hnilca. Vytv\u00e1ra dlh\u00fa, krajink\u00e1rsky pekn\u00fa dolinu, najm\u00e4 nad Koj\u0161ovom.<\/span><\/p>\n<p><span style=\"font-size: 14px;\">Z vrcholu Koj\u0161ovskej hole je fantastick\u00fd v\u00fdh\u013ead na \u0161irok\u00e9 okolie. Pri dobrej doh\u013eadnosti je vidie\u0165 Vysok\u00e9 Tatry, \u010das\u0165 \u00fazemia Ma\u010farska i Ukrajiny. Ako na dlani sa rozkladaj\u00fa okolit\u00e9 obce a mest\u00e1, napr. \u010das\u0165 Ko\u0161\u00edc a Pre\u0161ova, Margecany, Prakovce, Moldava nad Bodvou atd.<\/span><\/p>\n<p><span style=\"font-size: 14px;\">Neodmyslite\u013enou s\u00fa\u010das\u0165ou Koj\u0161ovskej hole sa od roku 1988 stalo Meteorologick\u00e9 radioloka\u010dn\u00e9 observat\u00f3rium postaven\u00e9 v tesnom susedstve k\u00f3ty ozna\u010duj\u00facej vrchol Koj\u0161ovskej hole.<\/span><\/p>\n<p><span style=\"font-size: 14px;\">Ly\u017eiarske stredisko SKI PARK Koj\u0161ovsk\u00e1 ho\u013ea, nach\u00e1dzaj\u00face sa v Slovenskom Rudohor\u00ed, v\u010faka \u010dlenitosti ter\u00e9nu, nadmorskej v\u00fd\u0161ke a v\u00fdborn\u00fdm snehov\u00fdm pomerom je vyh\u013ead\u00e1van\u00fdm strediskom tak v zimnom obdob\u00ed \u2013 ly\u017eovanie, snowboarding ako aj v lete \u2013 turistika. K turisticky atrakt\u00edvnym tras\u00e1m patr\u00ed prechod na Predn\u00fa holicu ku chate Lajo\u0161ke a ku chate Jahodn\u00e1.<\/span><\/p>\n<p><span style=\"font-size: 14px;\">K dispoz\u00edcii s\u00fa be\u017eeck\u00e9 trate (2 a 5 km) a na svoje si pr\u00eddu najm\u00e4 zjazdov\u00ed ly\u017eiari, pre ktor\u00fdch s\u00fa pripraven\u00e9 zjazdovky v r\u00f4znych stup\u0148och obtia\u017enosti. Pr\u00ednosom pre toto ob\u013e\u00faben\u00e9 ly\u017eiarske stredisko je zlep\u0161enie doplnkov\u00fdch slu\u017eieb (ubytovanie, stravovanie, skiservis a ly\u017eiarska \u0161kola).<\/span><\/p>\n<p>&nbsp;<\/p>\n<p style=\"text-align: right;\"><span style=\"font-size: 8px;\">zdroj: internet<\/span><\/p>\n","protected":false},"excerpt":{"rendered":"<p>Koj\u0161ovsk\u00e1 ho\u013ea je horsk\u00fd podcelok vo v\u00fdchodnej \u010dasti Volovsk\u00fdch vrchov (s\u00fa\u010das\u0165 Slovensk\u00e9ho rudohoria). Na severe ho ohrani\u010duj\u00fa Hnileck\u00e9 vrchy, na severov\u00fdchode a v\u00fdchode \u010cierna hora, na juhu Ko\u0161ick\u00e1 kotlina a Holi\u010dka, na juhoz\u00e1pade Pipitka, na z\u00e1pade Zlat\u00fd st\u00f4l. Koj\u0161ovsk\u00e1 ho\u013ea vytv\u00e1ra od \u0160k\u00f3tskeho sedla na z\u00e1pade smerom na severov\u00fdchod klenbu s hladk\u00fdm h\u00f4\u013enym reli\u00e9fom, ktor\u00e1 &hellip; <\/p>\n<p><a class=\"more-link btn\" href=\"https:\/\/www.kojsov.sk\/?page_id=95\">Chcem vedie\u0165 viac<\/a><\/p>\n","protected":false},"author":1,"featured_media":0,"parent":0,"menu_order":0,"comment_status":"closed","ping_status":"closed","template":"","meta":[],"_links":{"self":[{"href":"https:\/\/www.kojsov.sk\/index.php?rest_route=\/wp\/v2\/pages\/95"}],"collection":[{"href":"https:\/\/www.kojsov.sk\/index.php?rest_route=\/wp\/v2\/pages"}],"about":[{"href":"https:\/\/www.kojsov.sk\/index.php?rest_route=\/wp\/v2\/types\/page"}],"author":[{"embeddable":true,"href":"https:\/\/www.kojsov.sk\/index.php?rest_route=\/wp\/v2\/users\/1"}],"replies":[{"embeddable":true,"href":"https:\/\/www.kojsov.sk\/index.php?rest_route=%2Fwp%2Fv2%2Fcomments&post=95"}],"version-history":[{"count":5,"href":"https:\/\/www.kojsov.sk\/index.php?rest_route=\/wp\/v2\/pages\/95\/revisions"}],"predecessor-version":[{"id":9447,"href":"https:\/\/www.kojsov.sk\/index.php?rest_route=\/wp\/v2\/pages\/95\/revisions\/9447"}],"wp:attachment":[{"href":"https:\/\/www.kojsov.sk\/index.php?rest_route=%2Fwp%2Fv2%2Fmedia&parent=95"}],"curies":[{"name":"wp","href":"https:\/\/api.w.org\/{rel}","templated":true}]}}