{"id":6310,"date":"2019-02-03T16:01:45","date_gmt":"2019-02-03T15:01:45","guid":{"rendered":"http:\/\/www.kojsov.sk\/?page_id=6310"},"modified":"2026-03-23T13:35:57","modified_gmt":"2026-03-23T11:35:57","slug":"financie","status":"publish","type":"page","link":"https:\/\/www.kojsov.sk\/?page_id=6310","title":{"rendered":"Financie"},"content":{"rendered":"\n<p><a href=\"https:\/\/www.kojsov.sk\/wp-content\/uploads\/2026\/03\/Zaverecny-ucet-obce-Kojsov-za-rok-2025-schvaleny.pdf\" class=\"mtli_attachment mtli_pdf\"> Z\u00e1vere\u010dn\u00fd \u00fa\u010det obce Koj\u0161ov za r. 2025<\/a><\/p>\n\n\n\n<p><a href=\"https:\/\/www.kojsov.sk\/wp-content\/uploads\/2025\/06\/Vyrocna-sprava-2024158.pdf\" class=\"mtli_attachment mtli_pdf\">V\u00fdro\u010dn\u00e1 spr\u00e1va obce Koj\u0161ov za r. 2024<\/a><\/p>\n\n\n\n<p><a href=\"https:\/\/www.kojsov.sk\/wp-content\/uploads\/2025\/04\/Zaverecny-ucet-obce-Kojsov-za-r.-2024.pdf\" class=\"mtli_attachment mtli_pdf\">Z\u00e1vere\u010dn\u00fd \u00fa\u010det obce Koj\u0161ov za r. 2024<\/a><\/p>\n\n\n\n<p><a href=\"https:\/\/www.kojsov.sk\/wp-content\/uploads\/2024\/09\/Vyrocna-sprava-obce-KOJSOV-za-r.2023-upravena.pdf\" class=\"mtli_attachment mtli_pdf\">V\u00fdro\u010dn\u00e1 spr\u00e1va obce Koj\u0161ov za r. 2023<\/a><\/p>\n\n\n\n<p><a href=\"https:\/\/www.kojsov.sk\/wp-content\/uploads\/2024\/07\/Zaverecny-ucet-obce-Kojsov-za-rok-2023.pdf\" class=\"mtli_attachment mtli_pdf\">Z\u00e1vere\u010dn\u00fd \u00fa\u010det obce Koj\u0161ov za r. 2023<\/a> <\/p>\n\n\n\n<p><a href=\"https:\/\/www.kojsov.sk\/wp-content\/uploads\/2023\/12\/Vyrocna-sprava-obce-Kojsov-za-r.-2022.pdf\" class=\"mtli_attachment mtli_pdf\">V\u00fdro\u010dn\u00e1 spr\u00e1va obce Koj\u0161ov za r. 2022<\/a><\/p>\n\n\n\n<p><a href=\"https:\/\/www.kojsov.sk\/wp-content\/uploads\/2023\/06\/Zaverecny-ucet-obce-Kojsov-2022-schvaleny.pdf\" class=\"mtli_attachment mtli_pdf\">Z\u00e1vere\u010dn\u00fd \u00fa\u010det obce Koj\u0161ov za r. 2022<\/a><\/p>\n\n\n\n<p><a href=\"https:\/\/www.kojsov.sk\/wp-content\/uploads\/2022\/11\/Vyrocna-sprava-Obce-Kojsov-za-rok-2021.pdf\" class=\"mtli_attachment mtli_pdf\">V\u00fdro\u010dn\u00e1 spr\u00e1va obce Koj\u0161ov za r .2021<\/a><\/p>\n\n\n\n<p><a href=\"https:\/\/www.kojsov.sk\/wp-content\/uploads\/2022\/07\/Zaverecny-ucet-obce-Kojsov-za-r.-2021.pdf\" class=\"mtli_attachment mtli_pdf\">Z\u00e1vere\u010dn\u00fd \u00fa\u010det obce Koj\u0161ov za r. 2021<\/a><\/p>\n\n\n\n<p><a href=\"https:\/\/www.kojsov.sk\/wp-content\/uploads\/2022\/05\/vyrocna-sprava-2020.pdf\" class=\"mtli_attachment mtli_pdf\">V\u00fdro\u010dn\u00e1 spr\u00e1va obce Koj\u0161ov za r. 2020<\/a><\/p>\n\n\n\n<div class=\"wp-block-file\"><a href=\"https:\/\/www.kojsov.sk\/wp-content\/uploads\/2021\/07\/zaverecny_ucet_obce_2020.pdf\" class=\"mtli_attachment mtli_pdf\" target=\"_blank\" rel=\"noreferrer noopener\">Z\u00e1vere\u010dn\u00fd \u00fa\u010det obce Koj\u0161ov za r. 2020<\/a><\/div>\n\n\n\n<p><a href=\"https:\/\/www.kojsov.sk\/wp-content\/uploads\/2022\/05\/Vyrocna-sprava-2019.pdf\" class=\"mtli_attachment mtli_pdf\">V\u00fdro\u010dn\u00e1 spr\u00e1va obce Koj\u0161ov za r. 2019<\/a><\/p>\n\n\n\n<div class=\"wp-block-file\"><a href=\"https:\/\/www.kojsov.sk\/wp-content\/uploads\/2020\/07\/zaverecny_ucet_obce_2019.pdf\" class=\"mtli_attachment mtli_pdf\" target=\"_blank\" rel=\"noreferrer noopener\">Z\u00e1vere\u010dn\u00fd \u00fa\u010det obce Koj\u0161ov za r. 2019<\/a><\/div>\n\n\n\n<div class=\"wp-block-file\"><a href=\"https:\/\/www.kojsov.sk\/wp-content\/uploads\/2019\/08\/vyrocna_sprava_obce_2018.pdf\" class=\"mtli_attachment mtli_pdf\" target=\"_blank\" rel=\"noreferrer noopener\">V\u00fdro\u010dn\u00e1 spr\u00e1va obce Koj\u0161ov za r. 2018<\/a><\/div>\n\n\n\n<div class=\"wp-block-file\"><a href=\"https:\/\/www.kojsov.sk\/wp-content\/uploads\/2019\/07\/zaverecny_ucet_obce_2018.pdf\" class=\"mtli_attachment mtli_pdf\" target=\"_blank\" rel=\"noreferrer noopener\">Z\u00e1vere\u010dn\u00fd \u00fa\u010det obce Koj\u0161ov za r. 2018<\/a><\/div>\n\n\n\n<div class=\"wp-block-file\"><a href=\"https:\/\/www.kojsov.sk\/wp-content\/uploads\/2019\/02\/vyrocna_sprava_obce_2017.pdf\" class=\"mtli_attachment mtli_pdf\" target=\"_blank\" rel=\"noreferrer noopener\">V\u00fdro\u010dn\u00e1 spr\u00e1va obce Koj\u0161ov za r.2017<\/a><\/div>\n\n\n\n<div class=\"wp-block-file\"><a href=\"https:\/\/www.kojsov.sk\/wp-content\/uploads\/2019\/02\/zaverecny_ucet_obce_2017.pdf\" class=\"mtli_attachment mtli_pdf\" target=\"_blank\" rel=\"noreferrer noopener\">Z\u00e1vere\u010dn\u00fd \u00fa\u010det obce Koj\u0161ov za r. 2017<\/a><\/div>\n\n\n\n<div class=\"wp-block-file\"><a href=\"https:\/\/www.kojsov.sk\/wp-content\/uploads\/2019\/02\/vyrocna_sprava_obce_2016.pdf\" class=\"mtli_attachment mtli_pdf\" target=\"_blank\" rel=\"noreferrer noopener\">V\u00fdro\u010dn\u00e1 spr\u00e1va obce Koj\u0161ov za r.2016<\/a><\/div>\n\n\n\n<div class=\"wp-block-file\"><a href=\"https:\/\/www.kojsov.sk\/wp-content\/uploads\/2019\/02\/zaverecny_ucet_obce_2016.pdf\" class=\"mtli_attachment mtli_pdf\" target=\"_blank\" rel=\"noreferrer noopener\">Z\u00e1vere\u010dn\u00fd \u00fa\u010det obce Koj\u0161ov za r. 2016<\/a><\/div>\n\n\n\n<div class=\"wp-block-file\"><a href=\"https:\/\/www.kojsov.sk\/wp-content\/uploads\/2019\/02\/vyrocna_sprava_obce_2015.pdf\" class=\"mtli_attachment mtli_pdf\" target=\"_blank\" rel=\"noreferrer noopener\">V\u00fdro\u010dn\u00e1 spr\u00e1va obce Koj\u0161ov za r.2015<\/a><\/div>\n\n\n\n<div class=\"wp-block-file\"><a href=\"https:\/\/www.kojsov.sk\/wp-content\/uploads\/2019\/02\/zaverecny_ucet_obce_2015.pdf\" class=\"mtli_attachment mtli_pdf\" target=\"_blank\" rel=\"noreferrer noopener\">Z\u00e1vere\u010dn\u00fd \u00fa\u010det obce Koj\u0161ov za r. 2015<\/a><\/div>\n","protected":false},"excerpt":{"rendered":"<p>Z\u00e1vere\u010dn\u00fd \u00fa\u010det obce Koj\u0161ov za r. 2025 V\u00fdro\u010dn\u00e1 spr\u00e1va obce Koj\u0161ov za r. 2024 Z\u00e1vere\u010dn\u00fd \u00fa\u010det obce Koj\u0161ov za r. 2024 V\u00fdro\u010dn\u00e1 spr\u00e1va obce Koj\u0161ov za r. 2023 Z\u00e1vere\u010dn\u00fd \u00fa\u010det obce Koj\u0161ov za r. 2023 V\u00fdro\u010dn\u00e1 spr\u00e1va obce Koj\u0161ov za r. 2022 Z\u00e1vere\u010dn\u00fd \u00fa\u010det obce Koj\u0161ov za r. 2022 V\u00fdro\u010dn\u00e1 spr\u00e1va obce Koj\u0161ov za r &hellip; <\/p>\n<p><a class=\"more-link btn\" href=\"https:\/\/www.kojsov.sk\/?page_id=6310\">Chcem vedie\u0165 viac<\/a><\/p>\n","protected":false},"author":1,"featured_media":0,"parent":0,"menu_order":0,"comment_status":"closed","ping_status":"closed","template":"","meta":[],"_links":{"self":[{"href":"https:\/\/www.kojsov.sk\/index.php?rest_route=\/wp\/v2\/pages\/6310"}],"collection":[{"href":"https:\/\/www.kojsov.sk\/index.php?rest_route=\/wp\/v2\/pages"}],"about":[{"href":"https:\/\/www.kojsov.sk\/index.php?rest_route=\/wp\/v2\/types\/page"}],"author":[{"embeddable":true,"href":"https:\/\/www.kojsov.sk\/index.php?rest_route=\/wp\/v2\/users\/1"}],"replies":[{"embeddable":true,"href":"https:\/\/www.kojsov.sk\/index.php?rest_route=%2Fwp%2Fv2%2Fcomments&post=6310"}],"version-history":[{"count":10,"href":"https:\/\/www.kojsov.sk\/index.php?rest_route=\/wp\/v2\/pages\/6310\/revisions"}],"predecessor-version":[{"id":9953,"href":"https:\/\/www.kojsov.sk\/index.php?rest_route=\/wp\/v2\/pages\/6310\/revisions\/9953"}],"wp:attachment":[{"href":"https:\/\/www.kojsov.sk\/index.php?rest_route=%2Fwp%2Fv2%2Fmedia&parent=6310"}],"curies":[{"name":"wp","href":"https:\/\/api.w.org\/{rel}","templated":true}]}}