{"id":6786,"date":"2020-05-31T16:26:14","date_gmt":"2020-05-31T15:26:14","guid":{"rendered":"http:\/\/www.kojsov.sk\/?page_id=6786"},"modified":"2025-03-10T13:49:41","modified_gmt":"2025-03-10T11:49:41","slug":"zberna-dvor-obce-kojsov","status":"publish","type":"page","link":"https:\/\/www.kojsov.sk\/?page_id=6786","title":{"rendered":"Zbern\u00fd dvor obce Koj\u0161ov"},"content":{"rendered":"\n<h4><span style=\"text-decoration: underline;\">Prev\u00e1dzkov\u00fd poriadok<\/span><\/h4>\n\n\n\n<div class=\"wp-block-file\"><a href=\"https:\/\/www.kojsov.sk\/wp-content\/uploads\/2020\/05\/pp_zberny_dvor.pdf\" class=\"mtli_attachment mtli_pdf\">Prev\u00e1dzkov\u00fd poriadok zariadenia na zber vytrieden\u00e9ho odpadu \u201eZbern\u00fd dvor Koj\u0161ov\u201c<\/a><\/div>\n\n\n\n<h4><span style=\"text-decoration: underline;\">Prev\u00e1dzkov\u00e1 doba<\/span><\/h4>\n\n\n\n<p>Zbern\u00fd dvor sa prev\u00e1dzkuje pre pr\u00edjem surov\u00edn od ob\u010danov v zmysle prev\u00e1dzkov\u00e9ho poriadku, a to:      <\/p>\n\n\n\n<p class=\"has-text-align-center\"><strong>STREDA<\/strong> v \u010dase<strong> od 9:00 do 12:00<\/strong> <strong>hod.<\/strong><\/p>\n\n\n\n<p class=\"has-text-align-center\"> <strong>SOBOTA<\/strong> v \u010dase<strong> od 9:00 do 12:00<\/strong> <strong>hod.<\/strong>.<\/p>\n\n\n\n<p>Zbern\u00fd dvor je v mesiacoch november, december, janu\u00e1r a febru\u00e1r zatvoren\u00fd.<\/p>\n\n\n\n<p><\/p>\n","protected":false},"excerpt":{"rendered":"<p>Prev\u00e1dzkov\u00fd poriadok Prev\u00e1dzkov\u00e1 doba Zbern\u00fd dvor sa prev\u00e1dzkuje pre pr\u00edjem surov\u00edn od ob\u010danov v zmysle prev\u00e1dzkov\u00e9ho poriadku, a to: STREDA v \u010dase od 9:00 do 12:00 hod. SOBOTA v \u010dase od 9:00 do 12:00 hod.. Zbern\u00fd dvor je v mesiacoch november, december, janu\u00e1r a febru\u00e1r zatvoren\u00fd.<\/p>\n","protected":false},"author":1,"featured_media":0,"parent":0,"menu_order":0,"comment_status":"closed","ping_status":"closed","template":"","meta":[],"_links":{"self":[{"href":"https:\/\/www.kojsov.sk\/index.php?rest_route=\/wp\/v2\/pages\/6786"}],"collection":[{"href":"https:\/\/www.kojsov.sk\/index.php?rest_route=\/wp\/v2\/pages"}],"about":[{"href":"https:\/\/www.kojsov.sk\/index.php?rest_route=\/wp\/v2\/types\/page"}],"author":[{"embeddable":true,"href":"https:\/\/www.kojsov.sk\/index.php?rest_route=\/wp\/v2\/users\/1"}],"replies":[{"embeddable":true,"href":"https:\/\/www.kojsov.sk\/index.php?rest_route=%2Fwp%2Fv2%2Fcomments&post=6786"}],"version-history":[{"count":7,"href":"https:\/\/www.kojsov.sk\/index.php?rest_route=\/wp\/v2\/pages\/6786\/revisions"}],"predecessor-version":[{"id":9575,"href":"https:\/\/www.kojsov.sk\/index.php?rest_route=\/wp\/v2\/pages\/6786\/revisions\/9575"}],"wp:attachment":[{"href":"https:\/\/www.kojsov.sk\/index.php?rest_route=%2Fwp%2Fv2%2Fmedia&parent=6786"}],"curies":[{"name":"wp","href":"https:\/\/api.w.org\/{rel}","templated":true}]}}