{"id":8040,"date":"2022-11-09T13:53:08","date_gmt":"2022-11-09T12:53:08","guid":{"rendered":"https:\/\/www.kojsov.sk\/?page_id=8040"},"modified":"2023-01-23T13:20:30","modified_gmt":"2023-01-23T12:20:30","slug":"referendum-2","status":"publish","type":"page","link":"https:\/\/www.kojsov.sk\/?page_id=8040","title":{"rendered":"2023 &#8211; Referendum"},"content":{"rendered":"\n<p><a href=\"https:\/\/www.kojsov.sk\/wp-content\/uploads\/2022\/11\/rozhodnutie-o-vyhlaseni-referenda.pdf\" class=\"mtli_attachment mtli_pdf\">Rozhodnutie prezidentky Slovenskej republiky o vyhl\u00e1sen\u00ed referenda<\/a><\/p>\n\n\n\n<p><a href=\"https:\/\/www.kojsov.sk\/wp-content\/uploads\/2022\/11\/Informacie-pre-volica.pdf\" class=\"mtli_attachment mtli_pdf\">Inform\u00e1cia o podmienkach  pr\u00e1va hlasova\u0165 v referende<\/a><\/p>\n\n\n\n<p><a href=\"https:\/\/www.kojsov.sk\/wp-content\/uploads\/2022\/11\/utvorenie-volebneho-okrsku-a-utvorenie-volebnej-miestnsoti.pdf\" class=\"mtli_attachment mtli_pdf\">Utvorenie volebn\u00e9ho okrsku a ur\u010denie volebnej miestnosti<\/a><\/p>\n\n\n\n<p><a href=\"https:\/\/www.kojsov.sk\/wp-content\/uploads\/2022\/11\/Oznamenie-ziadost-o-volbu-postou.pdf\" class=\"mtli_attachment mtli_pdf\">Ozn\u00e1menie &#8211; \u017eiados\u0165 o vo\u013ebu po\u0161tou<\/a><\/p>\n\n\n\n<p>\u017diados\u0165 o vo\u013ebu po\u0161tou mus\u00ed by\u0165 doru\u010den\u00e1 najnesk\u00f4r do 02.12.2022. <\/p>\n\n\n\n<p> Vzor \u017eiadosti: <a href=\"https:\/\/www.kojsov.sk\/wp-content\/uploads\/2022\/11\/Oznamenie-ziadost-o-volbu-postou-4.pdf\" class=\"mtli_attachment mtli_pdf\"> \u017diados\u0165 o vo\u013ebu po\u0161tou<\/a><\/p>\n\n\n\n<p><a href=\"https:\/\/www.kojsov.sk\/wp-content\/uploads\/2022\/11\/Vymenovanie-zapisovatela.pdf\" class=\"mtli_attachment mtli_pdf\">Vymenovanie zapisovate\u013ea<\/a><\/p>\n\n\n\n<p><a href=\"https:\/\/www.kojsov.sk\/wp-content\/uploads\/2022\/11\/Oznamenie-delegovanie-clena-a-nahradnika-komisie.pdf\" class=\"mtli_attachment mtli_pdf\">Ozn\u00e1menie &#8211; delegovanie \u010dlena a n\u00e1hradn\u00edka<\/a><\/p>\n\n\n\n<p><a href=\"https:\/\/www.kojsov.sk\/wp-content\/uploads\/2022\/12\/Hlasovaci-preukaz_adresa.pdf\" class=\"mtli_attachment mtli_pdf\">\u017diados\u0165 o vydanie hlasovacieho preukazu <\/a><\/p>\n\n\n\n<p><a href=\"https:\/\/www.kojsov.sk\/wp-content\/uploads\/2023\/01\/Ziadost-o-specialny-sposob-hlasovania.pdf\" class=\"mtli_attachment mtli_pdf\">\u017diados\u0165 o \u0161peci\u00e1lny sp\u00f4sob hlasovania<\/a><br><\/p>\n\n\n\n<p><a href=\"https:\/\/www.kojsov.sk\/wp-content\/uploads\/2023\/01\/Vysledky-referenda.pdf\" class=\"mtli_attachment mtli_pdf\">Referendum 2023 &#8211; v\u00fdsledky<\/a><\/p>\n","protected":false},"excerpt":{"rendered":"<p>Rozhodnutie prezidentky Slovenskej republiky o vyhl\u00e1sen\u00ed referenda Inform\u00e1cia o podmienkach pr\u00e1va hlasova\u0165 v referende Utvorenie volebn\u00e9ho okrsku a ur\u010denie volebnej miestnosti Ozn\u00e1menie &#8211; \u017eiados\u0165 o vo\u013ebu po\u0161tou \u017diados\u0165 o vo\u013ebu po\u0161tou mus\u00ed by\u0165 doru\u010den\u00e1 najnesk\u00f4r do 02.12.2022. Vzor \u017eiadosti: \u017diados\u0165 o vo\u013ebu po\u0161tou Vymenovanie zapisovate\u013ea Ozn\u00e1menie &#8211; delegovanie \u010dlena a n\u00e1hradn\u00edka \u017diados\u0165 o vydanie hlasovacieho &hellip; <\/p>\n<p><a class=\"more-link btn\" href=\"https:\/\/www.kojsov.sk\/?page_id=8040\">Chcem vedie\u0165 viac<\/a><\/p>\n","protected":false},"author":5,"featured_media":0,"parent":0,"menu_order":0,"comment_status":"closed","ping_status":"closed","template":"","meta":[],"_links":{"self":[{"href":"https:\/\/www.kojsov.sk\/index.php?rest_route=\/wp\/v2\/pages\/8040"}],"collection":[{"href":"https:\/\/www.kojsov.sk\/index.php?rest_route=\/wp\/v2\/pages"}],"about":[{"href":"https:\/\/www.kojsov.sk\/index.php?rest_route=\/wp\/v2\/types\/page"}],"author":[{"embeddable":true,"href":"https:\/\/www.kojsov.sk\/index.php?rest_route=\/wp\/v2\/users\/5"}],"replies":[{"embeddable":true,"href":"https:\/\/www.kojsov.sk\/index.php?rest_route=%2Fwp%2Fv2%2Fcomments&post=8040"}],"version-history":[{"count":9,"href":"https:\/\/www.kojsov.sk\/index.php?rest_route=\/wp\/v2\/pages\/8040\/revisions"}],"predecessor-version":[{"id":8281,"href":"https:\/\/www.kojsov.sk\/index.php?rest_route=\/wp\/v2\/pages\/8040\/revisions\/8281"}],"wp:attachment":[{"href":"https:\/\/www.kojsov.sk\/index.php?rest_route=%2Fwp%2Fv2%2Fmedia&parent=8040"}],"curies":[{"name":"wp","href":"https:\/\/api.w.org\/{rel}","templated":true}]}}