{"id":9392,"date":"2024-10-29T12:08:01","date_gmt":"2024-10-29T10:08:01","guid":{"rendered":"https:\/\/www.kojsov.sk\/?page_id=9392"},"modified":"2024-10-29T12:10:36","modified_gmt":"2024-10-29T10:10:36","slug":"cintorin","status":"publish","type":"page","link":"https:\/\/www.kojsov.sk\/?page_id=9392","title":{"rendered":"Cintor\u00edn"},"content":{"rendered":"\n<p>V\u00e1\u017een\u00ed ob\u010dania, na tomto linku si viete pozrie\u0165&nbsp;<a href=\"https:\/\/www.slovenskecintoriny.sk\/kojsov\">virtu\u00e1lny cintor\u00edn Obce Koj\u0161ov<\/a>.<\/p>\n\n\n\n<div class=\"wp-block-image is-style-rounded\"><figure class=\"aligncenter size-large is-resized\"><a href=\"https:\/\/www.kojsov.sk\/wp-content\/uploads\/2024\/10\/01047-Id03575.jpg\" data-rel=\"lightbox-image-0\" data-rl_title=\"\" data-rl_caption=\"\" title=\"\"><img loading=\"lazy\" src=\"https:\/\/www.kojsov.sk\/wp-content\/uploads\/2024\/10\/01047-Id03575-768x1024.jpg\" alt=\"\" class=\"wp-image-9383\" width=\"576\" height=\"768\" srcset=\"https:\/\/www.kojsov.sk\/wp-content\/uploads\/2024\/10\/01047-Id03575-768x1024.jpg 768w, https:\/\/www.kojsov.sk\/wp-content\/uploads\/2024\/10\/01047-Id03575-225x300.jpg 225w, https:\/\/www.kojsov.sk\/wp-content\/uploads\/2024\/10\/01047-Id03575-750x1000.jpg 750w, https:\/\/www.kojsov.sk\/wp-content\/uploads\/2024\/10\/01047-Id03575.jpg 960w\" sizes=\"(max-width: 576px) 100vw, 576px\" \/><\/a><\/figure><\/div>\n","protected":false},"excerpt":{"rendered":"<p>V\u00e1\u017een\u00ed ob\u010dania, na tomto linku si viete pozrie\u0165&nbsp;virtu\u00e1lny cintor\u00edn Obce Koj\u0161ov.<\/p>\n","protected":false},"author":1,"featured_media":0,"parent":0,"menu_order":0,"comment_status":"closed","ping_status":"closed","template":"","meta":[],"_links":{"self":[{"href":"https:\/\/www.kojsov.sk\/index.php?rest_route=\/wp\/v2\/pages\/9392"}],"collection":[{"href":"https:\/\/www.kojsov.sk\/index.php?rest_route=\/wp\/v2\/pages"}],"about":[{"href":"https:\/\/www.kojsov.sk\/index.php?rest_route=\/wp\/v2\/types\/page"}],"author":[{"embeddable":true,"href":"https:\/\/www.kojsov.sk\/index.php?rest_route=\/wp\/v2\/users\/1"}],"replies":[{"embeddable":true,"href":"https:\/\/www.kojsov.sk\/index.php?rest_route=%2Fwp%2Fv2%2Fcomments&post=9392"}],"version-history":[{"count":3,"href":"https:\/\/www.kojsov.sk\/index.php?rest_route=\/wp\/v2\/pages\/9392\/revisions"}],"predecessor-version":[{"id":9396,"href":"https:\/\/www.kojsov.sk\/index.php?rest_route=\/wp\/v2\/pages\/9392\/revisions\/9396"}],"wp:attachment":[{"href":"https:\/\/www.kojsov.sk\/index.php?rest_route=%2Fwp%2Fv2%2Fmedia&parent=9392"}],"curies":[{"name":"wp","href":"https:\/\/api.w.org\/{rel}","templated":true}]}}